{"id":432,"date":"2024-05-07T10:33:16","date_gmt":"2024-05-07T07:33:16","guid":{"rendered":"https:\/\/ruyaenstitusu.com\/?page_id=432"},"modified":"2024-05-07T10:33:16","modified_gmt":"2024-05-07T07:33:16","slug":"bireysel-seanslar","status":"publish","type":"page","link":"https:\/\/ruyaenstitusu.com\/?page_id=432","title":{"rendered":"Bireysel Seanslar"},"content":{"rendered":"\n<p>Bireysel r\u00fcya analiz seans\u0131 almak i\u00e7in ileti\u015fime ge\u00e7ebilirsiniz. Kabuslar ve  tekrarlayan r\u00fcyalar ba\u015fta olmak \u00fczere r\u00fcyalar\u0131n\u0131zla ilgili her konuda dan\u0131\u015fmanl\u0131k ve terapi alabilirsiniz.<\/p>\n\n\n\n<p>\u0130leti\u015fim i\u00e7in <strong>enstituruya@gmail.com <\/strong><\/p>\n","protected":false},"excerpt":{"rendered":"<p>Bireysel r\u00fcya analiz seans\u0131 almak i\u00e7in ileti\u015fime ge\u00e7ebilirsiniz. Kabuslar ve tekrarlayan r\u00fcyalar ba\u015fta olmak \u00fczere r\u00fcyalar\u0131n\u0131zla ilgili her konuda dan\u0131\u015fmanl\u0131k ve terapi alabilirsiniz. \u0130leti\u015fim i\u00e7in enstituruya@gmail.com<\/p>\n","protected":false},"author":1,"featured_media":0,"parent":0,"menu_order":0,"comment_status":"closed","ping_status":"closed","template":"","meta":{"neve_meta_sidebar":"","neve_meta_container":"","neve_meta_enable_content_width":"","neve_meta_content_width":0,"neve_meta_title_alignment":"","neve_meta_author_avatar":"","neve_post_elements_order":"","neve_meta_disable_header":"","neve_meta_disable_footer":"","neve_meta_disable_title":"","ngg_post_thumbnail":0,"footnotes":""},"class_list":["post-432","page","type-page","status-publish","hentry"],"yoast_head":"<!-- This site is optimized with the Yoast SEO plugin v24.7 - https:\/\/yoast.com\/wordpress\/plugins\/seo\/ -->\n<title>Bireysel Seanslar - R\u00fcya Enstit\u00fcs\u00fc<\/title>\n<meta name=\"robots\" content=\"index, follow, max-snippet:-1, max-image-preview:large, max-video-preview:-1\" \/>\n<link rel=\"canonical\" href=\"https:\/\/ruyaenstitusu.com\/?page_id=432\" \/>\n<meta property=\"og:locale\" content=\"tr_TR\" \/>\n<meta property=\"og:locale:alternate\" content=\"en_US\" \/>\n<meta property=\"og:type\" content=\"article\" \/>\n<meta property=\"og:title\" content=\"Bireysel Seanslar - R\u00fcya Enstit\u00fcs\u00fc\" \/>\n<meta property=\"og:description\" content=\"Bireysel r\u00fcya analiz seans\u0131 almak i\u00e7in ileti\u015fime ge\u00e7ebilirsiniz. Kabuslar ve tekrarlayan r\u00fcyalar ba\u015fta olmak \u00fczere r\u00fcyalar\u0131n\u0131zla ilgili her konuda dan\u0131\u015fmanl\u0131k ve terapi alabilirsiniz. \u0130leti\u015fim i\u00e7in enstituruya@gmail.com\" \/>\n<meta property=\"og:url\" content=\"https:\/\/ruyaenstitusu.com\/?page_id=432\" \/>\n<meta property=\"og:site_name\" content=\"R\u00fcya Enstit\u00fcs\u00fc\" \/>\n<meta name=\"twitter:card\" content=\"summary_large_image\" \/>\n<script type=\"application\/ld+json\" class=\"yoast-schema-graph\">{\"@context\":\"https:\/\/schema.org\",\"@graph\":[{\"@type\":\"WebPage\",\"@id\":\"https:\/\/ruyaenstitusu.com\/?page_id=432\",\"url\":\"https:\/\/ruyaenstitusu.com\/?page_id=432\",\"name\":\"Bireysel Seanslar - R\u00fcya Enstit\u00fcs\u00fc\",\"isPartOf\":{\"@id\":\"https:\/\/ruyaenstitusu.com\/#website\"},\"datePublished\":\"2024-05-07T07:33:16+00:00\",\"breadcrumb\":{\"@id\":\"https:\/\/ruyaenstitusu.com\/?page_id=432#breadcrumb\"},\"inLanguage\":\"tr-TR\",\"potentialAction\":[{\"@type\":\"ReadAction\",\"target\":[\"https:\/\/ruyaenstitusu.com\/?page_id=432\"]}]},{\"@type\":\"BreadcrumbList\",\"@id\":\"https:\/\/ruyaenstitusu.com\/?page_id=432#breadcrumb\",\"itemListElement\":[{\"@type\":\"ListItem\",\"position\":1,\"name\":\"Anasayfa\",\"item\":\"https:\/\/ruyaenstitusu.com\/\"},{\"@type\":\"ListItem\",\"position\":2,\"name\":\"Bireysel Seanslar\"}]},{\"@type\":\"WebSite\",\"@id\":\"https:\/\/ruyaenstitusu.com\/#website\",\"url\":\"https:\/\/ruyaenstitusu.com\/\",\"name\":\"R\u00fcya Enstit\u00fcs\u00fc\",\"description\":\"Psikolojide R\u00fcya \u00c7al\u0131\u015fmalar\u0131\u0131\",\"publisher\":{\"@id\":\"https:\/\/ruyaenstitusu.com\/#organization\"},\"potentialAction\":[{\"@type\":\"SearchAction\",\"target\":{\"@type\":\"EntryPoint\",\"urlTemplate\":\"https:\/\/ruyaenstitusu.com\/?s={search_term_string}\"},\"query-input\":{\"@type\":\"PropertyValueSpecification\",\"valueRequired\":true,\"valueName\":\"search_term_string\"}}],\"inLanguage\":\"tr-TR\"},{\"@type\":\"Organization\",\"@id\":\"https:\/\/ruyaenstitusu.com\/#organization\",\"name\":\"R\u00fcya Enstit\u00fcs\u00fc\",\"url\":\"https:\/\/ruyaenstitusu.com\/\",\"logo\":{\"@type\":\"ImageObject\",\"inLanguage\":\"tr-TR\",\"@id\":\"https:\/\/ruyaenstitusu.com\/#\/schema\/logo\/image\/\",\"url\":\"https:\/\/ruyaenstitusu.com\/wp-content\/uploads\/2024\/03\/cropped-Logo.png\",\"contentUrl\":\"https:\/\/ruyaenstitusu.com\/wp-content\/uploads\/2024\/03\/cropped-Logo.png\",\"width\":1080,\"height\":719,\"caption\":\"R\u00fcya Enstit\u00fcs\u00fc\"},\"image\":{\"@id\":\"https:\/\/ruyaenstitusu.com\/#\/schema\/logo\/image\/\"},\"sameAs\":[\"https:\/\/www.instagram.com\/ruyaenstitusu\/\"]}]}<\/script>\n<!-- \/ Yoast SEO plugin. -->","yoast_head_json":{"title":"Bireysel Seanslar - R\u00fcya Enstit\u00fcs\u00fc","robots":{"index":"index","follow":"follow","max-snippet":"max-snippet:-1","max-image-preview":"max-image-preview:large","max-video-preview":"max-video-preview:-1"},"canonical":"https:\/\/ruyaenstitusu.com\/?page_id=432","og_locale":"tr_TR","og_type":"article","og_title":"Bireysel Seanslar - R\u00fcya Enstit\u00fcs\u00fc","og_description":"Bireysel r\u00fcya analiz seans\u0131 almak i\u00e7in ileti\u015fime ge\u00e7ebilirsiniz. Kabuslar ve tekrarlayan r\u00fcyalar ba\u015fta olmak \u00fczere r\u00fcyalar\u0131n\u0131zla ilgili her konuda dan\u0131\u015fmanl\u0131k ve terapi alabilirsiniz. \u0130leti\u015fim i\u00e7in enstituruya@gmail.com","og_url":"https:\/\/ruyaenstitusu.com\/?page_id=432","og_site_name":"R\u00fcya Enstit\u00fcs\u00fc","twitter_card":"summary_large_image","schema":{"@context":"https:\/\/schema.org","@graph":[{"@type":"WebPage","@id":"https:\/\/ruyaenstitusu.com\/?page_id=432","url":"https:\/\/ruyaenstitusu.com\/?page_id=432","name":"Bireysel Seanslar - R\u00fcya Enstit\u00fcs\u00fc","isPartOf":{"@id":"https:\/\/ruyaenstitusu.com\/#website"},"datePublished":"2024-05-07T07:33:16+00:00","breadcrumb":{"@id":"https:\/\/ruyaenstitusu.com\/?page_id=432#breadcrumb"},"inLanguage":"tr-TR","potentialAction":[{"@type":"ReadAction","target":["https:\/\/ruyaenstitusu.com\/?page_id=432"]}]},{"@type":"BreadcrumbList","@id":"https:\/\/ruyaenstitusu.com\/?page_id=432#breadcrumb","itemListElement":[{"@type":"ListItem","position":1,"name":"Anasayfa","item":"https:\/\/ruyaenstitusu.com\/"},{"@type":"ListItem","position":2,"name":"Bireysel Seanslar"}]},{"@type":"WebSite","@id":"https:\/\/ruyaenstitusu.com\/#website","url":"https:\/\/ruyaenstitusu.com\/","name":"R\u00fcya Enstit\u00fcs\u00fc","description":"Psikolojide R\u00fcya \u00c7al\u0131\u015fmalar\u0131\u0131","publisher":{"@id":"https:\/\/ruyaenstitusu.com\/#organization"},"potentialAction":[{"@type":"SearchAction","target":{"@type":"EntryPoint","urlTemplate":"https:\/\/ruyaenstitusu.com\/?s={search_term_string}"},"query-input":{"@type":"PropertyValueSpecification","valueRequired":true,"valueName":"search_term_string"}}],"inLanguage":"tr-TR"},{"@type":"Organization","@id":"https:\/\/ruyaenstitusu.com\/#organization","name":"R\u00fcya Enstit\u00fcs\u00fc","url":"https:\/\/ruyaenstitusu.com\/","logo":{"@type":"ImageObject","inLanguage":"tr-TR","@id":"https:\/\/ruyaenstitusu.com\/#\/schema\/logo\/image\/","url":"https:\/\/ruyaenstitusu.com\/wp-content\/uploads\/2024\/03\/cropped-Logo.png","contentUrl":"https:\/\/ruyaenstitusu.com\/wp-content\/uploads\/2024\/03\/cropped-Logo.png","width":1080,"height":719,"caption":"R\u00fcya Enstit\u00fcs\u00fc"},"image":{"@id":"https:\/\/ruyaenstitusu.com\/#\/schema\/logo\/image\/"},"sameAs":["https:\/\/www.instagram.com\/ruyaenstitusu\/"]}]}},"_links":{"self":[{"href":"https:\/\/ruyaenstitusu.com\/index.php?rest_route=\/wp\/v2\/pages\/432","targetHints":{"allow":["GET"]}}],"collection":[{"href":"https:\/\/ruyaenstitusu.com\/index.php?rest_route=\/wp\/v2\/pages"}],"about":[{"href":"https:\/\/ruyaenstitusu.com\/index.php?rest_route=\/wp\/v2\/types\/page"}],"author":[{"embeddable":true,"href":"https:\/\/ruyaenstitusu.com\/index.php?rest_route=\/wp\/v2\/users\/1"}],"replies":[{"embeddable":true,"href":"https:\/\/ruyaenstitusu.com\/index.php?rest_route=%2Fwp%2Fv2%2Fcomments&post=432"}],"version-history":[{"count":1,"href":"https:\/\/ruyaenstitusu.com\/index.php?rest_route=\/wp\/v2\/pages\/432\/revisions"}],"predecessor-version":[{"id":433,"href":"https:\/\/ruyaenstitusu.com\/index.php?rest_route=\/wp\/v2\/pages\/432\/revisions\/433"}],"wp:attachment":[{"href":"https:\/\/ruyaenstitusu.com\/index.php?rest_route=%2Fwp%2Fv2%2Fmedia&parent=432"}],"curies":[{"name":"wp","href":"https:\/\/api.w.org\/{rel}","templated":true}]}}