{"id":281,"date":"2024-04-10T22:40:21","date_gmt":"2024-04-10T19:40:21","guid":{"rendered":"https:\/\/ruyaenstitusu.com\/?page_id=281"},"modified":"2025-04-04T20:59:10","modified_gmt":"2025-04-04T17:59:10","slug":"freudyen-semboller-ruya-ve-sinema","status":"publish","type":"page","link":"https:\/\/ruyaenstitusu.com\/?page_id=281","title":{"rendered":"Freudyen Semboller, R\u00fcya ve Sinema"},"content":{"rendered":"\n<div class=\"wp-block-group alignfull has-nv-site-bg-background-color has-background is-vertical is-layout-flex wp-container-core-group-is-layout-3 wp-block-group-is-layout-flex\" style=\"padding-top:6vw;padding-right:6vw;padding-bottom:6vw;padding-left:6vw\">\n<figure class=\"wp-block-image size-large is-resized\"><img fetchpriority=\"high\" decoding=\"async\" width=\"1024\" height=\"1024\" src=\"https:\/\/ruyaenstitusu.com\/wp-content\/uploads\/2024\/10\/Tan-Tolgafr-1024x1024.png\" alt=\"\" class=\"wp-image-1003\" style=\"width:556px;height:auto\" srcset=\"https:\/\/ruyaenstitusu.com\/wp-content\/uploads\/2024\/10\/Tan-Tolgafr-1024x1024.png 1024w, https:\/\/ruyaenstitusu.com\/wp-content\/uploads\/2024\/10\/Tan-Tolgafr-300x300.png 300w, https:\/\/ruyaenstitusu.com\/wp-content\/uploads\/2024\/10\/Tan-Tolgafr-150x150.png 150w, https:\/\/ruyaenstitusu.com\/wp-content\/uploads\/2024\/10\/Tan-Tolgafr-768x768.png 768w, https:\/\/ruyaenstitusu.com\/wp-content\/uploads\/2024\/10\/Tan-Tolgafr.png 1080w\" sizes=\"(max-width: 1024px) 100vw, 1024px\" \/><\/figure>\n\n\n\n<p><\/p>\n\n\n\n<p><\/p>\n\n\n\n<p class=\"has-text-align-left\"><em><strong>Freud\u2019un sembol bilgisiyle sinema filmlerini incelemeye al\u0131yoruz.<\/strong><\/em><\/p>\n\n\n\n<p class=\"has-text-align-left\">Freud\u2019un Psikanaliz Kuram\u0131 \u00e7er\u00e7evesinde y\u00f6netmen ve yazar Tan Tolga Demirci ile 6 oturumluk bir e\u011fitim planlamas\u0131 haz\u0131rlad\u0131k. Bu e\u011fitim dizisiyle Freudyen semboller, r\u00fcya analizi, film okumalar\u0131, sinemada Psikanalitik temsiller hakk\u0131nda bilgi birikiminizin artmas\u0131n\u0131 hedefliyoruz.<\/p>\n\n\n\n<p class=\"has-text-align-left\">E\u011fitim \u0130\u00e7eri\u011fi: Tamam\u0131 slayt ve film g\u00f6sterimlerinden olu\u015fan e\u011fitim program\u0131, hem Freud\u2019un r\u00fcya ve hem de fantezi kuram\u0131yla ba\u011flant\u0131l\u0131 olarak elde edilen psikanalitik materyali, filmlerde konumlanan r\u00fcya sahneleriyle \u00f6rt\u00fc\u015ft\u00fcrmeyi ama\u00e7 edinmektedir.<\/p>\n\n\n\n<p>E\u011fitim \u00d6zeti: E\u011fitim s\u00fcrecinde, hem sinema-r\u00fcya ve hem de sinema-fantezi ili\u015fkisine odaklanacak bi\u00e7imde, filmlerdeki sembolik yap\u0131lar, psikanalitik r\u00fcya gramerinden yola \u00e7\u0131k\u0131larak yorumlanacakt\u0131r.<\/p>\n\n\n\n<div class=\"wp-block-group\"><div class=\"wp-block-group__inner-container is-layout-constrained wp-block-group-is-layout-constrained\">\n<p><strong>Ders Program\u0131<\/strong><\/p>\n\n\n\n<ul class=\"wp-block-list\">\n<li>1.Ders: R\u00fcyaya \u0130li\u015fkin \u00d6n Kavramlar (Bilin\u00e7d\u0131\u015f\u0131, Bast\u0131rma, Haz-Ho\u015fnutsuzluk \u0130lkesi, Ger\u00e7eklik \u0130lkesi, Fiksasyon, Regresyon, Birincil ve \u0130kincil S\u00fcre\u00e7ler)<\/li>\n\n\n\n<li>2.Ders: Freud\u2019un R\u00fcya Kuram\u0131na Dair Notlar (A\u00e7\u0131k R\u00fcya \u0130\u00e7eri\u011fi, Gizli R\u00fcya D\u00fc\u015f\u00fcncesi, Gizli R\u00fcya \u0130\u00e7eri\u011fi)<\/li>\n\n\n\n<li>3.R\u00fcya \u0130\u015flemi Kapsam\u0131nda R\u00fcya Sans\u00fcr\u00fc: Yer De\u011fi\u015ftirme, Yo\u011funla\u015ft\u0131rma)<\/li>\n\n\n\n<li>4.R\u00fcya \u0130\u015flemi Kapsam\u0131nda R\u00fcya Sans\u00fcr\u00fc: Temsil Edilme, \u0130kincil D\u00fczeltme, Simgele\u015ftirme (Kavram Simgeler, Nesne Simgeler ve Simgele\u015fen Edim \/ Mizansenlerin R\u00fcya Prati\u011fine Entegrasyonu)<\/li>\n\n\n\n<li>5.Yap\u0131sal Kuram ve R\u00fcyan\u0131n Dinamikleri (S\u00fcperego R\u00fcyalar\u0131, Travmatik R\u00fcyalar)<\/li>\n\n\n\n<li>6.Yap\u0131sal Kuram ve R\u00fcyan\u0131n Dinamikleri (Sald\u0131rgan R\u00fcyalar, Tipik Olmayan R\u00fcyalar, R\u00fcya \u0130\u00e7erisinde R\u00fcyalar)<\/li>\n<\/ul>\n\n\n\n<p><\/p>\n<\/div><\/div>\n\n\n\n<div class=\"wp-block-group\"><div class=\"wp-block-group__inner-container is-layout-constrained wp-block-group-is-layout-constrained\">\n<div class=\"wp-block-columns is-layout-flex wp-container-core-columns-is-layout-1 wp-block-columns-is-layout-flex\">\n<div class=\"wp-block-column is-layout-flow wp-block-column-is-layout-flow\" style=\"flex-basis:100%\">\n<figure class=\"wp-block-embed aligncenter is-type-video is-provider-youtube wp-block-embed-youtube wp-embed-aspect-16-9 wp-has-aspect-ratio\"><div class=\"wp-block-embed__wrapper\">\n<div class=\"nv-iframe-embed\"><iframe title=\"Sinemada R\u00fcya Temsillerine Freud\u2019yen Yakla\u015f\u0131m | Tan Tolga Demirci\" width=\"1200\" height=\"675\" src=\"https:\/\/www.youtube.com\/embed\/jaQCXkZMlMM?feature=oembed\" frameborder=\"0\" allow=\"accelerometer; autoplay; clipboard-write; encrypted-media; gyroscope; picture-in-picture; web-share\" referrerpolicy=\"strict-origin-when-cross-origin\" allowfullscreen><\/iframe><\/div>\n<\/div><\/figure>\n<\/div>\n<\/div>\n<\/div><\/div>\n\n\n\n<div class=\"wp-block-media-text alignwide is-stacked-on-mobile has-background\" style=\"background-color:#edc1ba;grid-template-columns:21% auto\"><figure class=\"wp-block-media-text__media\"><img decoding=\"async\" width=\"658\" height=\"1024\" src=\"https:\/\/ruyaenstitusu.com\/wp-content\/uploads\/2024\/10\/WhatsApp-Image-2024-10-28-at-15.05.44-658x1024.jpeg\" alt=\"\" class=\"wp-image-1037 size-full\" srcset=\"https:\/\/ruyaenstitusu.com\/wp-content\/uploads\/2024\/10\/WhatsApp-Image-2024-10-28-at-15.05.44-658x1024.jpeg 658w, https:\/\/ruyaenstitusu.com\/wp-content\/uploads\/2024\/10\/WhatsApp-Image-2024-10-28-at-15.05.44-193x300.jpeg 193w, https:\/\/ruyaenstitusu.com\/wp-content\/uploads\/2024\/10\/WhatsApp-Image-2024-10-28-at-15.05.44-768x1195.jpeg 768w, https:\/\/ruyaenstitusu.com\/wp-content\/uploads\/2024\/10\/WhatsApp-Image-2024-10-28-at-15.05.44-987x1536.jpeg 987w, https:\/\/ruyaenstitusu.com\/wp-content\/uploads\/2024\/10\/WhatsApp-Image-2024-10-28-at-15.05.44.jpeg 1028w\" sizes=\"(max-width: 658px) 100vw, 658px\" \/><\/figure><div class=\"wp-block-media-text__content\">\n<h2 class=\"wp-block-heading\"><strong>E\u011fitmen Tan Tolga Demirci<\/strong><\/h2>\n\n\n\n<p>Tan Tolga Demirci (d. 31 Aral\u0131k 1974, \u0130stanbul), T\u00fcrk film y\u00f6netmeni ve yazar. \u0130lk ve orta\u00f6\u011fretimi Bursa\u2019da yapt\u0131. 1992 y\u0131l\u0131nda Bursa Erkek Lisesi&#8217;nden mezun oldu. Ayn\u0131 y\u0131l girdi\u011fi Dokuz Eyl\u00fcl \u00dcniversitesi G\u00fczel Sanatlar Fak\u00fcltesi G\u00f6r\u00fcnt\u00fc Y\u00f6netmenli\u011fi b\u00f6l\u00fcm\u00fcnden 1996 y\u0131l\u0131nda Korku Sinemas\u0131\u2019n\u0131n Psikanalizi bitirme tezi ile mezun oldu. <\/p>\n\n\n\n<p>Bu tezi 2006 y\u0131l\u0131nda kitap h\u00e2line getirildi. Kadir Has \u00dcniversitesinden D\u00fcnya Sinemas\u0131nda S\u00fcrrealizmin \u0130zleri isimli tezi ile MA derecesini alan Demirci, ayn\u0131 \u00fcniversitede Experimental Film dersi vermi\u015ftir. Ayn\u0131 zamanda Psikeart dergisinde yazarl\u0131k yapmaktad\u0131r. Tan Tolga Demirci&#8217;nin \u00f6rnek bir dersini a\u015fa\u011f\u0131daki videodan izleyebilirsiniz.<\/p>\n<\/div><\/div>\n<\/div>\n\n\n\n<p><\/p>\n\n\n\n<div class=\"wp-block-group alignfull has-nv-site-bg-background-color has-background is-vertical is-layout-flex wp-container-core-group-is-layout-4 wp-block-group-is-layout-flex\" style=\"padding-top:6vw;padding-right:6vw;padding-bottom:6vw;padding-left:6vw\">\n<h2 class=\"wp-block-heading has-text-align-center\"><strong>E\u011fitim Detaylar\u0131<\/strong><\/h2>\n\n\n\n<div class=\"wp-block-columns alignwide is-layout-flex wp-container-core-columns-is-layout-2 wp-block-columns-is-layout-flex\" style=\"margin-bottom:0\">\n<div class=\"wp-block-column has-text-color has-background has-link-color wp-elements-b1449a146c31f18b8c54e0226ade49b4 is-layout-flow wp-block-column-is-layout-flow\" style=\"color:#000000;background-color:#0062ff54;padding-top:2em;padding-right:2em;padding-bottom:2em;padding-left:2em\">\n<h2 class=\"wp-block-heading\" id=\"family\" style=\"font-size:40px\"><strong>K\u00fcnye<\/strong><\/h2>\n\n\n\n<hr class=\"wp-block-separator has-css-opacity is-style-wide\"\/>\n\n\n\n<ul class=\"wp-block-list has-normal-font-size\">\n<li>Tarih: <em>G\u00fcncel tarih duyurulacakt\u0131r.<\/em><\/li>\n\n\n\n<li>Her Per\u015fembe <\/li>\n\n\n\n<li>Saat: 20.00 -23.00<\/li>\n\n\n\n<li>Platform: Zoom<\/li>\n\n\n\n<li>Dersler canl\u0131 yap\u0131lmaktad\u0131r.<\/li>\n\n\n\n<li>Sorular\u0131n\u0131z i\u00e7in enstituruya@gmail.com adresine mail atabilirsiniz.<\/li>\n<\/ul>\n\n\n\n<div class=\"wp-block-buttons alignfull is-horizontal is-content-justification-center is-layout-flex wp-container-core-buttons-is-layout-1 wp-block-buttons-is-layout-flex\"><\/div>\n<\/div>\n\n\n\n<div class=\"wp-block-column has-text-color has-background has-link-color wp-elements-7fa8ca4c49160f60e2a795e009d37f61 is-layout-flow wp-block-column-is-layout-flow\" style=\"color:#000000;background-color:#0062ff54;padding-top:2em;padding-right:2em;padding-bottom:2em;padding-left:2em\">\n<h2 class=\"wp-block-heading\" id=\"family\" style=\"font-size:40px\"><strong>Detaylar<\/strong><\/h2>\n\n\n\n<hr class=\"wp-block-separator has-css-opacity is-style-wide\"\/>\n\n\n\n<ul class=\"wp-block-list has-normal-font-size\">\n<li>Kat\u0131l\u0131m Belgesi verilecektir.<\/li>\n\n\n\n<li>Kay\u0131ttan izlenebilecektir.<\/li>\n\n\n\n<li>E\u011fitmen: Tan Tolga Demirci<\/li>\n\n\n\n<li>Sinema, psikoloji ve r\u00fcyalara merakl\u0131 herkes e\u011fitime kat\u0131labilir.<\/li>\n\n\n\n<li>E\u011fitim \u00dccreti: <em>G\u00fcncel \u00fccret duyurulacakt\u0131r.<\/em><\/li>\n\n\n\n<li>\u00d6demeler havale yoluyla yap\u0131lmaktad\u0131r. E\u011fitime kat\u0131lmak a\u015fa\u011f\u0131daki Kay\u0131t Formu&#8217;nu t\u0131klay\u0131n\u0131z.<\/li>\n<\/ul>\n\n\n\n<div class=\"wp-block-buttons alignwide is-horizontal is-content-justification-center is-layout-flex wp-container-core-buttons-is-layout-2 wp-block-buttons-is-layout-flex\">\n<div class=\"wp-block-button\"><a class=\"wp-block-button__link has-nv-c-2-background-color has-background has-text-align-left wp-element-button\" style=\"padding-top:var(--wp--preset--spacing--20);padding-right:var(--wp--preset--spacing--20);padding-bottom:var(--wp--preset--spacing--20);padding-left:var(--wp--preset--spacing--20)\">Kay\u0131t Formu<\/a><\/div>\n<\/div>\n<\/div>\n<\/div>\n\n\n\n<div style=\"height:0px;width:0px\" aria-hidden=\"true\" class=\"wp-block-spacer wp-container-content-1\"><\/div>\n<\/div>\n\n\n\n<div class=\"wp-block-columns is-layout-flex wp-container-core-columns-is-layout-3 wp-block-columns-is-layout-flex\">\n<div class=\"wp-block-column is-layout-flow wp-block-column-is-layout-flow\"><\/div>\n<\/div>\n\n\n\n<div class=\"wp-block-columns alignwide is-layout-flex wp-container-core-columns-is-layout-4 wp-block-columns-is-layout-flex\">\n<div class=\"wp-block-column is-layout-flow wp-block-column-is-layout-flow\">\n<figure class=\"wp-block-embed alignwide is-type-video is-provider-youtube wp-block-embed-youtube wp-embed-aspect-16-9 wp-has-aspect-ratio\"><div class=\"wp-block-embed__wrapper\">\n<div class=\"nv-iframe-embed\"><iframe title=\"Sinemada R\u00fcya Temsillerine Freud\u2019yen Yakla\u015f\u0131m | Tan Tolga Demirci\" width=\"1200\" height=\"675\" src=\"https:\/\/www.youtube.com\/embed\/jaQCXkZMlMM?feature=oembed\" frameborder=\"0\" allow=\"accelerometer; autoplay; clipboard-write; encrypted-media; gyroscope; picture-in-picture; web-share\" referrerpolicy=\"strict-origin-when-cross-origin\" allowfullscreen><\/iframe><\/div>\n<\/div><\/figure>\n<\/div>\n\n\n\n<div class=\"wp-block-column is-vertically-aligned-center is-layout-flow wp-block-column-is-layout-flow\">\n<h2 class=\"wp-block-heading\">Sinemada R\u00fcya Temsillerine Freud\u2019yen Yakla\u015f\u0131m | Tan Tolga Demirci<\/h2>\n\n\n\n<p>R\u00fcyalar, sineman\u0131n en b\u00fcy\u00fcleyici anlat\u0131 ara\u00e7lar\u0131ndan biridir. Freud\u2019un psikanalitik kuram\u0131, r\u00fcyalarda gizlenen bilin\u00e7d\u0131\u015f\u0131 arzular\u0131n ve bast\u0131r\u0131lm\u0131\u015f duygular\u0131n sinemasal temsillerini nas\u0131l \u015fekillendirdi? Bu videoda, y\u00f6netmen ve akademisyen Tan Tolga Demirci, Freud\u2019un r\u00fcya kuramlar\u0131n\u0131 temel alarak sinemadaki r\u00fcya sahnelerini \u00e7\u00f6z\u00fcml\u00fcyor. D\u00fc\u015flerin yorumu, bilin\u00e7d\u0131\u015f\u0131 s\u00fcre\u00e7ler, r\u00fcya mekanizmalar\u0131, semboller ve bast\u0131r\u0131lm\u0131\u015f arzular\u0131n sinematografik kar\u015f\u0131l\u0131klar\u0131 sinemadan \u00e7arp\u0131c\u0131 r\u00fcya sekanslar\u0131 e\u015fli\u011finde bu konu\u015fmada derinlemesine inceleniyor. <\/p>\n<\/div>\n<\/div>\n","protected":false},"excerpt":{"rendered":"<p>Freud\u2019un sembol bilgisiyle sinema filmlerini incelemeye al\u0131yoruz. Freud\u2019un Psikanaliz Kuram\u0131 \u00e7er\u00e7evesinde y\u00f6netmen ve yazar Tan Tolga Demirci ile 6 oturumluk bir e\u011fitim planlamas\u0131 haz\u0131rlad\u0131k. Bu e\u011fitim dizisiyle Freudyen semboller, r\u00fcya analizi, film okumalar\u0131, sinemada Psikanalitik temsiller hakk\u0131nda bilgi birikiminizin artmas\u0131n\u0131 hedefliyoruz. E\u011fitim \u0130\u00e7eri\u011fi: Tamam\u0131 slayt ve film g\u00f6sterimlerinden olu\u015fan e\u011fitim program\u0131, hem Freud\u2019un r\u00fcya ve&hellip;&nbsp;<a href=\"https:\/\/ruyaenstitusu.com\/?page_id=281\" rel=\"bookmark\">Daha fazlas\u0131n\u0131 oku &raquo;<span class=\"screen-reader-text\">Freudyen Semboller, R\u00fcya ve Sinema<\/span><\/a><\/p>\n","protected":false},"author":1,"featured_media":0,"parent":0,"menu_order":0,"comment_status":"closed","ping_status":"closed","template":"","meta":{"neve_meta_sidebar":"","neve_meta_container":"","neve_meta_enable_content_width":"","neve_meta_content_width":0,"neve_meta_title_alignment":"","neve_meta_author_avatar":"","neve_post_elements_order":"","neve_meta_disable_header":"","neve_meta_disable_footer":"","neve_meta_disable_title":"","ngg_post_thumbnail":0,"footnotes":""},"class_list":["post-281","page","type-page","status-publish","hentry"],"yoast_head":"<!-- This site is optimized with the Yoast SEO plugin v24.7 - https:\/\/yoast.com\/wordpress\/plugins\/seo\/ -->\n<title>Freudyen Semboller, R\u00fcya ve Sinema - R\u00fcya Enstit\u00fcs\u00fc<\/title>\n<meta name=\"description\" content=\"Freud&#039;un Psikanalitik Psikoloji Kuram\u0131 \u00e7er\u00e7evesinde r\u00fcya sembollerini ve sinema filmlerini derinlemesine inceleyen bir programd\u0131r.\" \/>\n<meta name=\"robots\" content=\"index, follow, max-snippet:-1, max-image-preview:large, max-video-preview:-1\" \/>\n<link rel=\"canonical\" href=\"https:\/\/ruyaenstitusu.com\/?page_id=281\" \/>\n<meta property=\"og:locale\" content=\"tr_TR\" \/>\n<meta property=\"og:locale:alternate\" content=\"en_US\" \/>\n<meta property=\"og:type\" content=\"article\" \/>\n<meta property=\"og:title\" content=\"Freudyen Semboller, R\u00fcya ve Sinema\" \/>\n<meta property=\"og:description\" content=\"Freud&#039;un Psikanalitik Psikoloji Kuram\u0131 \u00e7er\u00e7evesinde r\u00fcya sembollerini ve sinema filmlerini derinlemesine inceleyen bir programd\u0131r.\" \/>\n<meta property=\"og:url\" content=\"https:\/\/ruyaenstitusu.com\/?page_id=281\" \/>\n<meta property=\"og:site_name\" content=\"R\u00fcya Enstit\u00fcs\u00fc\" \/>\n<meta property=\"article:modified_time\" content=\"2025-04-04T17:59:10+00:00\" \/>\n<meta property=\"og:image\" content=\"https:\/\/ruyaenstitusu.com\/wp-content\/uploads\/2024\/10\/Tan-Tolgafr.png\" \/>\n\t<meta property=\"og:image:width\" content=\"1080\" \/>\n\t<meta property=\"og:image:height\" content=\"1080\" \/>\n\t<meta property=\"og:image:type\" content=\"image\/png\" \/>\n<meta name=\"twitter:card\" content=\"summary_large_image\" \/>\n<meta name=\"twitter:label1\" content=\"Tahmini okuma s\u00fcresi\" \/>\n\t<meta name=\"twitter:data1\" content=\"3 dakika\" \/>\n<script type=\"application\/ld+json\" class=\"yoast-schema-graph\">{\"@context\":\"https:\/\/schema.org\",\"@graph\":[{\"@type\":\"WebPage\",\"@id\":\"https:\/\/ruyaenstitusu.com\/?page_id=281\",\"url\":\"https:\/\/ruyaenstitusu.com\/?page_id=281\",\"name\":\"Freudyen Semboller, R\u00fcya ve Sinema\",\"isPartOf\":{\"@id\":\"https:\/\/ruyaenstitusu.com\/#website\"},\"primaryImageOfPage\":{\"@id\":\"https:\/\/ruyaenstitusu.com\/?page_id=281#primaryimage\"},\"image\":{\"@id\":\"https:\/\/ruyaenstitusu.com\/?page_id=281#primaryimage\"},\"thumbnailUrl\":\"https:\/\/ruyaenstitusu.com\/wp-content\/uploads\/2024\/10\/Tan-Tolgafr-1024x1024.png\",\"datePublished\":\"2024-04-10T19:40:21+00:00\",\"dateModified\":\"2025-04-04T17:59:10+00:00\",\"description\":\"Freud'un Psikanalitik Psikoloji Kuram\u0131 \u00e7er\u00e7evesinde r\u00fcya sembollerini ve sinema filmlerini derinlemesine inceleyen bir programd\u0131r.\",\"breadcrumb\":{\"@id\":\"https:\/\/ruyaenstitusu.com\/?page_id=281#breadcrumb\"},\"inLanguage\":\"tr-TR\",\"potentialAction\":[{\"@type\":\"ReadAction\",\"target\":[\"https:\/\/ruyaenstitusu.com\/?page_id=281\"]}]},{\"@type\":\"ImageObject\",\"inLanguage\":\"tr-TR\",\"@id\":\"https:\/\/ruyaenstitusu.com\/?page_id=281#primaryimage\",\"url\":\"https:\/\/ruyaenstitusu.com\/wp-content\/uploads\/2024\/10\/Tan-Tolgafr.png\",\"contentUrl\":\"https:\/\/ruyaenstitusu.com\/wp-content\/uploads\/2024\/10\/Tan-Tolgafr.png\",\"width\":1080,\"height\":1080},{\"@type\":\"BreadcrumbList\",\"@id\":\"https:\/\/ruyaenstitusu.com\/?page_id=281#breadcrumb\",\"itemListElement\":[{\"@type\":\"ListItem\",\"position\":1,\"name\":\"Anasayfa\",\"item\":\"https:\/\/ruyaenstitusu.com\/\"},{\"@type\":\"ListItem\",\"position\":2,\"name\":\"Freudyen Semboller, R\u00fcya ve Sinema\"}]},{\"@type\":\"WebSite\",\"@id\":\"https:\/\/ruyaenstitusu.com\/#website\",\"url\":\"https:\/\/ruyaenstitusu.com\/\",\"name\":\"R\u00fcya Enstit\u00fcs\u00fc\",\"description\":\"Psikolojide R\u00fcya \u00c7al\u0131\u015fmalar\u0131\u0131\",\"publisher\":{\"@id\":\"https:\/\/ruyaenstitusu.com\/#organization\"},\"potentialAction\":[{\"@type\":\"SearchAction\",\"target\":{\"@type\":\"EntryPoint\",\"urlTemplate\":\"https:\/\/ruyaenstitusu.com\/?s={search_term_string}\"},\"query-input\":{\"@type\":\"PropertyValueSpecification\",\"valueRequired\":true,\"valueName\":\"search_term_string\"}}],\"inLanguage\":\"tr-TR\"},{\"@type\":\"Organization\",\"@id\":\"https:\/\/ruyaenstitusu.com\/#organization\",\"name\":\"R\u00fcya Enstit\u00fcs\u00fc\",\"url\":\"https:\/\/ruyaenstitusu.com\/\",\"logo\":{\"@type\":\"ImageObject\",\"inLanguage\":\"tr-TR\",\"@id\":\"https:\/\/ruyaenstitusu.com\/#\/schema\/logo\/image\/\",\"url\":\"https:\/\/ruyaenstitusu.com\/wp-content\/uploads\/2024\/03\/cropped-Logo.png\",\"contentUrl\":\"https:\/\/ruyaenstitusu.com\/wp-content\/uploads\/2024\/03\/cropped-Logo.png\",\"width\":1080,\"height\":719,\"caption\":\"R\u00fcya Enstit\u00fcs\u00fc\"},\"image\":{\"@id\":\"https:\/\/ruyaenstitusu.com\/#\/schema\/logo\/image\/\"},\"sameAs\":[\"https:\/\/www.instagram.com\/ruyaenstitusu\/\"]}]}<\/script>\n<!-- \/ Yoast SEO plugin. -->","yoast_head_json":{"title":"Freudyen Semboller, R\u00fcya ve Sinema - R\u00fcya Enstit\u00fcs\u00fc","description":"Freud'un Psikanalitik Psikoloji Kuram\u0131 \u00e7er\u00e7evesinde r\u00fcya sembollerini ve sinema filmlerini derinlemesine inceleyen bir programd\u0131r.","robots":{"index":"index","follow":"follow","max-snippet":"max-snippet:-1","max-image-preview":"max-image-preview:large","max-video-preview":"max-video-preview:-1"},"canonical":"https:\/\/ruyaenstitusu.com\/?page_id=281","og_locale":"tr_TR","og_type":"article","og_title":"[:tr]Freudyen Semboller, R\u00fcya ve Sinema[:] - R\u00fcya Enstit\u00fcs\u00fc","og_description":"[:tr]Freud'un Psikanalitik Psikoloji Kuram\u0131 \u00e7er\u00e7evesinde r\u00fcya sembollerini ve sinema filmlerini derinlemesine inceleyen bir programd\u0131r.[:]","og_url":"https:\/\/ruyaenstitusu.com\/?page_id=281","og_site_name":"R\u00fcya Enstit\u00fcs\u00fc","article_modified_time":"2025-04-04T17:59:10+00:00","og_image":[{"width":1080,"height":1080,"url":"https:\/\/ruyaenstitusu.com\/wp-content\/uploads\/2024\/10\/Tan-Tolgafr.png","type":"image\/png"}],"twitter_card":"summary_large_image","twitter_misc":{"Tahmini okuma s\u00fcresi":"3 dakika"},"schema":{"@context":"https:\/\/schema.org","@graph":[{"@type":"WebPage","@id":"https:\/\/ruyaenstitusu.com\/?page_id=281","url":"https:\/\/ruyaenstitusu.com\/?page_id=281","name":"Freudyen Semboller, R\u00fcya ve Sinema","isPartOf":{"@id":"https:\/\/ruyaenstitusu.com\/#website"},"primaryImageOfPage":{"@id":"https:\/\/ruyaenstitusu.com\/?page_id=281#primaryimage"},"image":{"@id":"https:\/\/ruyaenstitusu.com\/?page_id=281#primaryimage"},"thumbnailUrl":"https:\/\/ruyaenstitusu.com\/wp-content\/uploads\/2024\/10\/Tan-Tolgafr-1024x1024.png","datePublished":"2024-04-10T19:40:21+00:00","dateModified":"2025-04-04T17:59:10+00:00","description":"Freud'un Psikanalitik Psikoloji Kuram\u0131 \u00e7er\u00e7evesinde r\u00fcya sembollerini ve sinema filmlerini derinlemesine inceleyen bir programd\u0131r.","breadcrumb":{"@id":"https:\/\/ruyaenstitusu.com\/?page_id=281#breadcrumb"},"inLanguage":"tr-TR","potentialAction":[{"@type":"ReadAction","target":["https:\/\/ruyaenstitusu.com\/?page_id=281"]}]},{"@type":"ImageObject","inLanguage":"tr-TR","@id":"https:\/\/ruyaenstitusu.com\/?page_id=281#primaryimage","url":"https:\/\/ruyaenstitusu.com\/wp-content\/uploads\/2024\/10\/Tan-Tolgafr.png","contentUrl":"https:\/\/ruyaenstitusu.com\/wp-content\/uploads\/2024\/10\/Tan-Tolgafr.png","width":1080,"height":1080},{"@type":"BreadcrumbList","@id":"https:\/\/ruyaenstitusu.com\/?page_id=281#breadcrumb","itemListElement":[{"@type":"ListItem","position":1,"name":"Anasayfa","item":"https:\/\/ruyaenstitusu.com\/"},{"@type":"ListItem","position":2,"name":"Freudyen Semboller, R\u00fcya ve Sinema"}]},{"@type":"WebSite","@id":"https:\/\/ruyaenstitusu.com\/#website","url":"https:\/\/ruyaenstitusu.com\/","name":"R\u00fcya Enstit\u00fcs\u00fc","description":"Psikolojide R\u00fcya \u00c7al\u0131\u015fmalar\u0131\u0131","publisher":{"@id":"https:\/\/ruyaenstitusu.com\/#organization"},"potentialAction":[{"@type":"SearchAction","target":{"@type":"EntryPoint","urlTemplate":"https:\/\/ruyaenstitusu.com\/?s={search_term_string}"},"query-input":{"@type":"PropertyValueSpecification","valueRequired":true,"valueName":"search_term_string"}}],"inLanguage":"tr-TR"},{"@type":"Organization","@id":"https:\/\/ruyaenstitusu.com\/#organization","name":"R\u00fcya Enstit\u00fcs\u00fc","url":"https:\/\/ruyaenstitusu.com\/","logo":{"@type":"ImageObject","inLanguage":"tr-TR","@id":"https:\/\/ruyaenstitusu.com\/#\/schema\/logo\/image\/","url":"https:\/\/ruyaenstitusu.com\/wp-content\/uploads\/2024\/03\/cropped-Logo.png","contentUrl":"https:\/\/ruyaenstitusu.com\/wp-content\/uploads\/2024\/03\/cropped-Logo.png","width":1080,"height":719,"caption":"R\u00fcya Enstit\u00fcs\u00fc"},"image":{"@id":"https:\/\/ruyaenstitusu.com\/#\/schema\/logo\/image\/"},"sameAs":["https:\/\/www.instagram.com\/ruyaenstitusu\/"]}]}},"_links":{"self":[{"href":"https:\/\/ruyaenstitusu.com\/index.php?rest_route=\/wp\/v2\/pages\/281","targetHints":{"allow":["GET"]}}],"collection":[{"href":"https:\/\/ruyaenstitusu.com\/index.php?rest_route=\/wp\/v2\/pages"}],"about":[{"href":"https:\/\/ruyaenstitusu.com\/index.php?rest_route=\/wp\/v2\/types\/page"}],"author":[{"embeddable":true,"href":"https:\/\/ruyaenstitusu.com\/index.php?rest_route=\/wp\/v2\/users\/1"}],"replies":[{"embeddable":true,"href":"https:\/\/ruyaenstitusu.com\/index.php?rest_route=%2Fwp%2Fv2%2Fcomments&post=281"}],"version-history":[{"count":32,"href":"https:\/\/ruyaenstitusu.com\/index.php?rest_route=\/wp\/v2\/pages\/281\/revisions"}],"predecessor-version":[{"id":1600,"href":"https:\/\/ruyaenstitusu.com\/index.php?rest_route=\/wp\/v2\/pages\/281\/revisions\/1600"}],"wp:attachment":[{"href":"https:\/\/ruyaenstitusu.com\/index.php?rest_route=%2Fwp%2Fv2%2Fmedia&parent=281"}],"curies":[{"name":"wp","href":"https:\/\/api.w.org\/{rel}","templated":true}]}}