{"id":2549,"date":"2026-04-16T14:19:27","date_gmt":"2026-04-16T11:19:27","guid":{"rendered":"https:\/\/ruyaenstitusu.com\/?page_id=2549"},"modified":"2026-04-16T14:32:10","modified_gmt":"2026-04-16T11:32:10","slug":"ruya-analizi-atolyesi","status":"publish","type":"page","link":"https:\/\/ruyaenstitusu.com\/?page_id=2549","title":{"rendered":"Psikoterapide R\u00fcyalarla \u00c7al\u0131\u015fmak"},"content":{"rendered":"\n<figure class=\"wp-block-image size-large is-resized\"><img fetchpriority=\"high\" decoding=\"async\" width=\"819\" height=\"1024\" src=\"https:\/\/ruyaenstitusu.com\/wp-content\/uploads\/2026\/04\/Psikoterapide-Ruyalarla--819x1024.png\" alt=\"\" class=\"wp-image-2550\" style=\"width:638px;height:auto\" srcset=\"https:\/\/ruyaenstitusu.com\/wp-content\/uploads\/2026\/04\/Psikoterapide-Ruyalarla--819x1024.png 819w, https:\/\/ruyaenstitusu.com\/wp-content\/uploads\/2026\/04\/Psikoterapide-Ruyalarla--240x300.png 240w, https:\/\/ruyaenstitusu.com\/wp-content\/uploads\/2026\/04\/Psikoterapide-Ruyalarla--768x960.png 768w, https:\/\/ruyaenstitusu.com\/wp-content\/uploads\/2026\/04\/Psikoterapide-Ruyalarla-.png 1080w\" sizes=\"(max-width: 819px) 100vw, 819px\" \/><\/figure>\n\n\n\n<p><\/p>\n\n\n\n<p>R\u00fcyalar, psikoterapi s\u00fcrecinde yaln\u0131zca yorumlanacak i\u00e7erikler de\u011fil, dan\u0131\u015fan\u0131n i\u00e7 d\u00fcnyas\u0131na a\u00e7\u0131lan canl\u0131 ve dinamik bir \u00e7al\u0131\u015fma alan\u0131 sunar. Bu e\u011fitim, r\u00fcyalar\u0131n terap\u00f6tik s\u00fcre\u00e7te nas\u0131l ele al\u0131nabilece\u011fine dair temel bir klinik \u00e7er\u00e7eve olu\u015fturmay\u0131 ve kat\u0131l\u0131mc\u0131lar\u0131n r\u00fcyayla \u00e7al\u0131\u015fma becerilerini geli\u015ftirmeyi ama\u00e7lamaktad\u0131r. E\u011fitim boyunca, r\u00fcyalar\u0131n farkl\u0131 i\u015flevleri ve klinik ba\u011flamlar\u0131 ele al\u0131nacak; r\u00fcyan\u0131n seans i\u00e7inde nas\u0131l derinle\u015ftirilece\u011fi, dan\u0131\u015fan\u0131n ya\u015fant\u0131s\u0131yla nas\u0131l ili\u015fkilendirilece\u011fi ve hangi durumlarda nas\u0131l m\u00fcdahale edilece\u011fi uygulama \u00f6rnekleri \u00fczerinden \u00e7al\u0131\u015f\u0131lacakt\u0131r.<\/p>\n\n\n\n<p>\u00d6zellikle travma, \u00e7at\u0131\u015fma ve ili\u015fkisel s\u00fcre\u00e7ler ba\u011flam\u0131nda ortaya \u00e7\u0131kan r\u00fcyalar \u00fczerinden ilerlenerek, terapistin farkl\u0131 klinik durumlarda nas\u0131l konumlanabilece\u011fine dair bir perspektif sunulacakt\u0131r.<\/p>\n\n\n\n<p>Bu e\u011fitim, kapsaml\u0131 bir uzmanla\u015fma iddias\u0131 ta\u015f\u0131maktan ziyade, r\u00fcyalarla \u00e7al\u0131\u015fmaya y\u00f6nelik bir ba\u015flang\u0131\u00e7 \u00e7er\u00e7evesi ve uygulama zemini olu\u015fturmay\u0131 hedefler.<\/p>\n\n\n\n<ul class=\"wp-block-list\">\n<li><strong>E\u011fitimde Ele Al\u0131nacak Ba\u015fl\u0131klar<\/strong><\/li>\n\n\n\n<li>Seans i\u00e7inde r\u00fcyayla \u00e7al\u0131\u015fma<\/li>\n\n\n\n<li>R\u00fcyan\u0131n psikoterapideki i\u015flevi<\/li>\n\n\n\n<li>R\u00fcyaya terap\u00f6tik yakla\u015f\u0131m<\/li>\n\n\n\n<li>R\u00fcyayla \u00e7al\u0131\u015fma teknikleri<\/li>\n\n\n\n<li>TSSB ve kabuslar<\/li>\n\n\n\n<li>\u0130li\u015fkisel r\u00fcyalar<\/li>\n\n\n\n<li>\u00d6rnek Vaka<\/li>\n\n\n\n<li>Kat\u0131l\u0131mc\u0131larla Uygulama<\/li>\n<\/ul>\n\n\n\n<ul class=\"wp-block-list\">\n<li><strong>Kimler Kat\u0131labilir:<\/strong>  Bu e\u011fitim, ruh sa\u011fl\u0131\u011f\u0131 alan\u0131nda \u00e7al\u0131\u015fan profesyonellere y\u00f6neliktir:<\/li>\n\n\n\n<li>Psikiyatristler<\/li>\n\n\n\n<li>Psikologlar<\/li>\n\n\n\n<li>Psikolojik Dan\u0131\u015fmanlar<\/li>\n\n\n\n<li>Aile Dan\u0131\u015fmanlar\u0131 (T\u0131p, Felsefe, Sosyoloji, Sosyal Hizmet \u00f6rg\u00fcn lisans programlar\u0131ndan mezun)<\/li>\n\n\n\n<li>PDR ve Psikoloji 4. s\u0131n\u0131f \u00f6\u011frencileri<\/li>\n\n\n\n<li>Psikoloji\/PDR y\u00fcksek lisans ve doktora \u00f6\u011frencileri ile mezunlar\u0131<\/li>\n<\/ul>\n\n\n\n<p><strong>Kat\u0131l\u0131m i\u00e7in belge g\u00f6stermek zorunludur.<\/strong><\/p>\n\n\n\n<p>.<\/p>\n\n\n\n<ul class=\"wp-block-list\">\n<li>Tarih: 26 Nisan 2026 | 10.00 \u201317.00 | Tek G\u00fcn |6 saat\u00a0<\/li>\n\n\n\n<li>\u00dccret: 3000TL<\/li>\n\n\n\n<li>E\u011fitim Online yap\u0131lacakt\u0131r.<\/li>\n\n\n\n<li>At\u00f6lye sonunda kat\u0131l\u0131m belgesi verilecektir.&nbsp;<\/li>\n\n\n\n<li>Uygulamal\u0131 ve Kontenjan 15 ki\u015fi ile s\u0131n\u0131rl\u0131 bulunmaktad\u0131r.<\/li>\n\n\n\n<li>T\u00fcm teorik i\u00e7erik i\u00e7in&nbsp;<strong>1 hafta boyunca kay\u0131ttan izleme imkan\u0131<\/strong>&nbsp;sunulacakt\u0131r.&nbsp;<\/li>\n<\/ul>\n\n\n\n<p>Uygulama ve canl\u0131 analiz b\u00f6l\u00fcmlerinde\u00a0<strong>kay\u0131t al\u0131nmayacakt\u0131r<\/strong>. \u00a0E\u011fitim boyunca kat\u0131l\u0131mc\u0131lar\u0131n\u00a0<strong>kameralar\u0131n\u0131n a\u00e7\u0131k olmas\u0131 gerekmektedir<\/strong>. Bu d\u00fczenleme, g\u00fcvenli ve etkile\u015fimli bir \u00e7al\u0131\u015fma alan\u0131 olu\u015fturmak amac\u0131yla yap\u0131lmaktad\u0131r.<\/p>\n\n\n\n<p><\/p>\n\n\n\n<p>Kay\u0131t i\u00e7in a\u015fa\u011f\u0131daki formu doldurabilirsiniz. Banka hesap bilgisi formda yaz\u0131l\u0131d\u0131r.<\/p>\n\n\n\n<div class=\"wp-block-buttons is-layout-flex wp-block-buttons-is-layout-flex\">\n<div class=\"wp-block-button is-style-primary\"><a class=\"wp-block-button__link wp-element-button\" href=\"https:\/\/forms.gle\/P7Eo48h4B8jnFu9r8\">Kay\u0131t Formu<\/a><\/div>\n<\/div>\n\n\n\n<p><\/p>\n","protected":false},"excerpt":{"rendered":"<p>R\u00fcyalar, psikoterapi s\u00fcrecinde yaln\u0131zca yorumlanacak i\u00e7erikler de\u011fil, dan\u0131\u015fan\u0131n i\u00e7 d\u00fcnyas\u0131na a\u00e7\u0131lan canl\u0131 ve dinamik bir \u00e7al\u0131\u015fma alan\u0131 sunar. Bu e\u011fitim, r\u00fcyalar\u0131n terap\u00f6tik s\u00fcre\u00e7te nas\u0131l ele al\u0131nabilece\u011fine dair temel bir klinik \u00e7er\u00e7eve olu\u015fturmay\u0131 ve kat\u0131l\u0131mc\u0131lar\u0131n r\u00fcyayla \u00e7al\u0131\u015fma becerilerini geli\u015ftirmeyi ama\u00e7lamaktad\u0131r. E\u011fitim boyunca, r\u00fcyalar\u0131n farkl\u0131 i\u015flevleri ve klinik ba\u011flamlar\u0131 ele al\u0131nacak; r\u00fcyan\u0131n seans i\u00e7inde nas\u0131l derinle\u015ftirilece\u011fi, dan\u0131\u015fan\u0131n&hellip;&nbsp;<a href=\"https:\/\/ruyaenstitusu.com\/?page_id=2549\" rel=\"bookmark\">Daha fazlas\u0131n\u0131 oku &raquo;<span class=\"screen-reader-text\">Psikoterapide R\u00fcyalarla \u00c7al\u0131\u015fmak<\/span><\/a><\/p>\n","protected":false},"author":1,"featured_media":0,"parent":0,"menu_order":0,"comment_status":"closed","ping_status":"closed","template":"","meta":{"neve_meta_sidebar":"","neve_meta_container":"","neve_meta_enable_content_width":"","neve_meta_content_width":0,"neve_meta_title_alignment":"","neve_meta_author_avatar":"","neve_post_elements_order":"","neve_meta_disable_header":"","neve_meta_disable_footer":"","neve_meta_disable_title":"","ngg_post_thumbnail":0,"footnotes":""},"class_list":["post-2549","page","type-page","status-publish","hentry"],"yoast_head":"<!-- This site is optimized with the Yoast SEO plugin v24.7 - https:\/\/yoast.com\/wordpress\/plugins\/seo\/ -->\n<title>Psikoterapide R\u00fcyalarla \u00c7al\u0131\u015fmak - R\u00fcya Enstit\u00fcs\u00fc<\/title>\n<meta name=\"robots\" content=\"index, follow, max-snippet:-1, max-image-preview:large, max-video-preview:-1\" \/>\n<link rel=\"canonical\" href=\"https:\/\/ruyaenstitusu.com\/?page_id=2549\" \/>\n<meta property=\"og:locale\" content=\"tr_TR\" \/>\n<meta property=\"og:locale:alternate\" content=\"en_US\" \/>\n<meta property=\"og:type\" content=\"article\" \/>\n<meta property=\"og:title\" content=\"Psikoterapide R\u00fcyalarla \u00c7al\u0131\u015fmak\" \/>\n<meta property=\"og:description\" content=\"R\u00fcyalar, psikoterapi s\u00fcrecinde yaln\u0131zca yorumlanacak i\u00e7erikler de\u011fil, dan\u0131\u015fan\u0131n i\u00e7 d\u00fcnyas\u0131na a\u00e7\u0131lan canl\u0131 ve dinamik bir \u00e7al\u0131\u015fma alan\u0131 sunar. Bu e\u011fitim, r\u00fcyalar\u0131n terap\u00f6tik s\u00fcre\u00e7te nas\u0131l ele al\u0131nabilece\u011fine dair temel bir klinik \u00e7er\u00e7eve olu\u015fturmay\u0131 ve kat\u0131l\u0131mc\u0131lar\u0131n r\u00fcyayla \u00e7al\u0131\u015fma becerilerini geli\u015ftirmeyi ama\u00e7lamaktad\u0131r. E\u011fitim boyunca, r\u00fcyalar\u0131n farkl\u0131 i\u015flevleri ve klinik ba\u011flamlar\u0131 ele al\u0131nacak; r\u00fcyan\u0131n seans i\u00e7inde nas\u0131l derinle\u015ftirilece\u011fi, dan\u0131\u015fan\u0131n&hellip;&nbsp;Daha fazlas\u0131n\u0131 oku &raquo;Psikoterapide R\u00fcyalarla \u00c7al\u0131\u015fmak\" \/>\n<meta property=\"og:url\" content=\"https:\/\/ruyaenstitusu.com\/?page_id=2549\" \/>\n<meta property=\"og:site_name\" content=\"R\u00fcya Enstit\u00fcs\u00fc\" \/>\n<meta property=\"article:modified_time\" content=\"2026-04-16T11:32:10+00:00\" \/>\n<meta property=\"og:image\" content=\"https:\/\/ruyaenstitusu.com\/wp-content\/uploads\/2026\/04\/Psikoterapide-Ruyalarla--819x1024.png\" \/>\n\t<meta property=\"og:image:width\" content=\"819\" \/>\n\t<meta property=\"og:image:height\" content=\"1024\" \/>\n\t<meta property=\"og:image:type\" content=\"image\/png\" \/>\n<meta name=\"twitter:card\" content=\"summary_large_image\" \/>\n<meta name=\"twitter:label1\" content=\"Tahmini okuma s\u00fcresi\" \/>\n\t<meta name=\"twitter:data1\" content=\"2 dakika\" \/>\n<script type=\"application\/ld+json\" class=\"yoast-schema-graph\">{\"@context\":\"https:\/\/schema.org\",\"@graph\":[{\"@type\":\"WebPage\",\"@id\":\"https:\/\/ruyaenstitusu.com\/?page_id=2549\",\"url\":\"https:\/\/ruyaenstitusu.com\/?page_id=2549\",\"name\":\"Psikoterapide R\u00fcyalarla \u00c7al\u0131\u015fmak\",\"isPartOf\":{\"@id\":\"https:\/\/ruyaenstitusu.com\/#website\"},\"primaryImageOfPage\":{\"@id\":\"https:\/\/ruyaenstitusu.com\/?page_id=2549#primaryimage\"},\"image\":{\"@id\":\"https:\/\/ruyaenstitusu.com\/?page_id=2549#primaryimage\"},\"thumbnailUrl\":\"https:\/\/ruyaenstitusu.com\/wp-content\/uploads\/2026\/04\/Psikoterapide-Ruyalarla--819x1024.png\",\"datePublished\":\"2026-04-16T11:19:27+00:00\",\"dateModified\":\"2026-04-16T11:32:10+00:00\",\"breadcrumb\":{\"@id\":\"https:\/\/ruyaenstitusu.com\/?page_id=2549#breadcrumb\"},\"inLanguage\":\"tr-TR\",\"potentialAction\":[{\"@type\":\"ReadAction\",\"target\":[\"https:\/\/ruyaenstitusu.com\/?page_id=2549\"]}]},{\"@type\":\"ImageObject\",\"inLanguage\":\"tr-TR\",\"@id\":\"https:\/\/ruyaenstitusu.com\/?page_id=2549#primaryimage\",\"url\":\"https:\/\/ruyaenstitusu.com\/wp-content\/uploads\/2026\/04\/Psikoterapide-Ruyalarla-.png\",\"contentUrl\":\"https:\/\/ruyaenstitusu.com\/wp-content\/uploads\/2026\/04\/Psikoterapide-Ruyalarla-.png\",\"width\":1080,\"height\":1350},{\"@type\":\"BreadcrumbList\",\"@id\":\"https:\/\/ruyaenstitusu.com\/?page_id=2549#breadcrumb\",\"itemListElement\":[{\"@type\":\"ListItem\",\"position\":1,\"name\":\"Anasayfa\",\"item\":\"https:\/\/ruyaenstitusu.com\/\"},{\"@type\":\"ListItem\",\"position\":2,\"name\":\"Psikoterapide R\u00fcyalarla \u00c7al\u0131\u015fmak\"}]},{\"@type\":\"WebSite\",\"@id\":\"https:\/\/ruyaenstitusu.com\/#website\",\"url\":\"https:\/\/ruyaenstitusu.com\/\",\"name\":\"R\u00fcya Enstit\u00fcs\u00fc\",\"description\":\"Psikolojide R\u00fcya \u00c7al\u0131\u015fmalar\u0131\u0131\",\"publisher\":{\"@id\":\"https:\/\/ruyaenstitusu.com\/#organization\"},\"potentialAction\":[{\"@type\":\"SearchAction\",\"target\":{\"@type\":\"EntryPoint\",\"urlTemplate\":\"https:\/\/ruyaenstitusu.com\/?s={search_term_string}\"},\"query-input\":{\"@type\":\"PropertyValueSpecification\",\"valueRequired\":true,\"valueName\":\"search_term_string\"}}],\"inLanguage\":\"tr-TR\"},{\"@type\":\"Organization\",\"@id\":\"https:\/\/ruyaenstitusu.com\/#organization\",\"name\":\"R\u00fcya Enstit\u00fcs\u00fc\",\"url\":\"https:\/\/ruyaenstitusu.com\/\",\"logo\":{\"@type\":\"ImageObject\",\"inLanguage\":\"tr-TR\",\"@id\":\"https:\/\/ruyaenstitusu.com\/#\/schema\/logo\/image\/\",\"url\":\"https:\/\/ruyaenstitusu.com\/wp-content\/uploads\/2024\/03\/cropped-Logo.png\",\"contentUrl\":\"https:\/\/ruyaenstitusu.com\/wp-content\/uploads\/2024\/03\/cropped-Logo.png\",\"width\":1080,\"height\":719,\"caption\":\"R\u00fcya Enstit\u00fcs\u00fc\"},\"image\":{\"@id\":\"https:\/\/ruyaenstitusu.com\/#\/schema\/logo\/image\/\"},\"sameAs\":[\"https:\/\/www.instagram.com\/ruyaenstitusu\/\"]}]}<\/script>\n<!-- \/ Yoast SEO plugin. -->","yoast_head_json":{"title":"Psikoterapide R\u00fcyalarla \u00c7al\u0131\u015fmak - R\u00fcya Enstit\u00fcs\u00fc","robots":{"index":"index","follow":"follow","max-snippet":"max-snippet:-1","max-image-preview":"max-image-preview:large","max-video-preview":"max-video-preview:-1"},"canonical":"https:\/\/ruyaenstitusu.com\/?page_id=2549","og_locale":"tr_TR","og_type":"article","og_title":"[:tr]Psikoterapide R\u00fcyalarla \u00c7al\u0131\u015fmak[:] - R\u00fcya Enstit\u00fcs\u00fc","og_description":"R\u00fcyalar, psikoterapi s\u00fcrecinde yaln\u0131zca yorumlanacak i\u00e7erikler de\u011fil, dan\u0131\u015fan\u0131n i\u00e7 d\u00fcnyas\u0131na a\u00e7\u0131lan canl\u0131 ve dinamik bir \u00e7al\u0131\u015fma alan\u0131 sunar. Bu e\u011fitim, r\u00fcyalar\u0131n terap\u00f6tik s\u00fcre\u00e7te nas\u0131l ele al\u0131nabilece\u011fine dair temel bir klinik \u00e7er\u00e7eve olu\u015fturmay\u0131 ve kat\u0131l\u0131mc\u0131lar\u0131n r\u00fcyayla \u00e7al\u0131\u015fma becerilerini geli\u015ftirmeyi ama\u00e7lamaktad\u0131r. E\u011fitim boyunca, r\u00fcyalar\u0131n farkl\u0131 i\u015flevleri ve klinik ba\u011flamlar\u0131 ele al\u0131nacak; r\u00fcyan\u0131n seans i\u00e7inde nas\u0131l derinle\u015ftirilece\u011fi, dan\u0131\u015fan\u0131n&hellip;&nbsp;Daha fazlas\u0131n\u0131 oku &raquo;Psikoterapide R\u00fcyalarla \u00c7al\u0131\u015fmak","og_url":"https:\/\/ruyaenstitusu.com\/?page_id=2549","og_site_name":"R\u00fcya Enstit\u00fcs\u00fc","article_modified_time":"2026-04-16T11:32:10+00:00","og_image":[{"width":819,"height":1024,"url":"https:\/\/ruyaenstitusu.com\/wp-content\/uploads\/2026\/04\/Psikoterapide-Ruyalarla--819x1024.png","type":"image\/png"}],"twitter_card":"summary_large_image","twitter_misc":{"Tahmini okuma s\u00fcresi":"2 dakika"},"schema":{"@context":"https:\/\/schema.org","@graph":[{"@type":"WebPage","@id":"https:\/\/ruyaenstitusu.com\/?page_id=2549","url":"https:\/\/ruyaenstitusu.com\/?page_id=2549","name":"Psikoterapide R\u00fcyalarla \u00c7al\u0131\u015fmak","isPartOf":{"@id":"https:\/\/ruyaenstitusu.com\/#website"},"primaryImageOfPage":{"@id":"https:\/\/ruyaenstitusu.com\/?page_id=2549#primaryimage"},"image":{"@id":"https:\/\/ruyaenstitusu.com\/?page_id=2549#primaryimage"},"thumbnailUrl":"https:\/\/ruyaenstitusu.com\/wp-content\/uploads\/2026\/04\/Psikoterapide-Ruyalarla--819x1024.png","datePublished":"2026-04-16T11:19:27+00:00","dateModified":"2026-04-16T11:32:10+00:00","breadcrumb":{"@id":"https:\/\/ruyaenstitusu.com\/?page_id=2549#breadcrumb"},"inLanguage":"tr-TR","potentialAction":[{"@type":"ReadAction","target":["https:\/\/ruyaenstitusu.com\/?page_id=2549"]}]},{"@type":"ImageObject","inLanguage":"tr-TR","@id":"https:\/\/ruyaenstitusu.com\/?page_id=2549#primaryimage","url":"https:\/\/ruyaenstitusu.com\/wp-content\/uploads\/2026\/04\/Psikoterapide-Ruyalarla-.png","contentUrl":"https:\/\/ruyaenstitusu.com\/wp-content\/uploads\/2026\/04\/Psikoterapide-Ruyalarla-.png","width":1080,"height":1350},{"@type":"BreadcrumbList","@id":"https:\/\/ruyaenstitusu.com\/?page_id=2549#breadcrumb","itemListElement":[{"@type":"ListItem","position":1,"name":"Anasayfa","item":"https:\/\/ruyaenstitusu.com\/"},{"@type":"ListItem","position":2,"name":"Psikoterapide R\u00fcyalarla \u00c7al\u0131\u015fmak"}]},{"@type":"WebSite","@id":"https:\/\/ruyaenstitusu.com\/#website","url":"https:\/\/ruyaenstitusu.com\/","name":"R\u00fcya Enstit\u00fcs\u00fc","description":"Psikolojide R\u00fcya \u00c7al\u0131\u015fmalar\u0131\u0131","publisher":{"@id":"https:\/\/ruyaenstitusu.com\/#organization"},"potentialAction":[{"@type":"SearchAction","target":{"@type":"EntryPoint","urlTemplate":"https:\/\/ruyaenstitusu.com\/?s={search_term_string}"},"query-input":{"@type":"PropertyValueSpecification","valueRequired":true,"valueName":"search_term_string"}}],"inLanguage":"tr-TR"},{"@type":"Organization","@id":"https:\/\/ruyaenstitusu.com\/#organization","name":"R\u00fcya Enstit\u00fcs\u00fc","url":"https:\/\/ruyaenstitusu.com\/","logo":{"@type":"ImageObject","inLanguage":"tr-TR","@id":"https:\/\/ruyaenstitusu.com\/#\/schema\/logo\/image\/","url":"https:\/\/ruyaenstitusu.com\/wp-content\/uploads\/2024\/03\/cropped-Logo.png","contentUrl":"https:\/\/ruyaenstitusu.com\/wp-content\/uploads\/2024\/03\/cropped-Logo.png","width":1080,"height":719,"caption":"R\u00fcya Enstit\u00fcs\u00fc"},"image":{"@id":"https:\/\/ruyaenstitusu.com\/#\/schema\/logo\/image\/"},"sameAs":["https:\/\/www.instagram.com\/ruyaenstitusu\/"]}]}},"_links":{"self":[{"href":"https:\/\/ruyaenstitusu.com\/index.php?rest_route=\/wp\/v2\/pages\/2549","targetHints":{"allow":["GET"]}}],"collection":[{"href":"https:\/\/ruyaenstitusu.com\/index.php?rest_route=\/wp\/v2\/pages"}],"about":[{"href":"https:\/\/ruyaenstitusu.com\/index.php?rest_route=\/wp\/v2\/types\/page"}],"author":[{"embeddable":true,"href":"https:\/\/ruyaenstitusu.com\/index.php?rest_route=\/wp\/v2\/users\/1"}],"replies":[{"embeddable":true,"href":"https:\/\/ruyaenstitusu.com\/index.php?rest_route=%2Fwp%2Fv2%2Fcomments&post=2549"}],"version-history":[{"count":4,"href":"https:\/\/ruyaenstitusu.com\/index.php?rest_route=\/wp\/v2\/pages\/2549\/revisions"}],"predecessor-version":[{"id":2555,"href":"https:\/\/ruyaenstitusu.com\/index.php?rest_route=\/wp\/v2\/pages\/2549\/revisions\/2555"}],"wp:attachment":[{"href":"https:\/\/ruyaenstitusu.com\/index.php?rest_route=%2Fwp%2Fv2%2Fmedia&parent=2549"}],"curies":[{"name":"wp","href":"https:\/\/api.w.org\/{rel}","templated":true}]}}