{"id":2528,"date":"2026-03-30T18:03:55","date_gmt":"2026-03-30T15:03:55","guid":{"rendered":"https:\/\/ruyaenstitusu.com\/?page_id=2528"},"modified":"2026-04-11T15:38:00","modified_gmt":"2026-04-11T12:38:00","slug":"ugyulamali-ruya-analizi","status":"publish","type":"page","link":"https:\/\/ruyaenstitusu.com\/?page_id=2528","title":{"rendered":"R\u00fcya Analizi At\u00f6lyesi"},"content":{"rendered":"\n<figure class=\"wp-block-image size-large is-resized\"><img fetchpriority=\"high\" decoding=\"async\" width=\"819\" height=\"1024\" src=\"https:\/\/ruyaenstitusu.com\/wp-content\/uploads\/2026\/03\/Ruyalar-bize-ne-anlatir-819x1024.png\" alt=\"\" class=\"wp-image-2521\" style=\"width:409px;height:auto\" srcset=\"https:\/\/ruyaenstitusu.com\/wp-content\/uploads\/2026\/03\/Ruyalar-bize-ne-anlatir-819x1024.png 819w, https:\/\/ruyaenstitusu.com\/wp-content\/uploads\/2026\/03\/Ruyalar-bize-ne-anlatir-240x300.png 240w, https:\/\/ruyaenstitusu.com\/wp-content\/uploads\/2026\/03\/Ruyalar-bize-ne-anlatir-768x960.png 768w, https:\/\/ruyaenstitusu.com\/wp-content\/uploads\/2026\/03\/Ruyalar-bize-ne-anlatir.png 1080w\" sizes=\"(max-width: 819px) 100vw, 819px\" \/><\/figure>\n\n\n\n<p>R\u00fcyalar, insan zihninin en merak uyand\u0131ran deneyimlerinden biridir. Sigmund Freud r\u00fcyalar\u0131 bilin\u00e7d\u0131\u015f\u0131na a\u00e7\u0131lan bir yol olarak ele al\u0131rken, Carl Gustav Jung r\u00fcyalar\u0131n bireyin i\u00e7sel d\u00fcnyas\u0131yla kurdu\u011fu sembolik ve anlaml\u0131 ili\u015fkiye dikkat \u00e7ekmi\u015ftir. G\u00fcn\u00fcm\u00fczde ise r\u00fcyalar; duygular\u0131m\u0131z, ya\u015fant\u0131lar\u0131m\u0131z ve zihinsel s\u00fcre\u00e7lerimizle ba\u011flant\u0131l\u0131, \u00e7ok katmanl\u0131 bir deneyim olarak ele al\u0131nmaktad\u0131r. Bu at\u00f6lye, r\u00fcyaya tek bir do\u011fru anlam y\u00fcklemek yerine, onu anlamaya a\u00e7\u0131k bir alan olarak ele al\u0131r.<\/p>\n\n\n\n<p>Bu at\u00f6lye, r\u00fcyalar\u0131 haz\u0131r kal\u0131plarla yorumlamak yerine kat\u0131l\u0131mc\u0131lara r\u00fcyay\u0131 anlamaya y\u00f6nelik bir bak\u0131\u015f a\u00e7\u0131s\u0131 kazand\u0131rmay\u0131 ama\u00e7lar. Kat\u0131l\u0131mc\u0131lar, r\u00fcyalar\u0131na nas\u0131l yakla\u015facaklar\u0131n\u0131, hangi sorularla derinle\u015febileceklerini ve r\u00fcyalar\u0131n g\u00fcnl\u00fck ya\u015famla nas\u0131l ba\u011flant\u0131 kurdu\u011funu deneyimleyerek \u00f6\u011frenirler. Ama\u00e7, r\u00fcyay\u0131 tek bir anlama indirgemek de\u011fil; r\u00fcyayla daha bilin\u00e7li, esnek ve derin bir ili\u015fki kurabilmektir.<\/p>\n\n\n\n<h2 class=\"wp-block-heading\"><strong>Program Ak\u0131\u015f\u0131<\/strong><\/h2>\n\n\n\n<p>10.00-13.00 Aras\u0131<\/p>\n\n\n\n<ul class=\"wp-block-list\">\n<li><strong>R\u00fcyalar\u0131 anlamaya giri\u015f<\/strong><strong><br><\/strong>R\u00fcya nedir, ger\u00e7ekten ne anlat\u0131r? Psikolojide r\u00fcyan\u0131n yeri ve r\u00fcyaya farkl\u0131 yakla\u015f\u0131mlar (Freud, Jung, Gestalt, varolu\u015f\u00e7u perspektif).<\/li>\n\n\n\n<li><strong>R\u00fcyay\u0131 okumay\u0131 \u00f6\u011frenmek<\/strong><strong><br><\/strong>Bir r\u00fcyaya nas\u0131l bak\u0131l\u0131r?<br>Duygular, mekanlar, ki\u015filer ve r\u00fcya ak\u0131\u015f\u0131 \u00fczerinden anlam kurma.<\/li>\n\n\n\n<li><strong>S\u0131k kar\u015f\u0131la\u015f\u0131lan r\u00fcyalar<\/strong><strong><br><\/strong>Tekrarlayan r\u00fcyalar ve kabuslar bize ne s\u00f6yler?<\/li>\n<\/ul>\n\n\n\n<ul class=\"wp-block-list\">\n<li>14.00-17.00 Aras\u0131<\/li>\n\n\n\n<li><strong>R\u00fcyayla \u00e7al\u0131\u015fman\u0131n temelleri<\/strong><strong><br><\/strong>R\u00fcyay\u0131 hat\u0131rlama, kaydetme ve g\u00fcnl\u00fck ya\u015famla ba\u011flant\u0131s\u0131n\u0131 kurma (g\u00fcn kal\u0131nt\u0131s\u0131).<\/li>\n\n\n\n<li><strong>R\u00fcya analizi i\u00e7in soru sistemi<\/strong><strong><br><\/strong>R\u00fcyay\u0131 anlamay\u0131 m\u00fcmk\u00fcn k\u0131lan temel sorular ve bak\u0131\u015f a\u00e7\u0131s\u0131.<\/li>\n\n\n\n<li><strong>Uygulama ve canl\u0131 analiz<\/strong><strong><br><\/strong>Ger\u00e7ek r\u00fcya \u00f6rnekleri \u00fczerinden birlikte \u00e7al\u0131\u015fma (kay\u0131t al\u0131nmaz).<\/li>\n\n\n\n<li><strong>Kapan\u0131\u015f<\/strong><strong><br><\/strong>R\u00fcyalarla sa\u011fl\u0131kl\u0131 bir ili\u015fki kurmak: ne yapmal\u0131, nelerden ka\u00e7\u0131nmal\u0131?&nbsp;<\/li>\n<\/ul>\n\n\n\n<p>R\u00fcyalar\u0131n\u0131 merak eden, anlamak isteyen, i\u00e7 d\u00fcnyas\u0131n\u0131 ke\u015ffetmeye a\u00e7\u0131k olan herkes kat\u0131labilir. Psikoloji alan\u0131nda bir altyap\u0131 ya da \u00f6n bilgi gerekmemektedir.<\/p>\n\n\n\n<ul class=\"wp-block-list\">\n<li>Tarih: 12 Nisan 2026 | 10.00 \u201317.00 | Tek G\u00fcn |6 saat&nbsp;<\/li>\n\n\n\n<li>\u00dccret: &#8211;<\/li>\n\n\n\n<li>At\u00f6lye Online yap\u0131lacakt\u0131r.<\/li>\n\n\n\n<li>At\u00f6lye sonunda kat\u0131l\u0131m belgesi verilecektir.&nbsp;<\/li>\n\n\n\n<li>Uygulamal\u0131 ve S\u0131n\u0131rl\u0131 Kontenjan bulunmaktad\u0131r.<\/li>\n\n\n\n<li>T\u00fcm teorik i\u00e7erik i\u00e7in&nbsp;<strong>1 hafta boyunca kay\u0131ttan izleme imkan\u0131<\/strong>&nbsp;sunulacakt\u0131r.&nbsp;<\/li>\n<\/ul>\n\n\n\n<p>Uygulama ve canl\u0131 analiz b\u00f6l\u00fcmlerinde&nbsp;<strong>kay\u0131t al\u0131nmayacakt\u0131r<\/strong>&nbsp;ve bu b\u00f6l\u00fcmlerde kat\u0131l\u0131mc\u0131lar\u0131n&nbsp;<strong>kameralar\u0131n\u0131n a\u00e7\u0131k olmas\u0131 beklenmektedir<\/strong>. Bu d\u00fczenleme, g\u00fcvenli ve etkile\u015fimli bir \u00e7al\u0131\u015fma alan\u0131 olu\u015fturmak amac\u0131yla yap\u0131lmaktad\u0131r.<\/p>\n\n\n\n<p>Bu at\u00f6lye, r\u00fcyaya d\u0131\u015far\u0131dan anlam vermeyi de\u011fil, kat\u0131l\u0131mc\u0131n\u0131n kendi r\u00fcyas\u0131n\u0131 kendi deneyimi i\u00e7inde anlamas\u0131n\u0131 destekleyen bir \u00e7al\u0131\u015fma alan\u0131 sunar.<\/p>\n\n\n\n<p>Kay\u0131t i\u00e7in a\u015fa\u011f\u0131daki formu doldurabilirsiniz. Banka hesap bilgisi formda yaz\u0131l\u0131d\u0131r.<\/p>\n\n\n\n<div class=\"wp-block-buttons is-layout-flex wp-block-buttons-is-layout-flex\">\n<div class=\"wp-block-button is-style-primary\"><a class=\"wp-block-button__link wp-element-button\" href=\"https:\/\/forms.gle\/ze5yzfeYZtByoHoP6\">Ders Kontenjan\u0131 Dolmu\u015ftur<\/a><\/div>\n<\/div>\n\n\n\n<p><\/p>\n","protected":false},"excerpt":{"rendered":"<p>R\u00fcyalar, insan zihninin en merak uyand\u0131ran deneyimlerinden biridir. Sigmund Freud r\u00fcyalar\u0131 bilin\u00e7d\u0131\u015f\u0131na a\u00e7\u0131lan bir yol olarak ele al\u0131rken, Carl Gustav Jung r\u00fcyalar\u0131n bireyin i\u00e7sel d\u00fcnyas\u0131yla kurdu\u011fu sembolik ve anlaml\u0131 ili\u015fkiye dikkat \u00e7ekmi\u015ftir. G\u00fcn\u00fcm\u00fczde ise r\u00fcyalar; duygular\u0131m\u0131z, ya\u015fant\u0131lar\u0131m\u0131z ve zihinsel s\u00fcre\u00e7lerimizle ba\u011flant\u0131l\u0131, \u00e7ok katmanl\u0131 bir deneyim olarak ele al\u0131nmaktad\u0131r. Bu at\u00f6lye, r\u00fcyaya tek bir do\u011fru anlam&hellip;&nbsp;<a href=\"https:\/\/ruyaenstitusu.com\/?page_id=2528\" rel=\"bookmark\">Daha fazlas\u0131n\u0131 oku &raquo;<span class=\"screen-reader-text\">R\u00fcya Analizi At\u00f6lyesi<\/span><\/a><\/p>\n","protected":false},"author":1,"featured_media":0,"parent":0,"menu_order":0,"comment_status":"closed","ping_status":"closed","template":"","meta":{"neve_meta_sidebar":"","neve_meta_container":"","neve_meta_enable_content_width":"","neve_meta_content_width":0,"neve_meta_title_alignment":"","neve_meta_author_avatar":"","neve_post_elements_order":"","neve_meta_disable_header":"","neve_meta_disable_footer":"","neve_meta_disable_title":"","ngg_post_thumbnail":0,"footnotes":""},"class_list":["post-2528","page","type-page","status-publish","hentry"],"yoast_head":"<!-- This site is optimized with the Yoast SEO plugin v24.7 - https:\/\/yoast.com\/wordpress\/plugins\/seo\/ -->\n<title>R\u00fcya Analizi At\u00f6lyesi - R\u00fcya Enstit\u00fcs\u00fc<\/title>\n<meta name=\"description\" content=\"R\u00fcya analizi e\u011fitimi ve uygulamalar\u0131yla r\u00fcyalar\u0131n psikolojisine giri\u015f niteli\u011finde bir e\u011fitim.\" \/>\n<meta name=\"robots\" content=\"index, follow, max-snippet:-1, max-image-preview:large, max-video-preview:-1\" \/>\n<link rel=\"canonical\" href=\"https:\/\/ruyaenstitusu.com\/?page_id=2528\" \/>\n<meta property=\"og:locale\" content=\"tr_TR\" \/>\n<meta property=\"og:locale:alternate\" content=\"en_US\" \/>\n<meta property=\"og:type\" content=\"article\" \/>\n<meta property=\"og:title\" content=\"R\u00fcya Analizi At\u00f6lyesi\" \/>\n<meta property=\"og:description\" content=\"R\u00fcya analizi e\u011fitimi ve uygulamalar\u0131yla r\u00fcyalar\u0131n psikolojisine giri\u015f niteli\u011finde bir e\u011fitim.\" \/>\n<meta property=\"og:url\" content=\"https:\/\/ruyaenstitusu.com\/?page_id=2528\" \/>\n<meta property=\"og:site_name\" content=\"R\u00fcya Enstit\u00fcs\u00fc\" \/>\n<meta property=\"article:modified_time\" content=\"2026-04-11T12:38:00+00:00\" \/>\n<meta property=\"og:image\" content=\"https:\/\/ruyaenstitusu.com\/wp-content\/uploads\/2026\/03\/Ruyalar-bize-ne-anlatir-819x1024.png\" \/>\n\t<meta property=\"og:image:width\" content=\"819\" \/>\n\t<meta property=\"og:image:height\" content=\"1024\" \/>\n\t<meta property=\"og:image:type\" content=\"image\/png\" \/>\n<meta name=\"twitter:card\" content=\"summary_large_image\" \/>\n<meta name=\"twitter:label1\" content=\"Tahmini okuma s\u00fcresi\" \/>\n\t<meta name=\"twitter:data1\" content=\"3 dakika\" \/>\n<script type=\"application\/ld+json\" class=\"yoast-schema-graph\">{\"@context\":\"https:\/\/schema.org\",\"@graph\":[{\"@type\":\"WebPage\",\"@id\":\"https:\/\/ruyaenstitusu.com\/?page_id=2528\",\"url\":\"https:\/\/ruyaenstitusu.com\/?page_id=2528\",\"name\":\"R\u00fcya Analizi At\u00f6lyesi\",\"isPartOf\":{\"@id\":\"https:\/\/ruyaenstitusu.com\/#website\"},\"primaryImageOfPage\":{\"@id\":\"https:\/\/ruyaenstitusu.com\/?page_id=2528#primaryimage\"},\"image\":{\"@id\":\"https:\/\/ruyaenstitusu.com\/?page_id=2528#primaryimage\"},\"thumbnailUrl\":\"https:\/\/ruyaenstitusu.com\/wp-content\/uploads\/2026\/03\/Ruyalar-bize-ne-anlatir-819x1024.png\",\"datePublished\":\"2026-03-30T15:03:55+00:00\",\"dateModified\":\"2026-04-11T12:38:00+00:00\",\"description\":\"R\u00fcya analizi e\u011fitimi ve uygulamalar\u0131yla r\u00fcyalar\u0131n psikolojisine giri\u015f niteli\u011finde bir e\u011fitim.\",\"breadcrumb\":{\"@id\":\"https:\/\/ruyaenstitusu.com\/?page_id=2528#breadcrumb\"},\"inLanguage\":\"tr-TR\",\"potentialAction\":[{\"@type\":\"ReadAction\",\"target\":[\"https:\/\/ruyaenstitusu.com\/?page_id=2528\"]}]},{\"@type\":\"ImageObject\",\"inLanguage\":\"tr-TR\",\"@id\":\"https:\/\/ruyaenstitusu.com\/?page_id=2528#primaryimage\",\"url\":\"https:\/\/ruyaenstitusu.com\/wp-content\/uploads\/2026\/03\/Ruyalar-bize-ne-anlatir.png\",\"contentUrl\":\"https:\/\/ruyaenstitusu.com\/wp-content\/uploads\/2026\/03\/Ruyalar-bize-ne-anlatir.png\",\"width\":1080,\"height\":1350},{\"@type\":\"BreadcrumbList\",\"@id\":\"https:\/\/ruyaenstitusu.com\/?page_id=2528#breadcrumb\",\"itemListElement\":[{\"@type\":\"ListItem\",\"position\":1,\"name\":\"Anasayfa\",\"item\":\"https:\/\/ruyaenstitusu.com\/\"},{\"@type\":\"ListItem\",\"position\":2,\"name\":\"R\u00fcya Analizi At\u00f6lyesi\"}]},{\"@type\":\"WebSite\",\"@id\":\"https:\/\/ruyaenstitusu.com\/#website\",\"url\":\"https:\/\/ruyaenstitusu.com\/\",\"name\":\"R\u00fcya Enstit\u00fcs\u00fc\",\"description\":\"Psikolojide R\u00fcya \u00c7al\u0131\u015fmalar\u0131\u0131\",\"publisher\":{\"@id\":\"https:\/\/ruyaenstitusu.com\/#organization\"},\"potentialAction\":[{\"@type\":\"SearchAction\",\"target\":{\"@type\":\"EntryPoint\",\"urlTemplate\":\"https:\/\/ruyaenstitusu.com\/?s={search_term_string}\"},\"query-input\":{\"@type\":\"PropertyValueSpecification\",\"valueRequired\":true,\"valueName\":\"search_term_string\"}}],\"inLanguage\":\"tr-TR\"},{\"@type\":\"Organization\",\"@id\":\"https:\/\/ruyaenstitusu.com\/#organization\",\"name\":\"R\u00fcya Enstit\u00fcs\u00fc\",\"url\":\"https:\/\/ruyaenstitusu.com\/\",\"logo\":{\"@type\":\"ImageObject\",\"inLanguage\":\"tr-TR\",\"@id\":\"https:\/\/ruyaenstitusu.com\/#\/schema\/logo\/image\/\",\"url\":\"https:\/\/ruyaenstitusu.com\/wp-content\/uploads\/2024\/03\/cropped-Logo.png\",\"contentUrl\":\"https:\/\/ruyaenstitusu.com\/wp-content\/uploads\/2024\/03\/cropped-Logo.png\",\"width\":1080,\"height\":719,\"caption\":\"R\u00fcya Enstit\u00fcs\u00fc\"},\"image\":{\"@id\":\"https:\/\/ruyaenstitusu.com\/#\/schema\/logo\/image\/\"},\"sameAs\":[\"https:\/\/www.instagram.com\/ruyaenstitusu\/\"]}]}<\/script>\n<!-- \/ Yoast SEO plugin. -->","yoast_head_json":{"title":"R\u00fcya Analizi At\u00f6lyesi - R\u00fcya Enstit\u00fcs\u00fc","description":"R\u00fcya analizi e\u011fitimi ve uygulamalar\u0131yla r\u00fcyalar\u0131n psikolojisine giri\u015f niteli\u011finde bir e\u011fitim.","robots":{"index":"index","follow":"follow","max-snippet":"max-snippet:-1","max-image-preview":"max-image-preview:large","max-video-preview":"max-video-preview:-1"},"canonical":"https:\/\/ruyaenstitusu.com\/?page_id=2528","og_locale":"tr_TR","og_type":"article","og_title":"[:tr]R\u00fcya Analizi At\u00f6lyesi[:] - R\u00fcya Enstit\u00fcs\u00fc","og_description":"[:tr]R\u00fcya analizi e\u011fitimi ve uygulamalar\u0131yla r\u00fcyalar\u0131n psikolojisine giri\u015f niteli\u011finde bir e\u011fitim.[:]","og_url":"https:\/\/ruyaenstitusu.com\/?page_id=2528","og_site_name":"R\u00fcya Enstit\u00fcs\u00fc","article_modified_time":"2026-04-11T12:38:00+00:00","og_image":[{"width":819,"height":1024,"url":"https:\/\/ruyaenstitusu.com\/wp-content\/uploads\/2026\/03\/Ruyalar-bize-ne-anlatir-819x1024.png","type":"image\/png"}],"twitter_card":"summary_large_image","twitter_misc":{"Tahmini okuma s\u00fcresi":"3 dakika"},"schema":{"@context":"https:\/\/schema.org","@graph":[{"@type":"WebPage","@id":"https:\/\/ruyaenstitusu.com\/?page_id=2528","url":"https:\/\/ruyaenstitusu.com\/?page_id=2528","name":"R\u00fcya Analizi At\u00f6lyesi","isPartOf":{"@id":"https:\/\/ruyaenstitusu.com\/#website"},"primaryImageOfPage":{"@id":"https:\/\/ruyaenstitusu.com\/?page_id=2528#primaryimage"},"image":{"@id":"https:\/\/ruyaenstitusu.com\/?page_id=2528#primaryimage"},"thumbnailUrl":"https:\/\/ruyaenstitusu.com\/wp-content\/uploads\/2026\/03\/Ruyalar-bize-ne-anlatir-819x1024.png","datePublished":"2026-03-30T15:03:55+00:00","dateModified":"2026-04-11T12:38:00+00:00","description":"R\u00fcya analizi e\u011fitimi ve uygulamalar\u0131yla r\u00fcyalar\u0131n psikolojisine giri\u015f niteli\u011finde bir e\u011fitim.","breadcrumb":{"@id":"https:\/\/ruyaenstitusu.com\/?page_id=2528#breadcrumb"},"inLanguage":"tr-TR","potentialAction":[{"@type":"ReadAction","target":["https:\/\/ruyaenstitusu.com\/?page_id=2528"]}]},{"@type":"ImageObject","inLanguage":"tr-TR","@id":"https:\/\/ruyaenstitusu.com\/?page_id=2528#primaryimage","url":"https:\/\/ruyaenstitusu.com\/wp-content\/uploads\/2026\/03\/Ruyalar-bize-ne-anlatir.png","contentUrl":"https:\/\/ruyaenstitusu.com\/wp-content\/uploads\/2026\/03\/Ruyalar-bize-ne-anlatir.png","width":1080,"height":1350},{"@type":"BreadcrumbList","@id":"https:\/\/ruyaenstitusu.com\/?page_id=2528#breadcrumb","itemListElement":[{"@type":"ListItem","position":1,"name":"Anasayfa","item":"https:\/\/ruyaenstitusu.com\/"},{"@type":"ListItem","position":2,"name":"R\u00fcya Analizi At\u00f6lyesi"}]},{"@type":"WebSite","@id":"https:\/\/ruyaenstitusu.com\/#website","url":"https:\/\/ruyaenstitusu.com\/","name":"R\u00fcya Enstit\u00fcs\u00fc","description":"Psikolojide R\u00fcya \u00c7al\u0131\u015fmalar\u0131\u0131","publisher":{"@id":"https:\/\/ruyaenstitusu.com\/#organization"},"potentialAction":[{"@type":"SearchAction","target":{"@type":"EntryPoint","urlTemplate":"https:\/\/ruyaenstitusu.com\/?s={search_term_string}"},"query-input":{"@type":"PropertyValueSpecification","valueRequired":true,"valueName":"search_term_string"}}],"inLanguage":"tr-TR"},{"@type":"Organization","@id":"https:\/\/ruyaenstitusu.com\/#organization","name":"R\u00fcya Enstit\u00fcs\u00fc","url":"https:\/\/ruyaenstitusu.com\/","logo":{"@type":"ImageObject","inLanguage":"tr-TR","@id":"https:\/\/ruyaenstitusu.com\/#\/schema\/logo\/image\/","url":"https:\/\/ruyaenstitusu.com\/wp-content\/uploads\/2024\/03\/cropped-Logo.png","contentUrl":"https:\/\/ruyaenstitusu.com\/wp-content\/uploads\/2024\/03\/cropped-Logo.png","width":1080,"height":719,"caption":"R\u00fcya Enstit\u00fcs\u00fc"},"image":{"@id":"https:\/\/ruyaenstitusu.com\/#\/schema\/logo\/image\/"},"sameAs":["https:\/\/www.instagram.com\/ruyaenstitusu\/"]}]}},"_links":{"self":[{"href":"https:\/\/ruyaenstitusu.com\/index.php?rest_route=\/wp\/v2\/pages\/2528","targetHints":{"allow":["GET"]}}],"collection":[{"href":"https:\/\/ruyaenstitusu.com\/index.php?rest_route=\/wp\/v2\/pages"}],"about":[{"href":"https:\/\/ruyaenstitusu.com\/index.php?rest_route=\/wp\/v2\/types\/page"}],"author":[{"embeddable":true,"href":"https:\/\/ruyaenstitusu.com\/index.php?rest_route=\/wp\/v2\/users\/1"}],"replies":[{"embeddable":true,"href":"https:\/\/ruyaenstitusu.com\/index.php?rest_route=%2Fwp%2Fv2%2Fcomments&post=2528"}],"version-history":[{"count":4,"href":"https:\/\/ruyaenstitusu.com\/index.php?rest_route=\/wp\/v2\/pages\/2528\/revisions"}],"predecessor-version":[{"id":2548,"href":"https:\/\/ruyaenstitusu.com\/index.php?rest_route=\/wp\/v2\/pages\/2528\/revisions\/2548"}],"wp:attachment":[{"href":"https:\/\/ruyaenstitusu.com\/index.php?rest_route=%2Fwp%2Fv2%2Fmedia&parent=2528"}],"curies":[{"name":"wp","href":"https:\/\/api.w.org\/{rel}","templated":true}]}}