{"id":2337,"date":"2025-12-12T17:31:52","date_gmt":"2025-12-12T14:31:52","guid":{"rendered":"https:\/\/ruyaenstitusu.com\/?page_id=2337"},"modified":"2026-01-18T20:44:36","modified_gmt":"2026-01-18T17:44:36","slug":"arastirmalar-2","status":"publish","type":"page","link":"https:\/\/ruyaenstitusu.com\/?page_id=2337","title":{"rendered":"Ara\u015ft\u0131rmalar"},"content":{"rendered":"\n<h2 class=\"wp-block-heading\"><\/h2>\n\n\n\n<div class=\"wp-block-columns alignwide has-background is-layout-flex wp-container-core-columns-is-layout-1 wp-block-columns-is-layout-flex\" style=\"background-color:#b2b2bf\">\n<div class=\"wp-block-column is-layout-flow wp-block-column-is-layout-flow\">\n<figure class=\"wp-block-image size-large\"><img fetchpriority=\"high\" decoding=\"async\" width=\"819\" height=\"1024\" src=\"https:\/\/ruyaenstitusu.com\/wp-content\/uploads\/2026\/01\/goc-ve-ruya-819x1024.png\" alt=\"\" class=\"wp-image-2430\" srcset=\"https:\/\/ruyaenstitusu.com\/wp-content\/uploads\/2026\/01\/goc-ve-ruya-819x1024.png 819w, https:\/\/ruyaenstitusu.com\/wp-content\/uploads\/2026\/01\/goc-ve-ruya-240x300.png 240w, https:\/\/ruyaenstitusu.com\/wp-content\/uploads\/2026\/01\/goc-ve-ruya-768x960.png 768w, https:\/\/ruyaenstitusu.com\/wp-content\/uploads\/2026\/01\/goc-ve-ruya.png 1080w\" sizes=\"(max-width: 819px) 100vw, 819px\" \/><\/figure>\n<\/div>\n\n\n\n<div class=\"wp-block-column is-vertically-aligned-center is-layout-flow wp-block-column-is-layout-flow\">\n<h2 class=\"wp-block-heading\">G\u00f6\u00e7 ve R\u00fcya Temalar\u0131 Ara\u015ft\u0131rmas\u0131<\/h2>\n\n\n\n<p>De\u011ferli Kat\u0131l\u0131mc\u0131,<\/p>\n\n\n\n<p>Bu \u00e7al\u0131\u015fma, R\u00fcya Enstit\u00fcs\u00fc b\u00fcnyesinde y\u00fcr\u00fct\u00fclen faaliyetlerden biri olup etik kurul onayl\u0131 resmi akademik bir \u00e7al\u0131\u015fma de\u011fildir. <\/p>\n\n\n\n<p>Bu \u00e7al\u0131\u015fma,&nbsp;<strong>iste\u011fe ba\u011fl\u0131 veya zorunlu \u00fclkeleraras\u0131 g\u00f6\u00e7 (d\u0131\u015f g\u00f6\u00e7)&nbsp;deneyimi ya\u015fam\u0131\u015f bireylerin r\u00fcyalar\u0131<\/strong>nda ortaya \u00e7\u0131kan temalar\u0131, imgeleri ve duygusal ya\u015fant\u0131lar\u0131 tan\u0131mak amac\u0131yla haz\u0131rlanm\u0131\u015ft\u0131r. \u00c7al\u0131\u015fma, bir \u00fclkeden ba\u015fka bir \u00fclkeye yer de\u011fi\u015ftirmenin r\u00fcya i\u00e7eri\u011fiyle nas\u0131l bir ili\u015fki kurdu\u011funu ke\u015ffetmeyi;&nbsp;anavatana d\u00f6n\u00fc\u015f,&nbsp;yeni \u00fclkeye psikolojik ve sosyal uyum,&nbsp;aidiyet ve yabanc\u0131l\u0131k duygular\u0131,&nbsp;kabuslar&nbsp;ve&nbsp;tekrarlayan r\u00fcyalar&nbsp;gibi deneyimlerin r\u00fcyalarda nas\u0131l temsil edildi\u011fini anlamay\u0131 hedeflemektedir.<\/p>\n\n\n\n<p>Bu ara\u015ft\u0131rmaya kat\u0131lmak tamamen g\u00f6n\u00fcll\u00fcl\u00fck esas\u0131na ba\u011fl\u0131d\u0131r. Bu \u00e7al\u0131\u015fma s\u00fcresince toplanan veriler yaln\u0131zca gelecekteki \u00e7al\u0131\u015fmalar\u0131n de\u011ferlendirilmesi, akademik ara\u015ft\u0131rmalara \u00f6n a\u00e7mas\u0131 ve \u00fclkemizin r\u00fcya desenlerinin incelenmesi amac\u0131 ile kullan\u0131lacak ve R\u00fcya Enstit\u00fcs\u00fc b\u00fcnyesinde yap\u0131lan \u00e7al\u0131\u015fmalarda sunulacakt\u0131r. Uygulama yakla\u015f\u0131k olarak 5-6 dakika s\u00fcrmektedir. \u00c7al\u0131\u015fmaya kat\u0131lmay\u0131 kabul edip, \u00f6l\u00e7ek maddelerini doldurmaya ba\u015flad\u0131ktan sonra herhangi bir nedenle \u00f6l\u00e7e\u011fi tamamlamak istemezseniz, \u00f6l\u00e7e\u011fi yar\u0131da b\u0131rak\u0131p s\u00fcreci sonland\u0131rabilirsiniz. Bu konu ile ilgili herhangi bir sorunuz ya da endi\u015feniz olursa a\u015fa\u011f\u0131daki ileti\u015fim bilgilerinden ara\u015ft\u0131rma ekibine ula\u015fabilirsiniz. \u0130lginiz ve kat\u0131l\u0131m\u0131n\u0131z i\u00e7in \u015fimdiden te\u015fekk\u00fcr eder, sayg\u0131lar sunar\u0131z.<\/p>\n\n\n\n<p>Y\u00fcr\u00fct\u00fcc\u00fc: Ali R\u0131za Duru | alirizaduru@gmail.com<\/p>\n\n\n\n<div class=\"wp-block-buttons is-layout-flex wp-block-buttons-is-layout-flex\">\n<div class=\"wp-block-button is-style-primary\"><a class=\"wp-block-button__link wp-element-button\" href=\"https:\/\/forms.gle\/NXWK3hcWGJTXkFP37\">Anket Formu<\/a><\/div>\n<\/div>\n<\/div>\n<\/div>\n\n\n\n<div class=\"wp-block-columns alignwide has-background is-layout-flex wp-container-core-columns-is-layout-2 wp-block-columns-is-layout-flex\" style=\"background-color:#b2b2bf\">\n<div class=\"wp-block-column is-layout-flow wp-block-column-is-layout-flow\">\n<figure class=\"wp-block-image size-large\"><img decoding=\"async\" width=\"819\" height=\"1024\" src=\"https:\/\/ruyaenstitusu.com\/wp-content\/uploads\/2025\/08\/Tipik-Ruyalar-819x1024.png\" alt=\"\" class=\"wp-image-1831\" srcset=\"https:\/\/ruyaenstitusu.com\/wp-content\/uploads\/2025\/08\/Tipik-Ruyalar-819x1024.png 819w, https:\/\/ruyaenstitusu.com\/wp-content\/uploads\/2025\/08\/Tipik-Ruyalar-240x300.png 240w, https:\/\/ruyaenstitusu.com\/wp-content\/uploads\/2025\/08\/Tipik-Ruyalar-768x960.png 768w, https:\/\/ruyaenstitusu.com\/wp-content\/uploads\/2025\/08\/Tipik-Ruyalar.png 1080w\" sizes=\"(max-width: 819px) 100vw, 819px\" \/><\/figure>\n<\/div>\n\n\n\n<div class=\"wp-block-column is-vertically-aligned-center is-layout-flow wp-block-column-is-layout-flow\">\n<h2 class=\"wp-block-heading\">Tipik R\u00fcyalar Ara\u015ft\u0131rmas\u0131<\/h2>\n\n\n\n<p>De\u011ferli Kat\u0131l\u0131mc\u0131,<\/p>\n\n\n\n<p>Bu \u00e7al\u0131\u015fma, R\u00fcya Enstit\u00fcs\u00fc b\u00fcnyesinde y\u00fcr\u00fct\u00fclen faaliyetlerden biri olup etik kurul onayl\u0131 resmi akademik bir \u00e7al\u0131\u015fma de\u011fildir. \u00c7al\u0131\u015fman\u0131n amac\u0131 \u00fclkemizdeki r\u00fcya temalar\u0131n\u0131 daha iyi anlamak ve gelecekte yap\u0131lacak olan \u00e7al\u0131\u015fmalar\u0131n \u00f6n\u00fcn\u00fc a\u00e7acak fikirler geli\u015ftirmektir.&nbsp;<\/p>\n\n\n\n<p>Bu ara\u015ft\u0131rmaya kat\u0131lmak tamamen g\u00f6n\u00fcll\u00fcl\u00fck esas\u0131na ba\u011fl\u0131d\u0131r. A\u015fa\u011f\u0131daki onay kutucu\u011funu \u201conayl\u0131yorum\u201d \u015feklinde i\u015faretlerseniz ara\u015ft\u0131rmaya g\u00f6n\u00fcll\u00fc olarak kat\u0131lmay\u0131 kabul etmi\u015f say\u0131l\u0131rs\u0131n\u0131z. Ara\u015ft\u0131rma kapsam\u0131nda hi\u00e7bir kat\u0131l\u0131mc\u0131n\u0131n kimlik bilgileri ve ileti\u015fim bilgileri gibi \u00f6zel bilgiler istenmemektedir. Bu \u00e7al\u0131\u015fma s\u00fcresince toplanan veriler yaln\u0131zca gelecekteki \u00e7al\u0131\u015fmalar\u0131n de\u011ferlendirilmesi, akademik ara\u015ft\u0131rmalara \u00f6n a\u00e7mas\u0131 ve \u00fclkemizin r\u00fcya desenlerinin incelenmesi amac\u0131 ile kullan\u0131lacak ve R\u00fcya Enstit\u00fcs\u00fc b\u00fcnyesinde yap\u0131lan \u00e7al\u0131\u015fmalarda sunulacakt\u0131r. Uygulama yakla\u015f\u0131k olarak 5 dakika s\u00fcrmektedir. \u00c7al\u0131\u015fmaya kat\u0131lmay\u0131 kabul edip, \u00f6l\u00e7ek maddelerini doldurmaya ba\u015flad\u0131ktan sonra herhangi bir nedenle \u00f6l\u00e7e\u011fi tamamlamak istemezseniz, \u00f6l\u00e7e\u011fi yar\u0131da b\u0131rak\u0131p s\u00fcreci sonland\u0131rabilirsiniz. Bu konu ile ilgili herhangi bir sorunuz ya da endi\u015feniz olursa a\u015fa\u011f\u0131daki ileti\u015fim bilgilerinden ara\u015ft\u0131rma ekibine ula\u015fabilirsiniz. \u0130lginiz ve kat\u0131l\u0131m\u0131n\u0131z i\u00e7in \u015fimdiden te\u015fekk\u00fcr eder, sayg\u0131lar sunar\u0131z.<\/p>\n\n\n\n<p>Y\u00fcr\u00fct\u00fcc\u00fc: Ali R\u0131za Duru | alirizaduru@gmail.com<\/p>\n\n\n\n<div class=\"wp-block-buttons is-layout-flex wp-block-buttons-is-layout-flex\">\n<div class=\"wp-block-button is-style-primary\"><a class=\"wp-block-button__link wp-element-button\" href=\"https:\/\/forms.gle\/3S3n7nq8na5Ujn36A\">Anket Formu<\/a><\/div>\n<\/div>\n<\/div>\n<\/div>\n\n\n\n<div class=\"wp-block-columns alignwide has-background is-layout-flex wp-container-core-columns-is-layout-3 wp-block-columns-is-layout-flex\" style=\"background-color:#b2b2bf\">\n<div class=\"wp-block-column is-layout-flow wp-block-column-is-layout-flow\">\n<figure class=\"wp-block-image size-large\"><img decoding=\"async\" width=\"819\" height=\"1024\" src=\"https:\/\/ruyaenstitusu.com\/wp-content\/uploads\/2025\/08\/ARastirma-Postlari-819x1024.png\" alt=\"\" class=\"wp-image-1860\" srcset=\"https:\/\/ruyaenstitusu.com\/wp-content\/uploads\/2025\/08\/ARastirma-Postlari-819x1024.png 819w, https:\/\/ruyaenstitusu.com\/wp-content\/uploads\/2025\/08\/ARastirma-Postlari-240x300.png 240w, https:\/\/ruyaenstitusu.com\/wp-content\/uploads\/2025\/08\/ARastirma-Postlari-768x960.png 768w, https:\/\/ruyaenstitusu.com\/wp-content\/uploads\/2025\/08\/ARastirma-Postlari.png 1080w\" sizes=\"(max-width: 819px) 100vw, 819px\" \/><\/figure>\n<\/div>\n\n\n\n<div class=\"wp-block-column is-vertically-aligned-center is-layout-flow wp-block-column-is-layout-flow\">\n<h2 class=\"wp-block-heading\">Tekrarlayan R\u00fcyalar Ara\u015ft\u0131rmas\u0131<\/h2>\n\n\n\n<p>De\u011ferli Kat\u0131l\u0131mc\u0131,<\/p>\n\n\n\n<p>Bu \u00e7al\u0131\u015fma, R\u00fcya Enstit\u00fcs\u00fc b\u00fcnyesinde y\u00fcr\u00fct\u00fclen faaliyetlerden biri olup etik kurul onayl\u0131 resmi akademik bir \u00e7al\u0131\u015fma de\u011fildir. \u00c7al\u0131\u015fman\u0131n amac\u0131 \u00fclkemizdeki tekrarlayan r\u00fcya temalar\u0131n\u0131 daha iyi anlamak ve gelecekte yap\u0131lacak olan \u00e7al\u0131\u015fmalar\u0131n \u00f6n\u00fcn\u00fc a\u00e7acak fikirler geli\u015ftirmektir.&nbsp;<\/p>\n\n\n\n<p>Bu ara\u015ft\u0131rmaya kat\u0131lmak tamamen g\u00f6n\u00fcll\u00fcl\u00fck esas\u0131na ba\u011fl\u0131d\u0131r. A\u015fa\u011f\u0131daki onay kutucu\u011funu \u201conayl\u0131yorum\u201d \u015feklinde i\u015faretlerseniz ara\u015ft\u0131rmaya g\u00f6n\u00fcll\u00fc olarak kat\u0131lmay\u0131 kabul etmi\u015f say\u0131l\u0131rs\u0131n\u0131z. Ara\u015ft\u0131rma kapsam\u0131nda hi\u00e7bir kat\u0131l\u0131mc\u0131n\u0131n kimlik bilgileri ve ileti\u015fim bilgileri gibi \u00f6zel bilgiler istenmemektedir. Bu \u00e7al\u0131\u015fma s\u00fcresince toplanan veriler yaln\u0131zca gelecekteki \u00e7al\u0131\u015fmalar\u0131n de\u011ferlendirilmesi, akademik ara\u015ft\u0131rmalara \u00f6n a\u00e7mas\u0131 ve \u00fclkemizin r\u00fcya desenlerinin incelenmesi amac\u0131 ile kullan\u0131lacak ve R\u00fcya Enstit\u00fcs\u00fc b\u00fcnyesinde yap\u0131lan \u00e7al\u0131\u015fmalarda sunulacakt\u0131r. Uygulama yakla\u015f\u0131k olarak 5 dakika s\u00fcrmektedir. \u00c7al\u0131\u015fmaya kat\u0131lmay\u0131 kabul edip, \u00f6l\u00e7ek maddelerini doldurmaya ba\u015flad\u0131ktan sonra herhangi bir nedenle \u00f6l\u00e7e\u011fi tamamlamak istemezseniz, \u00f6l\u00e7e\u011fi yar\u0131da b\u0131rak\u0131p s\u00fcreci sonland\u0131rabilirsiniz. Bu konu ile ilgili herhangi bir sorunuz ya da endi\u015feniz olursa a\u015fa\u011f\u0131daki ileti\u015fim bilgilerinden ara\u015ft\u0131rma ekibine ula\u015fabilirsiniz. \u0130lginiz ve kat\u0131l\u0131m\u0131n\u0131z i\u00e7in \u015fimdiden te\u015fekk\u00fcr eder, sayg\u0131lar sunar\u0131z.<\/p>\n\n\n\n<p>Y\u00fcr\u00fct\u00fcc\u00fc: Ali R\u0131za Duru | alirizaduru@gmail.com<\/p>\n\n\n\n<div class=\"wp-block-buttons is-layout-flex wp-block-buttons-is-layout-flex\">\n<div class=\"wp-block-button is-style-primary\"><a class=\"wp-block-button__link wp-element-button\" href=\"https:\/\/forms.gle\/DqhBasiX7J6gSPFX8\">Anket Formu<\/a><\/div>\n<\/div>\n<\/div>\n<\/div>\n\n\n\n<p><\/p>\n\n\n\n<div class=\"wp-block-columns alignwide has-background is-layout-flex wp-container-core-columns-is-layout-4 wp-block-columns-is-layout-flex\" style=\"background-color:#b2b2bf\">\n<div class=\"wp-block-column is-layout-flow wp-block-column-is-layout-flow\">\n<figure class=\"wp-block-image size-large\"><img loading=\"lazy\" decoding=\"async\" width=\"819\" height=\"1024\" src=\"https:\/\/ruyaenstitusu.com\/wp-content\/uploads\/2025\/12\/ARastirma-Postlari-819x1024.png\" alt=\"\" class=\"wp-image-2339\" srcset=\"https:\/\/ruyaenstitusu.com\/wp-content\/uploads\/2025\/12\/ARastirma-Postlari-819x1024.png 819w, https:\/\/ruyaenstitusu.com\/wp-content\/uploads\/2025\/12\/ARastirma-Postlari-240x300.png 240w, https:\/\/ruyaenstitusu.com\/wp-content\/uploads\/2025\/12\/ARastirma-Postlari-768x960.png 768w, https:\/\/ruyaenstitusu.com\/wp-content\/uploads\/2025\/12\/ARastirma-Postlari.png 1080w\" sizes=\"(max-width: 819px) 100vw, 819px\" \/><\/figure>\n<\/div>\n\n\n\n<div class=\"wp-block-column is-vertically-aligned-center is-layout-flow wp-block-column-is-layout-flow\">\n<h2 class=\"wp-block-heading\">2025 T\u00fcrkiye R\u00fcya Temalar\u0131 Ara\u015ft\u0131rmas\u0131<\/h2>\n\n\n\n<p>De\u011ferli Kat\u0131l\u0131mc\u0131,<\/p>\n\n\n\n<p>Bu \u00e7al\u0131\u015fma, R\u00fcya Enstit\u00fcs\u00fc b\u00fcnyesinde y\u00fcr\u00fct\u00fclen faaliyetlerden biri olup etik kurul onayl\u0131 resmi akademik bir \u00e7al\u0131\u015fma de\u011fildir. \u00c7al\u0131\u015fman\u0131n amac\u0131 2025 y\u0131l\u0131nda T\u00fcrkiye&#8217;de g\u00f6r\u00fclen r\u00fcya temalar\u0131n\u0131 daha iyi anlamak ve gelecekte yap\u0131lacak olan \u00e7al\u0131\u015fmalar\u0131n \u00f6n\u00fcn\u00fc a\u00e7acak fikirler geli\u015ftirmektir.&nbsp;<\/p>\n\n\n\n<p>Bu ara\u015ft\u0131rmaya kat\u0131lmak tamamen g\u00f6n\u00fcll\u00fcl\u00fck esas\u0131na ba\u011fl\u0131d\u0131r. Ara\u015ft\u0131rma kapsam\u0131nda hi\u00e7bir kat\u0131l\u0131mc\u0131n\u0131n kimlik bilgileri ve ileti\u015fim bilgileri gibi \u00f6zel bilgiler istenmemektedir. Bu \u00e7al\u0131\u015fma s\u00fcresince toplanan veriler yaln\u0131zca gelecekteki \u00e7al\u0131\u015fmalar\u0131n de\u011ferlendirilmesi, akademik ara\u015ft\u0131rmalara \u00f6n a\u00e7mas\u0131 ve \u00fclkemizin r\u00fcya desenlerinin incelenmesi amac\u0131 ile kullan\u0131lacak ve R\u00fcya Enstit\u00fcs\u00fc b\u00fcnyesinde yap\u0131lan \u00e7al\u0131\u015fmalarda sunulacakt\u0131r. Uygulama yakla\u015f\u0131k olarak 5-6 dakika s\u00fcrmektedir. \u00c7al\u0131\u015fmaya kat\u0131lmay\u0131 kabul edip, \u00f6l\u00e7ek maddelerini doldurmaya ba\u015flad\u0131ktan sonra herhangi bir nedenle \u00f6l\u00e7e\u011fi tamamlamak istemezseniz, \u00f6l\u00e7e\u011fi yar\u0131da b\u0131rak\u0131p s\u00fcreci sonland\u0131rabilirsiniz. Bu konu ile ilgili herhangi bir sorunuz ya da endi\u015feniz olursa a\u015fa\u011f\u0131daki ileti\u015fim bilgilerinden ara\u015ft\u0131rma ekibine ula\u015fabilirsiniz. \u0130lginiz ve kat\u0131l\u0131m\u0131n\u0131z i\u00e7in \u015fimdiden te\u015fekk\u00fcr eder, sayg\u0131lar sunar\u0131z.<\/p>\n\n\n\n<p>Y\u00fcr\u00fct\u00fcc\u00fc: Ali R\u0131za Duru | alirizaduru@gmail.com<\/p>\n\n\n\n<div class=\"wp-block-buttons is-layout-flex wp-block-buttons-is-layout-flex\">\n<div class=\"wp-block-button is-style-primary\"><a class=\"wp-block-button__link wp-element-button\" href=\"https:\/\/ruyaenstitusu.com\/?page_id=2449\">Tamamlanm\u0131\u015ft\u0131r. Sonu\u00e7lar\u0131 G\u00f6rmek \u0130\u00e7in T\u0131klay\u0131n\u0131z<\/a><\/div>\n<\/div>\n<\/div>\n<\/div>\n\n\n\n<p><\/p>\n","protected":false},"excerpt":{"rendered":"<p>G\u00f6\u00e7 ve R\u00fcya Temalar\u0131 Ara\u015ft\u0131rmas\u0131 De\u011ferli Kat\u0131l\u0131mc\u0131, Bu \u00e7al\u0131\u015fma, R\u00fcya Enstit\u00fcs\u00fc b\u00fcnyesinde y\u00fcr\u00fct\u00fclen faaliyetlerden biri olup etik kurul onayl\u0131 resmi akademik bir \u00e7al\u0131\u015fma de\u011fildir. Bu \u00e7al\u0131\u015fma,&nbsp;iste\u011fe ba\u011fl\u0131 veya zorunlu \u00fclkeleraras\u0131 g\u00f6\u00e7 (d\u0131\u015f g\u00f6\u00e7)&nbsp;deneyimi ya\u015fam\u0131\u015f bireylerin r\u00fcyalar\u0131nda ortaya \u00e7\u0131kan temalar\u0131, imgeleri ve duygusal ya\u015fant\u0131lar\u0131 tan\u0131mak amac\u0131yla haz\u0131rlanm\u0131\u015ft\u0131r. \u00c7al\u0131\u015fma, bir \u00fclkeden ba\u015fka bir \u00fclkeye yer de\u011fi\u015ftirmenin r\u00fcya&hellip;&nbsp;<a href=\"https:\/\/ruyaenstitusu.com\/?page_id=2337\" rel=\"bookmark\">Daha fazlas\u0131n\u0131 oku &raquo;<span class=\"screen-reader-text\">Ara\u015ft\u0131rmalar<\/span><\/a><\/p>\n","protected":false},"author":1,"featured_media":0,"parent":0,"menu_order":0,"comment_status":"closed","ping_status":"closed","template":"","meta":{"neve_meta_sidebar":"","neve_meta_container":"","neve_meta_enable_content_width":"","neve_meta_content_width":0,"neve_meta_title_alignment":"","neve_meta_author_avatar":"","neve_post_elements_order":"","neve_meta_disable_header":"","neve_meta_disable_footer":"","neve_meta_disable_title":"","ngg_post_thumbnail":0,"footnotes":""},"class_list":["post-2337","page","type-page","status-publish","hentry"],"yoast_head":"<!-- This site is optimized with the Yoast SEO plugin v24.7 - https:\/\/yoast.com\/wordpress\/plugins\/seo\/ -->\n<title>Ara\u015ft\u0131rmalar - R\u00fcya Enstit\u00fcs\u00fc<\/title>\n<meta name=\"robots\" content=\"index, follow, max-snippet:-1, max-image-preview:large, max-video-preview:-1\" \/>\n<link rel=\"canonical\" href=\"https:\/\/ruyaenstitusu.com\/?page_id=2337\" \/>\n<meta property=\"og:locale\" content=\"tr_TR\" \/>\n<meta property=\"og:locale:alternate\" content=\"en_US\" \/>\n<meta property=\"og:type\" content=\"article\" \/>\n<meta property=\"og:title\" content=\"Ara\u015ft\u0131rmalar\" \/>\n<meta property=\"og:description\" content=\"G\u00f6\u00e7 ve R\u00fcya Temalar\u0131 Ara\u015ft\u0131rmas\u0131 De\u011ferli Kat\u0131l\u0131mc\u0131, Bu \u00e7al\u0131\u015fma, R\u00fcya Enstit\u00fcs\u00fc b\u00fcnyesinde y\u00fcr\u00fct\u00fclen faaliyetlerden biri olup etik kurul onayl\u0131 resmi akademik bir \u00e7al\u0131\u015fma de\u011fildir. Bu \u00e7al\u0131\u015fma,&nbsp;iste\u011fe ba\u011fl\u0131 veya zorunlu \u00fclkeleraras\u0131 g\u00f6\u00e7 (d\u0131\u015f g\u00f6\u00e7)&nbsp;deneyimi ya\u015fam\u0131\u015f bireylerin r\u00fcyalar\u0131nda ortaya \u00e7\u0131kan temalar\u0131, imgeleri ve duygusal ya\u015fant\u0131lar\u0131 tan\u0131mak amac\u0131yla haz\u0131rlanm\u0131\u015ft\u0131r. \u00c7al\u0131\u015fma, bir \u00fclkeden ba\u015fka bir \u00fclkeye yer de\u011fi\u015ftirmenin r\u00fcya&hellip;&nbsp;Daha fazlas\u0131n\u0131 oku &raquo;Ara\u015ft\u0131rmalar\" \/>\n<meta property=\"og:url\" content=\"https:\/\/ruyaenstitusu.com\/?page_id=2337\" \/>\n<meta property=\"og:site_name\" content=\"R\u00fcya Enstit\u00fcs\u00fc\" \/>\n<meta property=\"article:modified_time\" content=\"2026-01-18T17:44:36+00:00\" \/>\n<meta property=\"og:image\" content=\"https:\/\/ruyaenstitusu.com\/wp-content\/uploads\/2026\/01\/goc-ve-ruya.png\" \/>\n\t<meta property=\"og:image:width\" content=\"1080\" \/>\n\t<meta property=\"og:image:height\" content=\"1350\" \/>\n\t<meta property=\"og:image:type\" content=\"image\/png\" \/>\n<meta name=\"twitter:card\" content=\"summary_large_image\" \/>\n<meta name=\"twitter:label1\" content=\"Tahmini okuma s\u00fcresi\" \/>\n\t<meta name=\"twitter:data1\" content=\"5 dakika\" \/>\n<script type=\"application\/ld+json\" class=\"yoast-schema-graph\">{\"@context\":\"https:\/\/schema.org\",\"@graph\":[{\"@type\":\"WebPage\",\"@id\":\"https:\/\/ruyaenstitusu.com\/?page_id=2337\",\"url\":\"https:\/\/ruyaenstitusu.com\/?page_id=2337\",\"name\":\"Ara\u015ft\u0131rmalar\",\"isPartOf\":{\"@id\":\"https:\/\/ruyaenstitusu.com\/#website\"},\"primaryImageOfPage\":{\"@id\":\"https:\/\/ruyaenstitusu.com\/?page_id=2337#primaryimage\"},\"image\":{\"@id\":\"https:\/\/ruyaenstitusu.com\/?page_id=2337#primaryimage\"},\"thumbnailUrl\":\"https:\/\/ruyaenstitusu.com\/wp-content\/uploads\/2026\/01\/goc-ve-ruya-819x1024.png\",\"datePublished\":\"2025-12-12T14:31:52+00:00\",\"dateModified\":\"2026-01-18T17:44:36+00:00\",\"breadcrumb\":{\"@id\":\"https:\/\/ruyaenstitusu.com\/?page_id=2337#breadcrumb\"},\"inLanguage\":\"tr-TR\",\"potentialAction\":[{\"@type\":\"ReadAction\",\"target\":[\"https:\/\/ruyaenstitusu.com\/?page_id=2337\"]}]},{\"@type\":\"ImageObject\",\"inLanguage\":\"tr-TR\",\"@id\":\"https:\/\/ruyaenstitusu.com\/?page_id=2337#primaryimage\",\"url\":\"https:\/\/ruyaenstitusu.com\/wp-content\/uploads\/2026\/01\/goc-ve-ruya.png\",\"contentUrl\":\"https:\/\/ruyaenstitusu.com\/wp-content\/uploads\/2026\/01\/goc-ve-ruya.png\",\"width\":1080,\"height\":1350},{\"@type\":\"BreadcrumbList\",\"@id\":\"https:\/\/ruyaenstitusu.com\/?page_id=2337#breadcrumb\",\"itemListElement\":[{\"@type\":\"ListItem\",\"position\":1,\"name\":\"Anasayfa\",\"item\":\"https:\/\/ruyaenstitusu.com\/\"},{\"@type\":\"ListItem\",\"position\":2,\"name\":\"Ara\u015ft\u0131rmalar\"}]},{\"@type\":\"WebSite\",\"@id\":\"https:\/\/ruyaenstitusu.com\/#website\",\"url\":\"https:\/\/ruyaenstitusu.com\/\",\"name\":\"R\u00fcya Enstit\u00fcs\u00fc\",\"description\":\"Psikolojide R\u00fcya \u00c7al\u0131\u015fmalar\u0131\u0131\",\"publisher\":{\"@id\":\"https:\/\/ruyaenstitusu.com\/#organization\"},\"potentialAction\":[{\"@type\":\"SearchAction\",\"target\":{\"@type\":\"EntryPoint\",\"urlTemplate\":\"https:\/\/ruyaenstitusu.com\/?s={search_term_string}\"},\"query-input\":{\"@type\":\"PropertyValueSpecification\",\"valueRequired\":true,\"valueName\":\"search_term_string\"}}],\"inLanguage\":\"tr-TR\"},{\"@type\":\"Organization\",\"@id\":\"https:\/\/ruyaenstitusu.com\/#organization\",\"name\":\"R\u00fcya Enstit\u00fcs\u00fc\",\"url\":\"https:\/\/ruyaenstitusu.com\/\",\"logo\":{\"@type\":\"ImageObject\",\"inLanguage\":\"tr-TR\",\"@id\":\"https:\/\/ruyaenstitusu.com\/#\/schema\/logo\/image\/\",\"url\":\"https:\/\/ruyaenstitusu.com\/wp-content\/uploads\/2024\/03\/cropped-Logo.png\",\"contentUrl\":\"https:\/\/ruyaenstitusu.com\/wp-content\/uploads\/2024\/03\/cropped-Logo.png\",\"width\":1080,\"height\":719,\"caption\":\"R\u00fcya Enstit\u00fcs\u00fc\"},\"image\":{\"@id\":\"https:\/\/ruyaenstitusu.com\/#\/schema\/logo\/image\/\"},\"sameAs\":[\"https:\/\/www.instagram.com\/ruyaenstitusu\/\"]}]}<\/script>\n<!-- \/ Yoast SEO plugin. -->","yoast_head_json":{"title":"Ara\u015ft\u0131rmalar - R\u00fcya Enstit\u00fcs\u00fc","robots":{"index":"index","follow":"follow","max-snippet":"max-snippet:-1","max-image-preview":"max-image-preview:large","max-video-preview":"max-video-preview:-1"},"canonical":"https:\/\/ruyaenstitusu.com\/?page_id=2337","og_locale":"tr_TR","og_type":"article","og_title":"[:tr]Ara\u015ft\u0131rmalar[:] - R\u00fcya Enstit\u00fcs\u00fc","og_description":"G\u00f6\u00e7 ve R\u00fcya Temalar\u0131 Ara\u015ft\u0131rmas\u0131 De\u011ferli Kat\u0131l\u0131mc\u0131, Bu \u00e7al\u0131\u015fma, R\u00fcya Enstit\u00fcs\u00fc b\u00fcnyesinde y\u00fcr\u00fct\u00fclen faaliyetlerden biri olup etik kurul onayl\u0131 resmi akademik bir \u00e7al\u0131\u015fma de\u011fildir. Bu \u00e7al\u0131\u015fma,&nbsp;iste\u011fe ba\u011fl\u0131 veya zorunlu \u00fclkeleraras\u0131 g\u00f6\u00e7 (d\u0131\u015f g\u00f6\u00e7)&nbsp;deneyimi ya\u015fam\u0131\u015f bireylerin r\u00fcyalar\u0131nda ortaya \u00e7\u0131kan temalar\u0131, imgeleri ve duygusal ya\u015fant\u0131lar\u0131 tan\u0131mak amac\u0131yla haz\u0131rlanm\u0131\u015ft\u0131r. \u00c7al\u0131\u015fma, bir \u00fclkeden ba\u015fka bir \u00fclkeye yer de\u011fi\u015ftirmenin r\u00fcya&hellip;&nbsp;Daha fazlas\u0131n\u0131 oku &raquo;Ara\u015ft\u0131rmalar","og_url":"https:\/\/ruyaenstitusu.com\/?page_id=2337","og_site_name":"R\u00fcya Enstit\u00fcs\u00fc","article_modified_time":"2026-01-18T17:44:36+00:00","og_image":[{"width":1080,"height":1350,"url":"https:\/\/ruyaenstitusu.com\/wp-content\/uploads\/2026\/01\/goc-ve-ruya.png","type":"image\/png"}],"twitter_card":"summary_large_image","twitter_misc":{"Tahmini okuma s\u00fcresi":"5 dakika"},"schema":{"@context":"https:\/\/schema.org","@graph":[{"@type":"WebPage","@id":"https:\/\/ruyaenstitusu.com\/?page_id=2337","url":"https:\/\/ruyaenstitusu.com\/?page_id=2337","name":"Ara\u015ft\u0131rmalar","isPartOf":{"@id":"https:\/\/ruyaenstitusu.com\/#website"},"primaryImageOfPage":{"@id":"https:\/\/ruyaenstitusu.com\/?page_id=2337#primaryimage"},"image":{"@id":"https:\/\/ruyaenstitusu.com\/?page_id=2337#primaryimage"},"thumbnailUrl":"https:\/\/ruyaenstitusu.com\/wp-content\/uploads\/2026\/01\/goc-ve-ruya-819x1024.png","datePublished":"2025-12-12T14:31:52+00:00","dateModified":"2026-01-18T17:44:36+00:00","breadcrumb":{"@id":"https:\/\/ruyaenstitusu.com\/?page_id=2337#breadcrumb"},"inLanguage":"tr-TR","potentialAction":[{"@type":"ReadAction","target":["https:\/\/ruyaenstitusu.com\/?page_id=2337"]}]},{"@type":"ImageObject","inLanguage":"tr-TR","@id":"https:\/\/ruyaenstitusu.com\/?page_id=2337#primaryimage","url":"https:\/\/ruyaenstitusu.com\/wp-content\/uploads\/2026\/01\/goc-ve-ruya.png","contentUrl":"https:\/\/ruyaenstitusu.com\/wp-content\/uploads\/2026\/01\/goc-ve-ruya.png","width":1080,"height":1350},{"@type":"BreadcrumbList","@id":"https:\/\/ruyaenstitusu.com\/?page_id=2337#breadcrumb","itemListElement":[{"@type":"ListItem","position":1,"name":"Anasayfa","item":"https:\/\/ruyaenstitusu.com\/"},{"@type":"ListItem","position":2,"name":"Ara\u015ft\u0131rmalar"}]},{"@type":"WebSite","@id":"https:\/\/ruyaenstitusu.com\/#website","url":"https:\/\/ruyaenstitusu.com\/","name":"R\u00fcya Enstit\u00fcs\u00fc","description":"Psikolojide R\u00fcya \u00c7al\u0131\u015fmalar\u0131\u0131","publisher":{"@id":"https:\/\/ruyaenstitusu.com\/#organization"},"potentialAction":[{"@type":"SearchAction","target":{"@type":"EntryPoint","urlTemplate":"https:\/\/ruyaenstitusu.com\/?s={search_term_string}"},"query-input":{"@type":"PropertyValueSpecification","valueRequired":true,"valueName":"search_term_string"}}],"inLanguage":"tr-TR"},{"@type":"Organization","@id":"https:\/\/ruyaenstitusu.com\/#organization","name":"R\u00fcya Enstit\u00fcs\u00fc","url":"https:\/\/ruyaenstitusu.com\/","logo":{"@type":"ImageObject","inLanguage":"tr-TR","@id":"https:\/\/ruyaenstitusu.com\/#\/schema\/logo\/image\/","url":"https:\/\/ruyaenstitusu.com\/wp-content\/uploads\/2024\/03\/cropped-Logo.png","contentUrl":"https:\/\/ruyaenstitusu.com\/wp-content\/uploads\/2024\/03\/cropped-Logo.png","width":1080,"height":719,"caption":"R\u00fcya Enstit\u00fcs\u00fc"},"image":{"@id":"https:\/\/ruyaenstitusu.com\/#\/schema\/logo\/image\/"},"sameAs":["https:\/\/www.instagram.com\/ruyaenstitusu\/"]}]}},"_links":{"self":[{"href":"https:\/\/ruyaenstitusu.com\/index.php?rest_route=\/wp\/v2\/pages\/2337","targetHints":{"allow":["GET"]}}],"collection":[{"href":"https:\/\/ruyaenstitusu.com\/index.php?rest_route=\/wp\/v2\/pages"}],"about":[{"href":"https:\/\/ruyaenstitusu.com\/index.php?rest_route=\/wp\/v2\/types\/page"}],"author":[{"embeddable":true,"href":"https:\/\/ruyaenstitusu.com\/index.php?rest_route=\/wp\/v2\/users\/1"}],"replies":[{"embeddable":true,"href":"https:\/\/ruyaenstitusu.com\/index.php?rest_route=%2Fwp%2Fv2%2Fcomments&post=2337"}],"version-history":[{"count":13,"href":"https:\/\/ruyaenstitusu.com\/index.php?rest_route=\/wp\/v2\/pages\/2337\/revisions"}],"predecessor-version":[{"id":2466,"href":"https:\/\/ruyaenstitusu.com\/index.php?rest_route=\/wp\/v2\/pages\/2337\/revisions\/2466"}],"wp:attachment":[{"href":"https:\/\/ruyaenstitusu.com\/index.php?rest_route=%2Fwp%2Fv2%2Fmedia&parent=2337"}],"curies":[{"name":"wp","href":"https:\/\/api.w.org\/{rel}","templated":true}]}}