{"id":2220,"date":"2025-10-23T15:06:03","date_gmt":"2025-10-23T12:06:03","guid":{"rendered":"https:\/\/ruyaenstitusu.com\/?page_id=2220"},"modified":"2025-12-30T18:07:33","modified_gmt":"2025-12-30T15:07:33","slug":"icsel-sahne-ruyalara-disiplinler-arasi-yaklasim","status":"publish","type":"page","link":"https:\/\/ruyaenstitusu.com\/?page_id=2220","title":{"rendered":"\u0130\u00c7SEL SAHNE &#8211; R\u00fcyalara Disiplinler Aras\u0131 Yakla\u015f\u0131m"},"content":{"rendered":"\n<figure class=\"wp-block-image size-full is-resized\"><img fetchpriority=\"high\" decoding=\"async\" width=\"573\" height=\"900\" src=\"https:\/\/ruyaenstitusu.com\/wp-content\/uploads\/2025\/12\/icsel-sahne-on-kapak.png\" alt=\"\" class=\"wp-image-2385\" style=\"width:332px;height:auto\" srcset=\"https:\/\/ruyaenstitusu.com\/wp-content\/uploads\/2025\/12\/icsel-sahne-on-kapak.png 573w, https:\/\/ruyaenstitusu.com\/wp-content\/uploads\/2025\/12\/icsel-sahne-on-kapak-191x300.png 191w\" sizes=\"(max-width: 573px) 100vw, 573px\" \/><figcaption class=\"wp-element-caption\">\u0130\u00e7sel Sahne &#8211; R\u00fcyalara Disiplinler Aras\u0131 Yakla\u015f\u0131m<\/figcaption><\/figure>\n\n\n\n<p>Kitab\u0131m\u0131z Nobel Yay\u0131nlar\u0131ndan \u00e7\u0131kt\u0131.<\/p>\n\n\n\n<p>R\u00fcyalar; yaln\u0131zca \u00f6znel deneyimlerin yans\u0131malar\u0131 de\u011fil ayn\u0131 zamanda k\u00fclt\u00fcrel, sanatsal, n\u00f6robiyolojik ve felsefi sorgulamalar i\u00e7in de e\u015fsiz bir aland\u0131r.<br>Bu kitap; r\u00fcya olgusuna farkl\u0131 disiplinlerin penceresinden bakarak zihinsel, estetik ve toplumsal anlamlar\u0131n\u0131 \u00e7\u00f6z\u00fcmlemeye y\u00f6nelik kapsaml\u0131 bir \u00e7aban\u0131n \u00fcr\u00fcn\u00fcd\u00fcr. Antropolojiden psikolojiye, n\u00f6robilimden felsefe ve sanata uzanan geni\u015f bir perspektifle r\u00fcyalar hem bireysel deneyimin hem de insanl\u0131k tarihinin derin bir aynas\u0131 olarak ele al\u0131nmaktad\u0131r.<\/p>\n\n\n\n<p><br>\u201c\u0130\u00e7sel Sahne &#8211; R\u00fcyalara Disiplinler Aras\u0131 Yakla\u015f\u0131m\u201d; alan\u0131nda uzman akademisyen, ara\u015ft\u0131rmac\u0131 ve sanat\u00e7\u0131lar\u0131n katk\u0131lar\u0131yla \u015fekillenen \u00f6zg\u00fcn bir derlemedir. Kitapta; n\u00f6ropsikanalitik yakla\u015f\u0131mlardan parasomni t\u00fcrlerine, g\u00fcnd\u00fcz d\u00fc\u015flerinden Eski \u00c7a\u011f rit\u00fcellerine, dijital sanatlarda r\u00fcya imgelerinden sinema ve m\u00fczikteki bilin\u00e7 d\u0131\u015f\u0131 temsillere kadar pek \u00e7ok katman, bilimsel bir zeminde tart\u0131\u015f\u0131lmaktad\u0131r.<\/p>\n\n\n\n<p><br>Bu eser; ruh sa\u011fl\u0131\u011f\u0131 uzmanlar\u0131na, ara\u015ft\u0131rmac\u0131lara, edebiyat\u00e7\u0131lara, sanat\u00e7\u0131lara, r\u00fcya alan\u0131nda \u00e7al\u0131\u015fan ve r\u00fcyalar\u0131n k\u00fclt\u00fcrel, sanatsal ve d\u00fc\u015f\u00fcnsel anlamlar\u0131na ilgi duyan t\u00fcm okuyuculara hitap eden bir ba\u015fvuru kayna\u011f\u0131 niteli\u011findedir. Disiplinler aras\u0131 d\u00fc\u015f\u00fcnmeyi te\u015fvik eden bu \u00e7al\u0131\u015fma, d\u00fc\u015f ve d\u00fc\u015f\u00fcnce aras\u0131nda kurulan o k\u0131r\u0131lgan k\u00f6pr\u00fcy\u00fc birlikte in\u015fa etmeye davet ediyor. Kitab\u0131n i\u00e7indekiler b\u00f6l\u00fcm\u00fc a\u015fa\u011f\u0131da belirtilmi\u015ftir.<\/p>\n\n\n\n<ul class=\"wp-block-list\">\n<li><strong>I. R\u00fcyan\u0131n K\u00fclt\u00fcrel ve Felsefi K\u00f6kenleri<\/strong><\/li>\n\n\n\n<li>Do\u00e7.Dr. Feyza Ceyhan Co\u015ftu &#8211; Felsefe ve R\u00fcyalar<\/li>\n\n\n\n<li><a href=\"http:\/\/prof.dr\/\" target=\"_blank\" rel=\"noreferrer noopener\">Prof.Dr<\/a>. \u0130smail Gezgin &#8211; R\u00fcyaya Uyanmak ya da G\u00fcnd\u00fcz D\u00fc\u015fleri<\/li>\n\n\n\n<li>Dr.K\u00fcbra Karak\u00f6z &#8211; R\u00fcyalar\u0131n Politik G\u00fcc\u00fc: Eski\u00e7a\u011fda Dinsel \u0130leti\u015fim ve Propaganda<\/li>\n\n\n\n<li><strong>II. Zihin, Bilin\u00e7 ve Terapi<\/strong><\/li>\n\n\n\n<li><a href=\"http:\/\/prof.dr\/\" target=\"_blank\" rel=\"noreferrer noopener\">Prof.Dr<\/a>. Bar\u0131\u015f Baklan &#8211; R\u00fcya&#8217;n\u0131n N\u00f6rolojisi<\/li>\n\n\n\n<li><a href=\"http:\/\/prof.dr\/\" target=\"_blank\" rel=\"noreferrer noopener\">Prof.Dr<\/a>. Mustafa Bilici &#8211; Parasomnialar ve R\u00fcyalar<\/li>\n\n\n\n<li><a href=\"http:\/\/prof.dr\/\" target=\"_blank\" rel=\"noreferrer noopener\">Prof.Dr<\/a>. Hakan Atalay &#8211; N\u00f6ropsikanaliz Ba\u011flam\u0131nda R\u00fcyalar<\/li>\n\n\n\n<li>Dr. \u00d6zg\u00fcr \u00d6\u011f\u00fctcen &#8211; N\u00f6robilim ve Psikanaliz Aras\u0131nda R\u00fcya<\/li>\n\n\n\n<li><a href=\"http:\/\/prof.dr\/\" target=\"_blank\" rel=\"noreferrer noopener\">Prof.Dr<\/a>. Ra\u015fit T\u00fckel &#8211; D\u00fc\u015flerde Anlama Giden Yol&nbsp;<\/li>\n\n\n\n<li>Dr.Tahir \u00d6zakka\u015f &#8211; B\u00fct\u00fcnc\u00fcl Psikoterapi ve R\u00fcyalar<\/li>\n\n\n\n<li>Ali R\u0131za Duru &#8211; G\u00f6\u00e7 Psikolojisi ve R\u00fcya Temalar\u0131<\/li>\n\n\n\n<li><strong>III. R\u00fcya ve Yarat\u0131c\u0131l\u0131\u011f\u0131n Sanatsal \u0130zd\u00fc\u015f\u00fcmleri<\/strong><\/li>\n\n\n\n<li>Do\u00e7.Dr. Damla Can &#8211; Plastik Sanatlarda R\u00fcya<\/li>\n\n\n\n<li>Dr. Deirdre Barrett &#8211; Dijital R\u00fcya Sanat\u0131: R\u00fcyalar ve Yarat\u0131c\u0131l\u0131k<\/li>\n\n\n\n<li>Tan Tolga Demirci &#8211; R\u00fcya ve Sinema, 4 Y\u00f6netmen 4 R\u00fcya<\/li>\n\n\n\n<li>Sanat Deliorman &#8211; M\u00fczik ve R\u00fcyalar<\/li>\n\n\n\n<li>Noa H. Duru &#8211; Arkaik Seslerle G\u00fcnd\u00fcz D\u00fc\u015fleri&nbsp;<\/li>\n\n\n\n<li>\u0130pek Kocaman &#8211; Edebiyat, R\u00fcyalar ve Yarat\u0131c\u0131l\u0131k<\/li>\n\n\n\n<li>Do\u00e7.Dr. Levent K\u00fcey &#8211; Bulutlar\u0131n Aynas\u0131nda \u00d6yle Bir D\u00fc\u015ft\u00fcm Ki D\u00fc\u015f\u00fcme<\/li>\n\n\n\n<li><strong>Edit\u00f6r Bilgileri:<\/strong><\/li>\n\n\n\n<li>Ali R\u0131za Duru, Noa H. Duru<\/li>\n<\/ul>\n\n\n\n<p><strong>\u0130\u00c7SEL SAHNE t\u00fcm online sat\u0131\u015f platformlar\u0131ndan ve Robinson Crusoe 389 Kitapevi&#8217;nden (SALT Galata ve SALT Beyo\u011flu) al\u0131nabilmektedir. <\/strong><\/p>\n\n\n\n<div class=\"wp-block-buttons is-layout-flex wp-block-buttons-is-layout-flex\">\n<div class=\"wp-block-button is-style-primary\"><a class=\"wp-block-button__link wp-element-button\" href=\"https:\/\/www.nobelyayin.com\/icsel-sahne-ruyalara-disiplinler-arasi-yaklasim-22529.html\">Nobel Yay\u0131nlar\u0131ndan Almak \u0130\u00e7in T\u0131klay\u0131n\u0131z<\/a><\/div>\n\n\n\n<div class=\"wp-block-button is-style-primary\"><a class=\"wp-block-button__link wp-element-button\" href=\"https:\/\/www.bkmkitap.com\/icsel-sahne?srsltid=AfmBOoqATwo0N5g3Y2KQ__cx22_NAApneErauaDZCHabEEnYmCLb_SbI\">BKM Ekspress&#8217;ten Almak \u0130\u00e7in T\u0131klay\u0131n\u0131z<\/a><\/div>\n\n\n\n<div class=\"wp-block-button is-style-primary\"><a class=\"wp-block-button__link wp-element-button\" href=\"https:\/\/www.kitapyurdu.com\/kitap\/icsel-sahne-ruyalara-disiplinler-arasi-yaklasim\/734848.html?srsltid=AfmBOopMyaj88rph4pkLU53vbAmf_t_a9BRIOZU1jCtSPd_1EAHqLoT0\">Kitapyurdu&#8217;ndan Almak \u0130\u00e7in T\u0131klay\u0131n\u0131z<\/a><\/div>\n<\/div>\n\n\n\n<div class=\"wp-block-columns is-layout-flex wp-container-core-columns-is-layout-1 wp-block-columns-is-layout-flex\">\n<div class=\"wp-block-column is-layout-flow wp-block-column-is-layout-flow\"><\/div>\n\n\n\n<div class=\"wp-block-column is-layout-flow wp-block-column-is-layout-flow\"><\/div>\n\n\n\n<div class=\"wp-block-column is-layout-flow wp-block-column-is-layout-flow\"><\/div>\n<\/div>\n\n\n\n<div class=\"wp-block-buttons is-layout-flex wp-block-buttons-is-layout-flex\">\n<div class=\"wp-block-button is-style-primary\"><a class=\"wp-block-button__link wp-element-button\" href=\"https:\/\/www.amazon.de\/%C4%B0%C3%A7sel-Sahne-R%C3%BCyalara-Disiplinler-Yakla%C5%9F%C4%B1m\/dp\/6253865358\">Almanya&#8217;dan Almak \u0130\u00e7in T\u0131klay\u0131n\u0131z<\/a><\/div>\n\n\n\n<div class=\"wp-block-button is-style-primary\"><a class=\"wp-block-button__link wp-element-button\" href=\"https:\/\/www.orellfuessli.ch\/shop\/home\/artikeldetails\/A1077251213\">\u0130svi\u00e7re&#8217;den Almak \u0130\u00e7in T\u0131klay\u0131n\u0131z<\/a><\/div>\n\n\n\n<div class=\"wp-block-button is-style-primary\"><a class=\"wp-block-button__link wp-element-button\" href=\"https:\/\/www.tikla24.de\/kitap\/kolektif\/icsel-sahne\/\">Avrupa Geneli Almak \u0130\u00e7in T\u0131klay\u0131n\u0131z<\/a><\/div>\n<\/div>\n\n\n\n<p><\/p>\n","protected":false},"excerpt":{"rendered":"<p>Kitab\u0131m\u0131z Nobel Yay\u0131nlar\u0131ndan \u00e7\u0131kt\u0131. R\u00fcyalar; yaln\u0131zca \u00f6znel deneyimlerin yans\u0131malar\u0131 de\u011fil ayn\u0131 zamanda k\u00fclt\u00fcrel, sanatsal, n\u00f6robiyolojik ve felsefi sorgulamalar i\u00e7in de e\u015fsiz bir aland\u0131r.Bu kitap; r\u00fcya olgusuna farkl\u0131 disiplinlerin penceresinden bakarak zihinsel, estetik ve toplumsal anlamlar\u0131n\u0131 \u00e7\u00f6z\u00fcmlemeye y\u00f6nelik kapsaml\u0131 bir \u00e7aban\u0131n \u00fcr\u00fcn\u00fcd\u00fcr. Antropolojiden psikolojiye, n\u00f6robilimden felsefe ve sanata uzanan geni\u015f bir perspektifle r\u00fcyalar hem bireysel deneyimin&hellip;&nbsp;<a href=\"https:\/\/ruyaenstitusu.com\/?page_id=2220\" rel=\"bookmark\">Daha fazlas\u0131n\u0131 oku &raquo;<span class=\"screen-reader-text\">\u0130\u00c7SEL SAHNE &#8211; R\u00fcyalara Disiplinler Aras\u0131 Yakla\u015f\u0131m<\/span><\/a><\/p>\n","protected":false},"author":1,"featured_media":0,"parent":0,"menu_order":0,"comment_status":"closed","ping_status":"closed","template":"","meta":{"neve_meta_sidebar":"","neve_meta_container":"","neve_meta_enable_content_width":"","neve_meta_content_width":0,"neve_meta_title_alignment":"","neve_meta_author_avatar":"","neve_post_elements_order":"","neve_meta_disable_header":"","neve_meta_disable_footer":"","neve_meta_disable_title":"","ngg_post_thumbnail":0,"footnotes":""},"class_list":["post-2220","page","type-page","status-publish","hentry"],"yoast_head":"<!-- This site is optimized with the Yoast SEO plugin v24.7 - https:\/\/yoast.com\/wordpress\/plugins\/seo\/ -->\n<title>\u0130\u00c7SEL SAHNE - R\u00fcyalara Disiplinler Aras\u0131 Yakla\u015f\u0131m[:] - R\u00fcya Enstit\u00fcs\u00fc<\/title>\n<meta name=\"description\" content=\"\u201c\u0130\u00e7sel Sahne - R\u00fcyalara Disiplinler Aras\u0131 Yakla\u015f\u0131m\u201d; alan\u0131nda uzman akademisyen, ara\u015ft\u0131rmac\u0131 ve sanat\u00e7\u0131lar\u0131n katk\u0131lar\u0131yla \u015fekillenen \u00f6zg\u00fcn bir derlemedir.\" \/>\n<meta name=\"robots\" content=\"index, follow, max-snippet:-1, max-image-preview:large, max-video-preview:-1\" \/>\n<link rel=\"canonical\" href=\"https:\/\/ruyaenstitusu.com\/?page_id=2220\" \/>\n<meta property=\"og:locale\" content=\"tr_TR\" \/>\n<meta property=\"og:locale:alternate\" content=\"en_US\" \/>\n<meta property=\"og:type\" content=\"article\" \/>\n<meta property=\"og:title\" content=\"\u0130\u00c7SEL SAHNE - R\u00fcyalara Disiplinler Aras\u0131 Yakla\u015f\u0131m\" \/>\n<meta property=\"og:description\" content=\"\u201c\u0130\u00e7sel Sahne - R\u00fcyalara Disiplinler Aras\u0131 Yakla\u015f\u0131m\u201d; alan\u0131nda uzman akademisyen, ara\u015ft\u0131rmac\u0131 ve sanat\u00e7\u0131lar\u0131n katk\u0131lar\u0131yla \u015fekillenen \u00f6zg\u00fcn bir derlemedir.\" \/>\n<meta property=\"og:url\" content=\"https:\/\/ruyaenstitusu.com\/?page_id=2220\" \/>\n<meta property=\"og:site_name\" content=\"R\u00fcya Enstit\u00fcs\u00fc\" \/>\n<meta property=\"article:modified_time\" content=\"2025-12-30T15:07:33+00:00\" \/>\n<meta property=\"og:image\" content=\"https:\/\/ruyaenstitusu.com\/wp-content\/uploads\/2025\/12\/icsel-sahne-on-kapak.png\" \/>\n\t<meta property=\"og:image:width\" content=\"573\" \/>\n\t<meta property=\"og:image:height\" content=\"900\" \/>\n\t<meta property=\"og:image:type\" content=\"image\/png\" \/>\n<meta name=\"twitter:card\" content=\"summary_large_image\" \/>\n<meta name=\"twitter:label1\" content=\"Tahmini okuma s\u00fcresi\" \/>\n\t<meta name=\"twitter:data1\" content=\"3 dakika\" \/>\n<script type=\"application\/ld+json\" class=\"yoast-schema-graph\">{\"@context\":\"https:\/\/schema.org\",\"@graph\":[{\"@type\":\"WebPage\",\"@id\":\"https:\/\/ruyaenstitusu.com\/?page_id=2220\",\"url\":\"https:\/\/ruyaenstitusu.com\/?page_id=2220\",\"name\":\"\u0130\u00c7SEL SAHNE - R\u00fcyalara Disiplinler Aras\u0131 Yakla\u015f\u0131m\",\"isPartOf\":{\"@id\":\"https:\/\/ruyaenstitusu.com\/#website\"},\"primaryImageOfPage\":{\"@id\":\"https:\/\/ruyaenstitusu.com\/?page_id=2220#primaryimage\"},\"image\":{\"@id\":\"https:\/\/ruyaenstitusu.com\/?page_id=2220#primaryimage\"},\"thumbnailUrl\":\"https:\/\/ruyaenstitusu.com\/wp-content\/uploads\/2025\/12\/icsel-sahne-on-kapak.png\",\"datePublished\":\"2025-10-23T12:06:03+00:00\",\"dateModified\":\"2025-12-30T15:07:33+00:00\",\"description\":\"\u201c\u0130\u00e7sel Sahne - R\u00fcyalara Disiplinler Aras\u0131 Yakla\u015f\u0131m\u201d; alan\u0131nda uzman akademisyen, ara\u015ft\u0131rmac\u0131 ve sanat\u00e7\u0131lar\u0131n katk\u0131lar\u0131yla \u015fekillenen \u00f6zg\u00fcn bir derlemedir.\",\"breadcrumb\":{\"@id\":\"https:\/\/ruyaenstitusu.com\/?page_id=2220#breadcrumb\"},\"inLanguage\":\"tr-TR\",\"potentialAction\":[{\"@type\":\"ReadAction\",\"target\":[\"https:\/\/ruyaenstitusu.com\/?page_id=2220\"]}]},{\"@type\":\"ImageObject\",\"inLanguage\":\"tr-TR\",\"@id\":\"https:\/\/ruyaenstitusu.com\/?page_id=2220#primaryimage\",\"url\":\"https:\/\/ruyaenstitusu.com\/wp-content\/uploads\/2025\/12\/icsel-sahne-on-kapak.png\",\"contentUrl\":\"https:\/\/ruyaenstitusu.com\/wp-content\/uploads\/2025\/12\/icsel-sahne-on-kapak.png\",\"width\":573,\"height\":900},{\"@type\":\"BreadcrumbList\",\"@id\":\"https:\/\/ruyaenstitusu.com\/?page_id=2220#breadcrumb\",\"itemListElement\":[{\"@type\":\"ListItem\",\"position\":1,\"name\":\"Anasayfa\",\"item\":\"https:\/\/ruyaenstitusu.com\/\"},{\"@type\":\"ListItem\",\"position\":2,\"name\":\"\u0130\u00c7SEL SAHNE &#8211; R\u00fcyalara Disiplinler Aras\u0131 Yakla\u015f\u0131m\"}]},{\"@type\":\"WebSite\",\"@id\":\"https:\/\/ruyaenstitusu.com\/#website\",\"url\":\"https:\/\/ruyaenstitusu.com\/\",\"name\":\"R\u00fcya Enstit\u00fcs\u00fc\",\"description\":\"Psikolojide R\u00fcya \u00c7al\u0131\u015fmalar\u0131\u0131\",\"publisher\":{\"@id\":\"https:\/\/ruyaenstitusu.com\/#organization\"},\"potentialAction\":[{\"@type\":\"SearchAction\",\"target\":{\"@type\":\"EntryPoint\",\"urlTemplate\":\"https:\/\/ruyaenstitusu.com\/?s={search_term_string}\"},\"query-input\":{\"@type\":\"PropertyValueSpecification\",\"valueRequired\":true,\"valueName\":\"search_term_string\"}}],\"inLanguage\":\"tr-TR\"},{\"@type\":\"Organization\",\"@id\":\"https:\/\/ruyaenstitusu.com\/#organization\",\"name\":\"R\u00fcya Enstit\u00fcs\u00fc\",\"url\":\"https:\/\/ruyaenstitusu.com\/\",\"logo\":{\"@type\":\"ImageObject\",\"inLanguage\":\"tr-TR\",\"@id\":\"https:\/\/ruyaenstitusu.com\/#\/schema\/logo\/image\/\",\"url\":\"https:\/\/ruyaenstitusu.com\/wp-content\/uploads\/2024\/03\/cropped-Logo.png\",\"contentUrl\":\"https:\/\/ruyaenstitusu.com\/wp-content\/uploads\/2024\/03\/cropped-Logo.png\",\"width\":1080,\"height\":719,\"caption\":\"R\u00fcya Enstit\u00fcs\u00fc\"},\"image\":{\"@id\":\"https:\/\/ruyaenstitusu.com\/#\/schema\/logo\/image\/\"},\"sameAs\":[\"https:\/\/www.instagram.com\/ruyaenstitusu\/\"]}]}<\/script>\n<!-- \/ Yoast SEO plugin. -->","yoast_head_json":{"title":"\u0130\u00c7SEL SAHNE - R\u00fcyalara Disiplinler Aras\u0131 Yakla\u015f\u0131m[:] - R\u00fcya Enstit\u00fcs\u00fc","description":"\u201c\u0130\u00e7sel Sahne - R\u00fcyalara Disiplinler Aras\u0131 Yakla\u015f\u0131m\u201d; alan\u0131nda uzman akademisyen, ara\u015ft\u0131rmac\u0131 ve sanat\u00e7\u0131lar\u0131n katk\u0131lar\u0131yla \u015fekillenen \u00f6zg\u00fcn bir derlemedir.","robots":{"index":"index","follow":"follow","max-snippet":"max-snippet:-1","max-image-preview":"max-image-preview:large","max-video-preview":"max-video-preview:-1"},"canonical":"https:\/\/ruyaenstitusu.com\/?page_id=2220","og_locale":"tr_TR","og_type":"article","og_title":"[:tr]\u0130\u00c7SEL SAHNE - R\u00fcyalara Disiplinler Aras\u0131 Yakla\u015f\u0131m[:] - R\u00fcya Enstit\u00fcs\u00fc","og_description":"[:tr]\u201c\u0130\u00e7sel Sahne - R\u00fcyalara Disiplinler Aras\u0131 Yakla\u015f\u0131m\u201d; alan\u0131nda uzman akademisyen, ara\u015ft\u0131rmac\u0131 ve sanat\u00e7\u0131lar\u0131n katk\u0131lar\u0131yla \u015fekillenen \u00f6zg\u00fcn bir derlemedir.[:]","og_url":"https:\/\/ruyaenstitusu.com\/?page_id=2220","og_site_name":"R\u00fcya Enstit\u00fcs\u00fc","article_modified_time":"2025-12-30T15:07:33+00:00","og_image":[{"width":573,"height":900,"url":"https:\/\/ruyaenstitusu.com\/wp-content\/uploads\/2025\/12\/icsel-sahne-on-kapak.png","type":"image\/png"}],"twitter_card":"summary_large_image","twitter_misc":{"Tahmini okuma s\u00fcresi":"3 dakika"},"schema":{"@context":"https:\/\/schema.org","@graph":[{"@type":"WebPage","@id":"https:\/\/ruyaenstitusu.com\/?page_id=2220","url":"https:\/\/ruyaenstitusu.com\/?page_id=2220","name":"\u0130\u00c7SEL SAHNE - R\u00fcyalara Disiplinler Aras\u0131 Yakla\u015f\u0131m","isPartOf":{"@id":"https:\/\/ruyaenstitusu.com\/#website"},"primaryImageOfPage":{"@id":"https:\/\/ruyaenstitusu.com\/?page_id=2220#primaryimage"},"image":{"@id":"https:\/\/ruyaenstitusu.com\/?page_id=2220#primaryimage"},"thumbnailUrl":"https:\/\/ruyaenstitusu.com\/wp-content\/uploads\/2025\/12\/icsel-sahne-on-kapak.png","datePublished":"2025-10-23T12:06:03+00:00","dateModified":"2025-12-30T15:07:33+00:00","description":"\u201c\u0130\u00e7sel Sahne - R\u00fcyalara Disiplinler Aras\u0131 Yakla\u015f\u0131m\u201d; alan\u0131nda uzman akademisyen, ara\u015ft\u0131rmac\u0131 ve sanat\u00e7\u0131lar\u0131n katk\u0131lar\u0131yla \u015fekillenen \u00f6zg\u00fcn bir derlemedir.","breadcrumb":{"@id":"https:\/\/ruyaenstitusu.com\/?page_id=2220#breadcrumb"},"inLanguage":"tr-TR","potentialAction":[{"@type":"ReadAction","target":["https:\/\/ruyaenstitusu.com\/?page_id=2220"]}]},{"@type":"ImageObject","inLanguage":"tr-TR","@id":"https:\/\/ruyaenstitusu.com\/?page_id=2220#primaryimage","url":"https:\/\/ruyaenstitusu.com\/wp-content\/uploads\/2025\/12\/icsel-sahne-on-kapak.png","contentUrl":"https:\/\/ruyaenstitusu.com\/wp-content\/uploads\/2025\/12\/icsel-sahne-on-kapak.png","width":573,"height":900},{"@type":"BreadcrumbList","@id":"https:\/\/ruyaenstitusu.com\/?page_id=2220#breadcrumb","itemListElement":[{"@type":"ListItem","position":1,"name":"Anasayfa","item":"https:\/\/ruyaenstitusu.com\/"},{"@type":"ListItem","position":2,"name":"\u0130\u00c7SEL SAHNE &#8211; R\u00fcyalara Disiplinler Aras\u0131 Yakla\u015f\u0131m"}]},{"@type":"WebSite","@id":"https:\/\/ruyaenstitusu.com\/#website","url":"https:\/\/ruyaenstitusu.com\/","name":"R\u00fcya Enstit\u00fcs\u00fc","description":"Psikolojide R\u00fcya \u00c7al\u0131\u015fmalar\u0131\u0131","publisher":{"@id":"https:\/\/ruyaenstitusu.com\/#organization"},"potentialAction":[{"@type":"SearchAction","target":{"@type":"EntryPoint","urlTemplate":"https:\/\/ruyaenstitusu.com\/?s={search_term_string}"},"query-input":{"@type":"PropertyValueSpecification","valueRequired":true,"valueName":"search_term_string"}}],"inLanguage":"tr-TR"},{"@type":"Organization","@id":"https:\/\/ruyaenstitusu.com\/#organization","name":"R\u00fcya Enstit\u00fcs\u00fc","url":"https:\/\/ruyaenstitusu.com\/","logo":{"@type":"ImageObject","inLanguage":"tr-TR","@id":"https:\/\/ruyaenstitusu.com\/#\/schema\/logo\/image\/","url":"https:\/\/ruyaenstitusu.com\/wp-content\/uploads\/2024\/03\/cropped-Logo.png","contentUrl":"https:\/\/ruyaenstitusu.com\/wp-content\/uploads\/2024\/03\/cropped-Logo.png","width":1080,"height":719,"caption":"R\u00fcya Enstit\u00fcs\u00fc"},"image":{"@id":"https:\/\/ruyaenstitusu.com\/#\/schema\/logo\/image\/"},"sameAs":["https:\/\/www.instagram.com\/ruyaenstitusu\/"]}]}},"_links":{"self":[{"href":"https:\/\/ruyaenstitusu.com\/index.php?rest_route=\/wp\/v2\/pages\/2220","targetHints":{"allow":["GET"]}}],"collection":[{"href":"https:\/\/ruyaenstitusu.com\/index.php?rest_route=\/wp\/v2\/pages"}],"about":[{"href":"https:\/\/ruyaenstitusu.com\/index.php?rest_route=\/wp\/v2\/types\/page"}],"author":[{"embeddable":true,"href":"https:\/\/ruyaenstitusu.com\/index.php?rest_route=\/wp\/v2\/users\/1"}],"replies":[{"embeddable":true,"href":"https:\/\/ruyaenstitusu.com\/index.php?rest_route=%2Fwp%2Fv2%2Fcomments&post=2220"}],"version-history":[{"count":13,"href":"https:\/\/ruyaenstitusu.com\/index.php?rest_route=\/wp\/v2\/pages\/2220\/revisions"}],"predecessor-version":[{"id":2416,"href":"https:\/\/ruyaenstitusu.com\/index.php?rest_route=\/wp\/v2\/pages\/2220\/revisions\/2416"}],"wp:attachment":[{"href":"https:\/\/ruyaenstitusu.com\/index.php?rest_route=%2Fwp%2Fv2%2Fmedia&parent=2220"}],"curies":[{"name":"wp","href":"https:\/\/api.w.org\/{rel}","templated":true}]}}