{"id":2044,"date":"2025-09-26T11:58:09","date_gmt":"2025-09-26T08:58:09","guid":{"rendered":"https:\/\/ruyaenstitusu.com\/?page_id=2044"},"modified":"2026-04-10T12:58:46","modified_gmt":"2026-04-10T09:58:46","slug":"carsamba-seminerleri","status":"publish","type":"page","link":"https:\/\/ruyaenstitusu.com\/?page_id=2044","title":{"rendered":"\u00c7ar\u015famba Seminerleri &#8211; 4.Seri"},"content":{"rendered":"\n<figure class=\"wp-block-image size-large is-resized\"><img fetchpriority=\"high\" decoding=\"async\" width=\"819\" height=\"1024\" src=\"https:\/\/ruyaenstitusu.com\/wp-content\/uploads\/2026\/04\/Carsamba-Seminerleri-819x1024.png\" alt=\"\" class=\"wp-image-2540\" style=\"width:543px;height:auto\" srcset=\"https:\/\/ruyaenstitusu.com\/wp-content\/uploads\/2026\/04\/Carsamba-Seminerleri-819x1024.png 819w, https:\/\/ruyaenstitusu.com\/wp-content\/uploads\/2026\/04\/Carsamba-Seminerleri-240x300.png 240w, https:\/\/ruyaenstitusu.com\/wp-content\/uploads\/2026\/04\/Carsamba-Seminerleri-768x960.png 768w, https:\/\/ruyaenstitusu.com\/wp-content\/uploads\/2026\/04\/Carsamba-Seminerleri.png 1080w\" sizes=\"(max-width: 819px) 100vw, 819px\" \/><\/figure>\n\n\n\n<p><\/p>\n\n\n\n<h3 class=\"wp-block-heading\">\u00c7ar\u015famba Seminerleri \u2013 4. Seri Ba\u015fl\u0131yor!<\/h3>\n\n\n\n<p>R\u00fcyalar\u0131n toplumsal dinamikler, k\u00fclt\u00fcr, toplumsal zaman ve mekanla kurdu\u011fu derin ili\u015fkiyi T\u00fcrkiye&#8217;de ilk defa sosyologlar\u0131n bak\u0131\u015f a\u00e7\u0131lar\u0131ndan ele almay\u0131 ama\u00e7layan <strong>R\u00fcyalar\u0131n Sosyolojisi <\/strong>serisiyle sizlerle bulu\u015fuyor. Bu seminerlerde r\u00fcyalar\u0131n sosyolojisi, toplumsal cinsiyet, \u00fctopya, toplumsal art\u0131k alan, kent ve g\u00fcndelik hayat kavramlar\u0131 ba\u011flam\u0131nda r\u00fcyalara bak\u0131lacak.<\/p>\n\n\n\n<p>\u00c7ar\u015famba Seminerleri, r\u00fcya alan\u0131nda \u00e7al\u0131\u015fan, ara\u015ft\u0131ran ve yeni bak\u0131\u015f a\u00e7\u0131lar\u0131 geli\u015ftiren uzmanlarla, r\u00fcya \u00e7al\u0131\u015fmalar\u0131na ilgi duyan herkesi ayn\u0131 zeminde bulu\u015fturmay\u0131 ama\u00e7lar. Bu bulu\u015fma, yaln\u0131zca bilgi aktar\u0131m\u0131n\u0131 de\u011fil; d\u00fc\u015f\u00fcnmeyi, tart\u0131\u015fmay\u0131 ve birlikte \u00fcretmeyi te\u015fvik eden bir payla\u015f\u0131m alan\u0131 yaratmay\u0131 hedefler.\u00a0<\/p>\n\n\n\n<p>R\u00fcya Enstit\u00fcs\u00fc\u2019n\u00fcn bu program\u0131, r\u00fcyalara dair bilginin eri\u015filebilir, \u00e7o\u011ful ve derinlikli bir \u015fekilde yay\u0131lmas\u0131n\u0131 \u00f6nemseyen; bu y\u00f6n\u00fcyle kamusal fayday\u0131 g\u00f6zeten bir ruh sa\u011fl\u0131\u011f\u0131 giri\u015fimidir.<\/p>\n\n\n\n<p><strong>Seminer Program\u0131<\/strong><\/p>\n\n\n\n<p>\ud83d\udd39 <em>29.04.2026 | 21.00<\/em> \u2013 Hande \u00c7evik \u2013 <strong>\u201cR\u00fcyalar\u0131n Sosyolojisi: Toplumsal Cinsiyet Perspektifinden Bir Okuma\u201c<\/strong><\/p>\n\n\n\n<p>\ud83d\udd39 <em>06.05.2026 | 21.00 <\/em>\u2013 Emek Ilgaz \u2013 <strong>\u201cR\u00fcyalarda Ortaya \u00c7\u0131kan \u00c7atlak: \u00dctopya m\u0131 \u0130deoloji mi?\u201d<\/strong><\/p>\n\n\n\n<p>\ud83d\udd39 <em>13.05.2026 | 21.00<\/em> \u2013 Hilal Kamak \u2013 <strong>\u201cR\u00fcya Sosyolojisi: Toplumsal Art\u0131k Alan Olarak R\u00fcya\u201c<\/strong><\/p>\n\n\n\n<p><em>\ud83d\udd39 20.05.2026 | 21.00<\/em>\u00a0 \u2013 Tu\u011f\u00e7e Bozdo\u011fan \u2013 <strong>\u201cKent, G\u00fcndelik Hayat ve R\u00fcya:<\/strong> <strong>Kentsel Deneyimin Bilin\u00e7d\u0131\u015f\u0131ndaki \u0130zleri\u201c<\/strong><\/p>\n\n\n\n<p><\/p>\n\n\n\n<p><strong>Kay\u0131t Bilgisi:<\/strong><br>Seminerler herkese a\u00e7\u0131k ve \u00fccretsizdir. \u00d6nceki seminer serisine kay\u0131t yapt\u0131rm\u0131\u015f olan kat\u0131l\u0131mc\u0131lar\u0131n yeniden kay\u0131t yapmas\u0131na gerek yoktur. Yeni kat\u0131l\u0131mc\u0131lar\u0131n kay\u0131t i\u00e7in a\u015fa\u011f\u0131daki formu doldurmalar\u0131 gerekmektedir. Kay\u0131t yapan kat\u0131l\u0131mc\u0131lara sadece mail yoluyla bilgi verilmektedir.<\/p>\n\n\n\n<div class=\"wp-block-buttons is-layout-flex wp-block-buttons-is-layout-flex\">\n<div class=\"wp-block-button is-style-primary\"><a class=\"wp-block-button__link wp-element-button\" href=\"https:\/\/forms.gle\/RRkZRoQ8EYDaCn386\"><strong>K<\/strong>ay\u0131t <strong>Formu<\/strong><\/a><\/div>\n<\/div>\n\n\n\n<p><\/p>\n\n\n\n<hr class=\"wp-block-separator has-alpha-channel-opacity\"\/>\n\n\n\n<h2 class=\"wp-block-heading\">Ge\u00e7mi\u015f Seminerler<\/h2>\n\n\n\n<ul class=\"wp-block-list\">\n<li>\ud83d\udd39 30 Temmuz 2025 &#8211; <strong>Freud\u2019un \u201cR\u00fcyalar\u0131n Yorumu\u201d Kitab\u0131ndan Tipik R\u00fcyalar<\/strong> &#8211; Psk.Dan. Tu\u011fba U\u00e7ur<\/li>\n\n\n\n<li>\ud83d\udd39 13 A\u011fustos &#8211; <strong>Lacanyen Psikanaliz ve R\u00fcyalar<\/strong> &#8211; Psk.Dan. \u015eule Nur Elmas Turan<\/li>\n\n\n\n<li>\ud83d\udd39 27 A\u011fustos &#8211; <strong>Kohut\u2019un R\u00fcya \u00c7al\u0131\u015fmalar\u0131<\/strong> &#8211; Uzm.Psk.Dan. Leyla Bayrav<\/li>\n\n\n\n<li>\ud83d\udd39 10 Eyl\u00fcl &#8211; <strong>Analitik Psikoloji Perspektifinden R\u00fcyalar<\/strong> &#8211; Klinik Psk. Sadiye Yurtcan<\/li>\n\n\n\n<li>\ud83d\udd39 24 Eyl\u00fcl &#8211; <strong>Tekrarlayan R\u00fcyalar ve Psikolojik K\u00f6kenleri <\/strong>&#8211; Uzm.Psk.Dan. Ali R\u0131za Duru<\/li>\n\n\n\n<li>\ud83d\udd39 8 Ekim &#8211; Ali R\u0131za Duru &#8211; <strong>R\u00fcyalarda Zaman Olgusu<\/strong><\/li>\n\n\n\n<li>\ud83d\udd39 22 Ekim &#8211; Fatima Ahmadova &#8211; <strong>Eric Fromm\u2019un R\u00fcya \u00c7al\u0131\u015fmalar\u0131<\/strong><\/li>\n\n\n\n<li>\ud83d\udd39 5 Kas\u0131m &#8211; Pervin \u00c7a\u011fla Zilbeyaz &#8211; <strong>Kaybedilen Babay\u0131 R\u00fcyada G\u00f6rmenin Lacanyen S\u00f6ylem Analizi: Baba \u00d6l\u00fc M\u00fc Yoksa Hala Dile Gelen G\u00f6sterenlerde mi?<\/strong><\/li>\n\n\n\n<li>\ud83d\udd39 19 Kas\u0131m &#8211; \u0130brahim Halil Gezer &#8211; <strong>\u00c7ocuklarda Duygu D\u00fczenlemede R\u00fcyalar\u0131n&nbsp;\u0130\u015flevi<\/strong><\/li>\n\n\n\n<li>\ud83d\udd39 3 Aral\u0131k &#8211; Ela Nur R\u00fczgar &#8211; <strong>Travmalar R\u00fcyalar\u0131m\u0131za Nas\u0131l Yans\u0131r?<\/strong><\/li>\n\n\n\n<li>\ud83d\udd39 17 Aral\u0131k &#8211; Tu\u011f\u00e7e Bozdo\u011fan &#8211; <strong>Toplumsal Haf\u0131zan\u0131n G\u00f6lgesinde: K\u00fclt\u00fcrel Kodlar ve R\u00fcyalar<\/strong><\/li>\n\n\n\n<li>\ud83d\udd39 21 Ocak \u2013 Psk.Dan.Ali R\u0131za Duru \u2013\u00a0<strong>T\u00fcrkiye R\u00fcya Haritas\u0131<\/strong><\/li>\n\n\n\n<li>\ud83d\udd39 11 \u015eubat \u2013 Dr. \u0130smet Do\u011fru \u2013\u00a0<strong>24 Saat G\u00f6rmek<\/strong><\/li>\n\n\n\n<li>\ud83d\udd39 25 \u015eubat \u2013 Do\u00e7.Dr. Murat Tozan \u2013\u00a0<strong>Artemidorus\u2019tan Asklepion\u2019a Antik\u00e7a\u011f\u2019da R\u00fcyalar<\/strong><\/li>\n\n\n\n<li>\ud83d\udd39 25 Mart \u2013 Nur Karen Bekta\u015f \u2013\u00a0<strong>Bilin\u00e7 Evriminin R\u00fcya \u00dczerine Etkisi<\/strong><\/li>\n<\/ul>\n\n\n\n<p><\/p>\n\n\n\n<p><\/p>\n\n\n\n<h2 class=\"wp-block-heading\">\u00c7ar\u015famba Seminerleri Videolar\u0131<\/h2>\n\n\n\n<div class=\"wp-block-columns alignwide is-layout-flex wp-container-core-columns-is-layout-1 wp-block-columns-is-layout-flex\">\n<div class=\"wp-block-column is-layout-flow wp-block-column-is-layout-flow\">\n<h3 class=\"wp-block-heading\">Tekrarlayan R\u00fcyalar<\/h3>\n\n\n\n<figure class=\"wp-block-embed is-type-video is-provider-youtube wp-block-embed-youtube wp-embed-aspect-16-9 wp-has-aspect-ratio\"><div class=\"wp-block-embed__wrapper\">\n<div class=\"nv-iframe-embed\"><iframe title=\"Tekrarlayan Ru\u0308yalar ve Psikolojik K\u00f6kenleri | Ali R\u0131za Duru | \u00c7ar\u015famba Seminerleri\" width=\"1200\" height=\"675\" src=\"https:\/\/www.youtube.com\/embed\/NnoPS8aB5k8?feature=oembed\" frameborder=\"0\" allow=\"accelerometer; autoplay; clipboard-write; encrypted-media; gyroscope; picture-in-picture; web-share\" referrerpolicy=\"strict-origin-when-cross-origin\" allowfullscreen><\/iframe><\/div>\n<\/div><\/figure>\n\n\n\n<p><\/p>\n\n\n\n<div style=\"height:30px\" aria-hidden=\"true\" class=\"wp-block-spacer\"><\/div>\n<\/div>\n\n\n\n<div class=\"wp-block-column is-layout-flow wp-block-column-is-layout-flow\">\n<h3 class=\"wp-block-heading\">Kohut&#8217;un R\u00fcya \u00c7al\u0131\u015fmalar\u0131<\/h3>\n\n\n\n<figure class=\"wp-block-embed is-type-video is-provider-youtube wp-block-embed-youtube wp-embed-aspect-4-3 wp-has-aspect-ratio\"><div class=\"wp-block-embed__wrapper\">\n<div class=\"nv-iframe-embed\"><iframe title=\"Kohut\u2019un Ru\u0308ya C\u0327al\u0131s\u0327malar\u0131 | Uzm.Psk.Dan. Leyla Bayrav | \u00c7ar\u015famba Seminerleri\" width=\"1200\" height=\"900\" src=\"https:\/\/www.youtube.com\/embed\/MVAIUd7SNlM?feature=oembed\" frameborder=\"0\" allow=\"accelerometer; autoplay; clipboard-write; encrypted-media; gyroscope; picture-in-picture; web-share\" referrerpolicy=\"strict-origin-when-cross-origin\" allowfullscreen><\/iframe><\/div>\n<\/div><\/figure>\n\n\n\n<p><\/p>\n\n\n\n<div style=\"height:30px\" aria-hidden=\"true\" class=\"wp-block-spacer\"><\/div>\n<\/div>\n\n\n\n<div class=\"wp-block-column is-layout-flow wp-block-column-is-layout-flow\">\n<h3 class=\"wp-block-heading\">Lacanyen Psikanaliz ve R\u00fcyalar<\/h3>\n\n\n\n<figure class=\"wp-block-embed is-type-video is-provider-youtube wp-block-embed-youtube wp-embed-aspect-16-9 wp-has-aspect-ratio\"><div class=\"wp-block-embed__wrapper\">\n<div class=\"nv-iframe-embed\"><iframe title=\"Lacanyen Psikanaliz ve Ru\u0308yalar | S\u0327ule Nur Elmas Turan | \u00c7ar\u015famba Seminerleri\" width=\"1200\" height=\"675\" src=\"https:\/\/www.youtube.com\/embed\/jDILi4q0SCo?feature=oembed\" frameborder=\"0\" allow=\"accelerometer; autoplay; clipboard-write; encrypted-media; gyroscope; picture-in-picture; web-share\" referrerpolicy=\"strict-origin-when-cross-origin\" allowfullscreen><\/iframe><\/div>\n<\/div><\/figure>\n\n\n\n<p><\/p>\n\n\n\n<div style=\"height:30px\" aria-hidden=\"true\" class=\"wp-block-spacer\"><\/div>\n<\/div>\n<\/div>\n\n\n\n<p><\/p>\n","protected":false},"excerpt":{"rendered":"<p>\u00c7ar\u015famba Seminerleri \u2013 4. Seri Ba\u015fl\u0131yor! R\u00fcyalar\u0131n toplumsal dinamikler, k\u00fclt\u00fcr, toplumsal zaman ve mekanla kurdu\u011fu derin ili\u015fkiyi T\u00fcrkiye&#8217;de ilk defa sosyologlar\u0131n bak\u0131\u015f a\u00e7\u0131lar\u0131ndan ele almay\u0131 ama\u00e7layan R\u00fcyalar\u0131n Sosyolojisi serisiyle sizlerle bulu\u015fuyor. Bu seminerlerde r\u00fcyalar\u0131n sosyolojisi, toplumsal cinsiyet, \u00fctopya, toplumsal art\u0131k alan, kent ve g\u00fcndelik hayat kavramlar\u0131 ba\u011flam\u0131nda r\u00fcyalara bak\u0131lacak. \u00c7ar\u015famba Seminerleri, r\u00fcya alan\u0131nda \u00e7al\u0131\u015fan, ara\u015ft\u0131ran&hellip;&nbsp;<a href=\"https:\/\/ruyaenstitusu.com\/?page_id=2044\" rel=\"bookmark\">Daha fazlas\u0131n\u0131 oku &raquo;<span class=\"screen-reader-text\">\u00c7ar\u015famba Seminerleri &#8211; 4.Seri<\/span><\/a><\/p>\n","protected":false},"author":1,"featured_media":0,"parent":0,"menu_order":0,"comment_status":"closed","ping_status":"closed","template":"","meta":{"neve_meta_sidebar":"","neve_meta_container":"","neve_meta_enable_content_width":"","neve_meta_content_width":0,"neve_meta_title_alignment":"","neve_meta_author_avatar":"","neve_post_elements_order":"","neve_meta_disable_header":"","neve_meta_disable_footer":"","neve_meta_disable_title":"","ngg_post_thumbnail":0,"footnotes":""},"class_list":["post-2044","page","type-page","status-publish","hentry"],"yoast_head":"<!-- This site is optimized with the Yoast SEO plugin v24.7 - https:\/\/yoast.com\/wordpress\/plugins\/seo\/ -->\n<title>\u00c7ar\u015famba Seminerleri - 4.Seri[:] - R\u00fcya Enstit\u00fcs\u00fc<\/title>\n<meta name=\"description\" content=\"R\u00fcya \u00e7al\u0131\u015fmalar\u0131na \u00fccretsiz olarak eri\u015febilece\u011finiz seminer dizisi.\" \/>\n<meta name=\"robots\" content=\"index, follow, max-snippet:-1, max-image-preview:large, max-video-preview:-1\" \/>\n<link rel=\"canonical\" href=\"https:\/\/ruyaenstitusu.com\/?page_id=2044\" \/>\n<meta property=\"og:locale\" content=\"tr_TR\" \/>\n<meta property=\"og:locale:alternate\" content=\"en_US\" \/>\n<meta property=\"og:type\" content=\"article\" \/>\n<meta property=\"og:title\" content=\"\u00c7ar\u015famba Seminerleri - 4.Seri\" \/>\n<meta property=\"og:description\" content=\"R\u00fcya \u00e7al\u0131\u015fmalar\u0131na \u00fccretsiz olarak eri\u015febilece\u011finiz seminer dizisi.\" \/>\n<meta property=\"og:url\" content=\"https:\/\/ruyaenstitusu.com\/?page_id=2044\" \/>\n<meta property=\"og:site_name\" content=\"R\u00fcya Enstit\u00fcs\u00fc\" \/>\n<meta property=\"article:modified_time\" content=\"2026-04-10T09:58:46+00:00\" \/>\n<meta property=\"og:image\" content=\"https:\/\/ruyaenstitusu.com\/wp-content\/uploads\/2026\/04\/Carsamba-Seminerleri-819x1024.png\" \/>\n\t<meta property=\"og:image:width\" content=\"819\" \/>\n\t<meta property=\"og:image:height\" content=\"1024\" \/>\n\t<meta property=\"og:image:type\" content=\"image\/png\" \/>\n<meta name=\"twitter:card\" content=\"summary_large_image\" \/>\n<meta name=\"twitter:label1\" content=\"Tahmini okuma s\u00fcresi\" \/>\n\t<meta name=\"twitter:data1\" content=\"3 dakika\" \/>\n<script type=\"application\/ld+json\" class=\"yoast-schema-graph\">{\"@context\":\"https:\/\/schema.org\",\"@graph\":[{\"@type\":\"WebPage\",\"@id\":\"https:\/\/ruyaenstitusu.com\/?page_id=2044\",\"url\":\"https:\/\/ruyaenstitusu.com\/?page_id=2044\",\"name\":\"\u00c7ar\u015famba Seminerleri - 4.Seri\",\"isPartOf\":{\"@id\":\"https:\/\/ruyaenstitusu.com\/#website\"},\"primaryImageOfPage\":{\"@id\":\"https:\/\/ruyaenstitusu.com\/?page_id=2044#primaryimage\"},\"image\":{\"@id\":\"https:\/\/ruyaenstitusu.com\/?page_id=2044#primaryimage\"},\"thumbnailUrl\":\"https:\/\/ruyaenstitusu.com\/wp-content\/uploads\/2026\/04\/Carsamba-Seminerleri-819x1024.png\",\"datePublished\":\"2025-09-26T08:58:09+00:00\",\"dateModified\":\"2026-04-10T09:58:46+00:00\",\"description\":\"R\u00fcya \u00e7al\u0131\u015fmalar\u0131na \u00fccretsiz olarak eri\u015febilece\u011finiz seminer dizisi.\",\"breadcrumb\":{\"@id\":\"https:\/\/ruyaenstitusu.com\/?page_id=2044#breadcrumb\"},\"inLanguage\":\"tr-TR\",\"potentialAction\":[{\"@type\":\"ReadAction\",\"target\":[\"https:\/\/ruyaenstitusu.com\/?page_id=2044\"]}]},{\"@type\":\"ImageObject\",\"inLanguage\":\"tr-TR\",\"@id\":\"https:\/\/ruyaenstitusu.com\/?page_id=2044#primaryimage\",\"url\":\"https:\/\/ruyaenstitusu.com\/wp-content\/uploads\/2026\/04\/Carsamba-Seminerleri.png\",\"contentUrl\":\"https:\/\/ruyaenstitusu.com\/wp-content\/uploads\/2026\/04\/Carsamba-Seminerleri.png\",\"width\":1080,\"height\":1350},{\"@type\":\"BreadcrumbList\",\"@id\":\"https:\/\/ruyaenstitusu.com\/?page_id=2044#breadcrumb\",\"itemListElement\":[{\"@type\":\"ListItem\",\"position\":1,\"name\":\"Anasayfa\",\"item\":\"https:\/\/ruyaenstitusu.com\/\"},{\"@type\":\"ListItem\",\"position\":2,\"name\":\"\u00c7ar\u015famba Seminerleri &#8211; 4.Seri\"}]},{\"@type\":\"WebSite\",\"@id\":\"https:\/\/ruyaenstitusu.com\/#website\",\"url\":\"https:\/\/ruyaenstitusu.com\/\",\"name\":\"R\u00fcya Enstit\u00fcs\u00fc\",\"description\":\"Psikolojide R\u00fcya \u00c7al\u0131\u015fmalar\u0131\u0131\",\"publisher\":{\"@id\":\"https:\/\/ruyaenstitusu.com\/#organization\"},\"potentialAction\":[{\"@type\":\"SearchAction\",\"target\":{\"@type\":\"EntryPoint\",\"urlTemplate\":\"https:\/\/ruyaenstitusu.com\/?s={search_term_string}\"},\"query-input\":{\"@type\":\"PropertyValueSpecification\",\"valueRequired\":true,\"valueName\":\"search_term_string\"}}],\"inLanguage\":\"tr-TR\"},{\"@type\":\"Organization\",\"@id\":\"https:\/\/ruyaenstitusu.com\/#organization\",\"name\":\"R\u00fcya Enstit\u00fcs\u00fc\",\"url\":\"https:\/\/ruyaenstitusu.com\/\",\"logo\":{\"@type\":\"ImageObject\",\"inLanguage\":\"tr-TR\",\"@id\":\"https:\/\/ruyaenstitusu.com\/#\/schema\/logo\/image\/\",\"url\":\"https:\/\/ruyaenstitusu.com\/wp-content\/uploads\/2024\/03\/cropped-Logo.png\",\"contentUrl\":\"https:\/\/ruyaenstitusu.com\/wp-content\/uploads\/2024\/03\/cropped-Logo.png\",\"width\":1080,\"height\":719,\"caption\":\"R\u00fcya Enstit\u00fcs\u00fc\"},\"image\":{\"@id\":\"https:\/\/ruyaenstitusu.com\/#\/schema\/logo\/image\/\"},\"sameAs\":[\"https:\/\/www.instagram.com\/ruyaenstitusu\/\"]}]}<\/script>\n<!-- \/ Yoast SEO plugin. -->","yoast_head_json":{"title":"\u00c7ar\u015famba Seminerleri - 4.Seri[:] - R\u00fcya Enstit\u00fcs\u00fc","description":"R\u00fcya \u00e7al\u0131\u015fmalar\u0131na \u00fccretsiz olarak eri\u015febilece\u011finiz seminer dizisi.","robots":{"index":"index","follow":"follow","max-snippet":"max-snippet:-1","max-image-preview":"max-image-preview:large","max-video-preview":"max-video-preview:-1"},"canonical":"https:\/\/ruyaenstitusu.com\/?page_id=2044","og_locale":"tr_TR","og_type":"article","og_title":"[:tr]\u00c7ar\u015famba Seminerleri - 4.Seri[:] - R\u00fcya Enstit\u00fcs\u00fc","og_description":"[:tr]R\u00fcya \u00e7al\u0131\u015fmalar\u0131na \u00fccretsiz olarak eri\u015febilece\u011finiz seminer dizisi.[:]","og_url":"https:\/\/ruyaenstitusu.com\/?page_id=2044","og_site_name":"R\u00fcya Enstit\u00fcs\u00fc","article_modified_time":"2026-04-10T09:58:46+00:00","og_image":[{"width":819,"height":1024,"url":"https:\/\/ruyaenstitusu.com\/wp-content\/uploads\/2026\/04\/Carsamba-Seminerleri-819x1024.png","type":"image\/png"}],"twitter_card":"summary_large_image","twitter_misc":{"Tahmini okuma s\u00fcresi":"3 dakika"},"schema":{"@context":"https:\/\/schema.org","@graph":[{"@type":"WebPage","@id":"https:\/\/ruyaenstitusu.com\/?page_id=2044","url":"https:\/\/ruyaenstitusu.com\/?page_id=2044","name":"\u00c7ar\u015famba Seminerleri - 4.Seri","isPartOf":{"@id":"https:\/\/ruyaenstitusu.com\/#website"},"primaryImageOfPage":{"@id":"https:\/\/ruyaenstitusu.com\/?page_id=2044#primaryimage"},"image":{"@id":"https:\/\/ruyaenstitusu.com\/?page_id=2044#primaryimage"},"thumbnailUrl":"https:\/\/ruyaenstitusu.com\/wp-content\/uploads\/2026\/04\/Carsamba-Seminerleri-819x1024.png","datePublished":"2025-09-26T08:58:09+00:00","dateModified":"2026-04-10T09:58:46+00:00","description":"R\u00fcya \u00e7al\u0131\u015fmalar\u0131na \u00fccretsiz olarak eri\u015febilece\u011finiz seminer dizisi.","breadcrumb":{"@id":"https:\/\/ruyaenstitusu.com\/?page_id=2044#breadcrumb"},"inLanguage":"tr-TR","potentialAction":[{"@type":"ReadAction","target":["https:\/\/ruyaenstitusu.com\/?page_id=2044"]}]},{"@type":"ImageObject","inLanguage":"tr-TR","@id":"https:\/\/ruyaenstitusu.com\/?page_id=2044#primaryimage","url":"https:\/\/ruyaenstitusu.com\/wp-content\/uploads\/2026\/04\/Carsamba-Seminerleri.png","contentUrl":"https:\/\/ruyaenstitusu.com\/wp-content\/uploads\/2026\/04\/Carsamba-Seminerleri.png","width":1080,"height":1350},{"@type":"BreadcrumbList","@id":"https:\/\/ruyaenstitusu.com\/?page_id=2044#breadcrumb","itemListElement":[{"@type":"ListItem","position":1,"name":"Anasayfa","item":"https:\/\/ruyaenstitusu.com\/"},{"@type":"ListItem","position":2,"name":"\u00c7ar\u015famba Seminerleri &#8211; 4.Seri"}]},{"@type":"WebSite","@id":"https:\/\/ruyaenstitusu.com\/#website","url":"https:\/\/ruyaenstitusu.com\/","name":"R\u00fcya Enstit\u00fcs\u00fc","description":"Psikolojide R\u00fcya \u00c7al\u0131\u015fmalar\u0131\u0131","publisher":{"@id":"https:\/\/ruyaenstitusu.com\/#organization"},"potentialAction":[{"@type":"SearchAction","target":{"@type":"EntryPoint","urlTemplate":"https:\/\/ruyaenstitusu.com\/?s={search_term_string}"},"query-input":{"@type":"PropertyValueSpecification","valueRequired":true,"valueName":"search_term_string"}}],"inLanguage":"tr-TR"},{"@type":"Organization","@id":"https:\/\/ruyaenstitusu.com\/#organization","name":"R\u00fcya Enstit\u00fcs\u00fc","url":"https:\/\/ruyaenstitusu.com\/","logo":{"@type":"ImageObject","inLanguage":"tr-TR","@id":"https:\/\/ruyaenstitusu.com\/#\/schema\/logo\/image\/","url":"https:\/\/ruyaenstitusu.com\/wp-content\/uploads\/2024\/03\/cropped-Logo.png","contentUrl":"https:\/\/ruyaenstitusu.com\/wp-content\/uploads\/2024\/03\/cropped-Logo.png","width":1080,"height":719,"caption":"R\u00fcya Enstit\u00fcs\u00fc"},"image":{"@id":"https:\/\/ruyaenstitusu.com\/#\/schema\/logo\/image\/"},"sameAs":["https:\/\/www.instagram.com\/ruyaenstitusu\/"]}]}},"_links":{"self":[{"href":"https:\/\/ruyaenstitusu.com\/index.php?rest_route=\/wp\/v2\/pages\/2044","targetHints":{"allow":["GET"]}}],"collection":[{"href":"https:\/\/ruyaenstitusu.com\/index.php?rest_route=\/wp\/v2\/pages"}],"about":[{"href":"https:\/\/ruyaenstitusu.com\/index.php?rest_route=\/wp\/v2\/types\/page"}],"author":[{"embeddable":true,"href":"https:\/\/ruyaenstitusu.com\/index.php?rest_route=\/wp\/v2\/users\/1"}],"replies":[{"embeddable":true,"href":"https:\/\/ruyaenstitusu.com\/index.php?rest_route=%2Fwp%2Fv2%2Fcomments&post=2044"}],"version-history":[{"count":9,"href":"https:\/\/ruyaenstitusu.com\/index.php?rest_route=\/wp\/v2\/pages\/2044\/revisions"}],"predecessor-version":[{"id":2542,"href":"https:\/\/ruyaenstitusu.com\/index.php?rest_route=\/wp\/v2\/pages\/2044\/revisions\/2542"}],"wp:attachment":[{"href":"https:\/\/ruyaenstitusu.com\/index.php?rest_route=%2Fwp%2Fv2%2Fmedia&parent=2044"}],"curies":[{"name":"wp","href":"https:\/\/api.w.org\/{rel}","templated":true}]}}