{"id":189,"date":"2024-04-07T14:50:35","date_gmt":"2024-04-07T11:50:35","guid":{"rendered":"https:\/\/ruyaenstitusu.com\/?page_id=189"},"modified":"2025-11-29T23:34:41","modified_gmt":"2025-11-29T20:34:41","slug":"grup-terapileri","status":"publish","type":"page","link":"https:\/\/ruyaenstitusu.com\/?page_id=189","title":{"rendered":"Grup Terapileri"},"content":{"rendered":"\n<figure class=\"wp-block-image size-large is-resized\"><img fetchpriority=\"high\" decoding=\"async\" width=\"819\" height=\"1024\" src=\"https:\/\/ruyaenstitusu.com\/wp-content\/uploads\/2025\/07\/Grup-terapileri-819x1024.png\" alt=\"\" class=\"wp-image-1721\" style=\"width:543px;height:auto\" srcset=\"https:\/\/ruyaenstitusu.com\/wp-content\/uploads\/2025\/07\/Grup-terapileri-819x1024.png 819w, https:\/\/ruyaenstitusu.com\/wp-content\/uploads\/2025\/07\/Grup-terapileri-240x300.png 240w, https:\/\/ruyaenstitusu.com\/wp-content\/uploads\/2025\/07\/Grup-terapileri-768x960.png 768w, https:\/\/ruyaenstitusu.com\/wp-content\/uploads\/2025\/07\/Grup-terapileri.png 1080w\" sizes=\"(max-width: 819px) 100vw, 819px\" \/><\/figure>\n\n\n\n<p><\/p>\n\n\n\n<h3 class=\"wp-block-heading\">&#8216;Tekrarlayan <strong>R\u00fcyalar&#8217; Temal\u0131 Grup Terapisi<\/strong><\/h3>\n\n\n\n<p><strong>R\u00fcya temal\u0131 grup terapisi<\/strong>, bireylerin r\u00fcya deneyimlerini g\u00fcvenli, yarg\u0131s\u0131z ve destekleyici bir grup ortam\u0131nda ke\u015ffetmelerine olanak tan\u0131yan, yap\u0131land\u0131r\u0131lm\u0131\u015f bir psikolojik dan\u0131\u015fma s\u00fcrecidir. Bu yakla\u015f\u0131m, bireyin bilin\u00e7d\u0131\u015f\u0131 s\u00fcre\u00e7leriyle ba\u011flant\u0131 kurmas\u0131na, duygusal i\u00e7g\u00f6r\u00fc kazanmas\u0131na ve ki\u015fisel geli\u015fim s\u00fcrecini derinle\u015ftirmesine katk\u0131 sa\u011flar.<\/p>\n\n\n\n<p>Yeni a\u00e7\u0131lacak olan bu grupta, \u00f6zellikle <strong>tekrarlayan r\u00fcyalar<\/strong> \u00fczerinde \u00e7al\u0131\u015f\u0131lacakt\u0131r. Tekrarlayan r\u00fcyalar, belirli temalar\u0131n veya imgelerin s\u0131k s\u0131k tekrarland\u0131\u011f\u0131, genellikle ki\u015finin bilin\u00e7d\u0131\u015f\u0131nda \u00e7\u00f6z\u00fclmemi\u015f duygusal meseleleri veya \u00e7at\u0131\u015fmalar\u0131 yans\u0131tan r\u00fcyalard\u0131r. Bu r\u00fcyalar, ki\u015finin i\u00e7 d\u00fcnyas\u0131nda tekrar eden kal\u0131plar\u0131 fark etmesine ve bu d\u00f6ng\u00fcleri k\u0131rarak iyile\u015fme s\u00fcrecini ba\u015flatmas\u0131na yard\u0131mc\u0131 olur.<\/p>\n\n\n\n<p>Kat\u0131l\u0131mc\u0131lar, kendi r\u00fcyalar\u0131n\u0131 payla\u015farak ve di\u011fer kat\u0131l\u0131mc\u0131lar\u0131n r\u00fcya analizlerini dinleyerek, i\u00e7sel d\u00fcnyalar\u0131nda yeni anlamlar ke\u015ffetme f\u0131rsat\u0131 bulurlar. R\u00fcyalardaki temalar, imgeler ve anlat\u0131lar; ge\u00e7mi\u015f ya\u015fant\u0131lar, g\u00fcncel duygusal s\u00fcre\u00e7ler ve bilin\u00e7d\u0131\u015f\u0131 motiflerle ili\u015fkilendirilerek analiz s\u00fcreci psikolojik bir \u00e7er\u00e7evede ele al\u0131n\u0131r. Her oturumda, r\u00fcya i\u00e7eri\u011fi; zamansal ve mek\u00e2nsal ba\u011flamlar, duygusal tonlar ve bilin\u00e7d\u0131\u015f\u0131 imgeler a\u00e7\u0131s\u0131ndan \u00e7\u00f6z\u00fcmlenir. <\/p>\n\n\n\n<hr class=\"wp-block-separator has-alpha-channel-opacity\"\/>\n\n\n\n<p><strong>Planlama ve Kat\u0131l\u0131m Bilgileri<\/strong><\/p>\n\n\n\n<ul class=\"wp-block-list\">\n<li>Oturum tarihleri: 12 A\u011fustos &#8211; 30 Eyl\u00fcl 2025 | 8 Hafta boyunca her sal\u0131<\/li>\n\n\n\n<li>Saat: 20.30 &#8211; 22.30 | Zoom Online<\/li>\n\n\n\n<li>Kat\u0131l\u0131mc\u0131lar \u00f6n g\u00f6r\u00fc\u015fme s\u00fcreci ile belirlenir.<\/li>\n\n\n\n<li>Grup \u00e7al\u0131\u015fmas\u0131,&nbsp;Uz. Psk. Dan. Ali R\u0131za Duru&nbsp;taraf\u0131ndan y\u00fcr\u00fct\u00fclmektedir.<\/li>\n\n\n\n<li>R\u00fcya Enstit\u00fcs\u00fc e\u011fitimlerine kat\u0131lm\u0131\u015f olanlara \u00f6ncelik verilecektir.<\/li>\n\n\n\n<li>Kontenjan: 7 Ki\u015fi<\/li>\n\n\n\n<li>\u00dccret: Yeni tarih duyurusuyla birlikte belirtilecektir.<\/li>\n<\/ul>\n\n\n\n<hr class=\"wp-block-separator has-alpha-channel-opacity\"\/>\n\n\n\n<p>Grup \u00e7al\u0131\u015fmalar\u0131na kat\u0131lma iste\u011finizi belirtmek i\u00e7in a\u015fa\u011f\u0131daki &#8220;\u00d6n Kay\u0131t Formu&#8221;nu doldurabilirsiniz. Yeni grup \u00e7al\u0131\u015fmas\u0131 planlamalar\u0131nda \u00f6n kay\u0131t formundaki ki\u015filere bilgi verilecektir.<\/p>\n\n\n\n<div class=\"wp-block-buttons is-layout-flex wp-block-buttons-is-layout-flex\">\n<div class=\"wp-block-button is-style-primary\"><a class=\"wp-block-button__link wp-element-button\" href=\"https:\/\/forms.gle\/FB2SRTMDGs5m7wxW7\">\u00d6n <strong>K<\/strong>ay\u0131t <strong>Formu<\/strong><\/a><\/div>\n<\/div>\n\n\n\n<p><\/p>\n","protected":false},"excerpt":{"rendered":"<p>&#8216;Tekrarlayan R\u00fcyalar&#8217; Temal\u0131 Grup Terapisi R\u00fcya temal\u0131 grup terapisi, bireylerin r\u00fcya deneyimlerini g\u00fcvenli, yarg\u0131s\u0131z ve destekleyici bir grup ortam\u0131nda ke\u015ffetmelerine olanak tan\u0131yan, yap\u0131land\u0131r\u0131lm\u0131\u015f bir psikolojik dan\u0131\u015fma s\u00fcrecidir. Bu yakla\u015f\u0131m, bireyin bilin\u00e7d\u0131\u015f\u0131 s\u00fcre\u00e7leriyle ba\u011flant\u0131 kurmas\u0131na, duygusal i\u00e7g\u00f6r\u00fc kazanmas\u0131na ve ki\u015fisel geli\u015fim s\u00fcrecini derinle\u015ftirmesine katk\u0131 sa\u011flar. Yeni a\u00e7\u0131lacak olan bu grupta, \u00f6zellikle tekrarlayan r\u00fcyalar \u00fczerinde \u00e7al\u0131\u015f\u0131lacakt\u0131r. Tekrarlayan&hellip;&nbsp;<a href=\"https:\/\/ruyaenstitusu.com\/?page_id=189\" rel=\"bookmark\">Daha fazlas\u0131n\u0131 oku &raquo;<span class=\"screen-reader-text\">Grup Terapileri<\/span><\/a><\/p>\n","protected":false},"author":1,"featured_media":0,"parent":0,"menu_order":0,"comment_status":"closed","ping_status":"closed","template":"","meta":{"neve_meta_sidebar":"","neve_meta_container":"","neve_meta_enable_content_width":"","neve_meta_content_width":0,"neve_meta_title_alignment":"","neve_meta_author_avatar":"","neve_post_elements_order":"","neve_meta_disable_header":"","neve_meta_disable_footer":"","neve_meta_disable_title":"","ngg_post_thumbnail":0,"footnotes":""},"class_list":["post-189","page","type-page","status-publish","hentry"],"yoast_head":"<!-- This site is optimized with the Yoast SEO plugin v24.7 - https:\/\/yoast.com\/wordpress\/plugins\/seo\/ -->\n<title>Grup Terapileri - R\u00fcya Enstit\u00fcs\u00fc<\/title>\n<meta name=\"robots\" content=\"index, follow, max-snippet:-1, max-image-preview:large, max-video-preview:-1\" \/>\n<link rel=\"canonical\" href=\"https:\/\/ruyaenstitusu.com\/?page_id=189\" \/>\n<meta property=\"og:locale\" content=\"tr_TR\" \/>\n<meta property=\"og:locale:alternate\" content=\"en_US\" \/>\n<meta property=\"og:type\" content=\"article\" \/>\n<meta property=\"og:title\" content=\"Grup Terapileri\" \/>\n<meta property=\"og:description\" content=\"&#8216;Tekrarlayan R\u00fcyalar&#8217; Temal\u0131 Grup Terapisi R\u00fcya temal\u0131 grup terapisi, bireylerin r\u00fcya deneyimlerini g\u00fcvenli, yarg\u0131s\u0131z ve destekleyici bir grup ortam\u0131nda ke\u015ffetmelerine olanak tan\u0131yan, yap\u0131land\u0131r\u0131lm\u0131\u015f bir psikolojik dan\u0131\u015fma s\u00fcrecidir. Bu yakla\u015f\u0131m, bireyin bilin\u00e7d\u0131\u015f\u0131 s\u00fcre\u00e7leriyle ba\u011flant\u0131 kurmas\u0131na, duygusal i\u00e7g\u00f6r\u00fc kazanmas\u0131na ve ki\u015fisel geli\u015fim s\u00fcrecini derinle\u015ftirmesine katk\u0131 sa\u011flar. Yeni a\u00e7\u0131lacak olan bu grupta, \u00f6zellikle tekrarlayan r\u00fcyalar \u00fczerinde \u00e7al\u0131\u015f\u0131lacakt\u0131r. Tekrarlayan&hellip;&nbsp;Daha fazlas\u0131n\u0131 oku &raquo;Grup Terapileri\" \/>\n<meta property=\"og:url\" content=\"https:\/\/ruyaenstitusu.com\/?page_id=189\" \/>\n<meta property=\"og:site_name\" content=\"R\u00fcya Enstit\u00fcs\u00fc\" \/>\n<meta property=\"article:modified_time\" content=\"2025-11-29T20:34:41+00:00\" \/>\n<meta property=\"og:image\" content=\"https:\/\/ruyaenstitusu.com\/wp-content\/uploads\/2025\/07\/Grup-terapileri.png\" \/>\n\t<meta property=\"og:image:width\" content=\"1080\" \/>\n\t<meta property=\"og:image:height\" content=\"1350\" \/>\n\t<meta property=\"og:image:type\" content=\"image\/png\" \/>\n<meta name=\"twitter:card\" content=\"summary_large_image\" \/>\n<meta name=\"twitter:label1\" content=\"Tahmini okuma s\u00fcresi\" \/>\n\t<meta name=\"twitter:data1\" content=\"2 dakika\" \/>\n<script type=\"application\/ld+json\" class=\"yoast-schema-graph\">{\"@context\":\"https:\/\/schema.org\",\"@graph\":[{\"@type\":\"WebPage\",\"@id\":\"https:\/\/ruyaenstitusu.com\/?page_id=189\",\"url\":\"https:\/\/ruyaenstitusu.com\/?page_id=189\",\"name\":\"Grup Terapileri\",\"isPartOf\":{\"@id\":\"https:\/\/ruyaenstitusu.com\/#website\"},\"primaryImageOfPage\":{\"@id\":\"https:\/\/ruyaenstitusu.com\/?page_id=189#primaryimage\"},\"image\":{\"@id\":\"https:\/\/ruyaenstitusu.com\/?page_id=189#primaryimage\"},\"thumbnailUrl\":\"https:\/\/ruyaenstitusu.com\/wp-content\/uploads\/2025\/07\/Grup-terapileri-819x1024.png\",\"datePublished\":\"2024-04-07T11:50:35+00:00\",\"dateModified\":\"2025-11-29T20:34:41+00:00\",\"breadcrumb\":{\"@id\":\"https:\/\/ruyaenstitusu.com\/?page_id=189#breadcrumb\"},\"inLanguage\":\"tr-TR\",\"potentialAction\":[{\"@type\":\"ReadAction\",\"target\":[\"https:\/\/ruyaenstitusu.com\/?page_id=189\"]}]},{\"@type\":\"ImageObject\",\"inLanguage\":\"tr-TR\",\"@id\":\"https:\/\/ruyaenstitusu.com\/?page_id=189#primaryimage\",\"url\":\"https:\/\/ruyaenstitusu.com\/wp-content\/uploads\/2025\/07\/Grup-terapileri.png\",\"contentUrl\":\"https:\/\/ruyaenstitusu.com\/wp-content\/uploads\/2025\/07\/Grup-terapileri.png\",\"width\":1080,\"height\":1350},{\"@type\":\"BreadcrumbList\",\"@id\":\"https:\/\/ruyaenstitusu.com\/?page_id=189#breadcrumb\",\"itemListElement\":[{\"@type\":\"ListItem\",\"position\":1,\"name\":\"Anasayfa\",\"item\":\"https:\/\/ruyaenstitusu.com\/\"},{\"@type\":\"ListItem\",\"position\":2,\"name\":\"Grup Terapileri\"}]},{\"@type\":\"WebSite\",\"@id\":\"https:\/\/ruyaenstitusu.com\/#website\",\"url\":\"https:\/\/ruyaenstitusu.com\/\",\"name\":\"R\u00fcya Enstit\u00fcs\u00fc\",\"description\":\"Psikolojide R\u00fcya \u00c7al\u0131\u015fmalar\u0131\u0131\",\"publisher\":{\"@id\":\"https:\/\/ruyaenstitusu.com\/#organization\"},\"potentialAction\":[{\"@type\":\"SearchAction\",\"target\":{\"@type\":\"EntryPoint\",\"urlTemplate\":\"https:\/\/ruyaenstitusu.com\/?s={search_term_string}\"},\"query-input\":{\"@type\":\"PropertyValueSpecification\",\"valueRequired\":true,\"valueName\":\"search_term_string\"}}],\"inLanguage\":\"tr-TR\"},{\"@type\":\"Organization\",\"@id\":\"https:\/\/ruyaenstitusu.com\/#organization\",\"name\":\"R\u00fcya Enstit\u00fcs\u00fc\",\"url\":\"https:\/\/ruyaenstitusu.com\/\",\"logo\":{\"@type\":\"ImageObject\",\"inLanguage\":\"tr-TR\",\"@id\":\"https:\/\/ruyaenstitusu.com\/#\/schema\/logo\/image\/\",\"url\":\"https:\/\/ruyaenstitusu.com\/wp-content\/uploads\/2024\/03\/cropped-Logo.png\",\"contentUrl\":\"https:\/\/ruyaenstitusu.com\/wp-content\/uploads\/2024\/03\/cropped-Logo.png\",\"width\":1080,\"height\":719,\"caption\":\"R\u00fcya Enstit\u00fcs\u00fc\"},\"image\":{\"@id\":\"https:\/\/ruyaenstitusu.com\/#\/schema\/logo\/image\/\"},\"sameAs\":[\"https:\/\/www.instagram.com\/ruyaenstitusu\/\"]}]}<\/script>\n<!-- \/ Yoast SEO plugin. -->","yoast_head_json":{"title":"Grup Terapileri - R\u00fcya Enstit\u00fcs\u00fc","robots":{"index":"index","follow":"follow","max-snippet":"max-snippet:-1","max-image-preview":"max-image-preview:large","max-video-preview":"max-video-preview:-1"},"canonical":"https:\/\/ruyaenstitusu.com\/?page_id=189","og_locale":"tr_TR","og_type":"article","og_title":"[:tr]Grup Terapileri[:] - R\u00fcya Enstit\u00fcs\u00fc","og_description":"&#8216;Tekrarlayan R\u00fcyalar&#8217; Temal\u0131 Grup Terapisi R\u00fcya temal\u0131 grup terapisi, bireylerin r\u00fcya deneyimlerini g\u00fcvenli, yarg\u0131s\u0131z ve destekleyici bir grup ortam\u0131nda ke\u015ffetmelerine olanak tan\u0131yan, yap\u0131land\u0131r\u0131lm\u0131\u015f bir psikolojik dan\u0131\u015fma s\u00fcrecidir. Bu yakla\u015f\u0131m, bireyin bilin\u00e7d\u0131\u015f\u0131 s\u00fcre\u00e7leriyle ba\u011flant\u0131 kurmas\u0131na, duygusal i\u00e7g\u00f6r\u00fc kazanmas\u0131na ve ki\u015fisel geli\u015fim s\u00fcrecini derinle\u015ftirmesine katk\u0131 sa\u011flar. Yeni a\u00e7\u0131lacak olan bu grupta, \u00f6zellikle tekrarlayan r\u00fcyalar \u00fczerinde \u00e7al\u0131\u015f\u0131lacakt\u0131r. Tekrarlayan&hellip;&nbsp;Daha fazlas\u0131n\u0131 oku &raquo;Grup Terapileri","og_url":"https:\/\/ruyaenstitusu.com\/?page_id=189","og_site_name":"R\u00fcya Enstit\u00fcs\u00fc","article_modified_time":"2025-11-29T20:34:41+00:00","og_image":[{"width":1080,"height":1350,"url":"https:\/\/ruyaenstitusu.com\/wp-content\/uploads\/2025\/07\/Grup-terapileri.png","type":"image\/png"}],"twitter_card":"summary_large_image","twitter_misc":{"Tahmini okuma s\u00fcresi":"2 dakika"},"schema":{"@context":"https:\/\/schema.org","@graph":[{"@type":"WebPage","@id":"https:\/\/ruyaenstitusu.com\/?page_id=189","url":"https:\/\/ruyaenstitusu.com\/?page_id=189","name":"Grup Terapileri","isPartOf":{"@id":"https:\/\/ruyaenstitusu.com\/#website"},"primaryImageOfPage":{"@id":"https:\/\/ruyaenstitusu.com\/?page_id=189#primaryimage"},"image":{"@id":"https:\/\/ruyaenstitusu.com\/?page_id=189#primaryimage"},"thumbnailUrl":"https:\/\/ruyaenstitusu.com\/wp-content\/uploads\/2025\/07\/Grup-terapileri-819x1024.png","datePublished":"2024-04-07T11:50:35+00:00","dateModified":"2025-11-29T20:34:41+00:00","breadcrumb":{"@id":"https:\/\/ruyaenstitusu.com\/?page_id=189#breadcrumb"},"inLanguage":"tr-TR","potentialAction":[{"@type":"ReadAction","target":["https:\/\/ruyaenstitusu.com\/?page_id=189"]}]},{"@type":"ImageObject","inLanguage":"tr-TR","@id":"https:\/\/ruyaenstitusu.com\/?page_id=189#primaryimage","url":"https:\/\/ruyaenstitusu.com\/wp-content\/uploads\/2025\/07\/Grup-terapileri.png","contentUrl":"https:\/\/ruyaenstitusu.com\/wp-content\/uploads\/2025\/07\/Grup-terapileri.png","width":1080,"height":1350},{"@type":"BreadcrumbList","@id":"https:\/\/ruyaenstitusu.com\/?page_id=189#breadcrumb","itemListElement":[{"@type":"ListItem","position":1,"name":"Anasayfa","item":"https:\/\/ruyaenstitusu.com\/"},{"@type":"ListItem","position":2,"name":"Grup Terapileri"}]},{"@type":"WebSite","@id":"https:\/\/ruyaenstitusu.com\/#website","url":"https:\/\/ruyaenstitusu.com\/","name":"R\u00fcya Enstit\u00fcs\u00fc","description":"Psikolojide R\u00fcya \u00c7al\u0131\u015fmalar\u0131\u0131","publisher":{"@id":"https:\/\/ruyaenstitusu.com\/#organization"},"potentialAction":[{"@type":"SearchAction","target":{"@type":"EntryPoint","urlTemplate":"https:\/\/ruyaenstitusu.com\/?s={search_term_string}"},"query-input":{"@type":"PropertyValueSpecification","valueRequired":true,"valueName":"search_term_string"}}],"inLanguage":"tr-TR"},{"@type":"Organization","@id":"https:\/\/ruyaenstitusu.com\/#organization","name":"R\u00fcya Enstit\u00fcs\u00fc","url":"https:\/\/ruyaenstitusu.com\/","logo":{"@type":"ImageObject","inLanguage":"tr-TR","@id":"https:\/\/ruyaenstitusu.com\/#\/schema\/logo\/image\/","url":"https:\/\/ruyaenstitusu.com\/wp-content\/uploads\/2024\/03\/cropped-Logo.png","contentUrl":"https:\/\/ruyaenstitusu.com\/wp-content\/uploads\/2024\/03\/cropped-Logo.png","width":1080,"height":719,"caption":"R\u00fcya Enstit\u00fcs\u00fc"},"image":{"@id":"https:\/\/ruyaenstitusu.com\/#\/schema\/logo\/image\/"},"sameAs":["https:\/\/www.instagram.com\/ruyaenstitusu\/"]}]}},"_links":{"self":[{"href":"https:\/\/ruyaenstitusu.com\/index.php?rest_route=\/wp\/v2\/pages\/189","targetHints":{"allow":["GET"]}}],"collection":[{"href":"https:\/\/ruyaenstitusu.com\/index.php?rest_route=\/wp\/v2\/pages"}],"about":[{"href":"https:\/\/ruyaenstitusu.com\/index.php?rest_route=\/wp\/v2\/types\/page"}],"author":[{"embeddable":true,"href":"https:\/\/ruyaenstitusu.com\/index.php?rest_route=\/wp\/v2\/users\/1"}],"replies":[{"embeddable":true,"href":"https:\/\/ruyaenstitusu.com\/index.php?rest_route=%2Fwp%2Fv2%2Fcomments&post=189"}],"version-history":[{"count":22,"href":"https:\/\/ruyaenstitusu.com\/index.php?rest_route=\/wp\/v2\/pages\/189\/revisions"}],"predecessor-version":[{"id":2301,"href":"https:\/\/ruyaenstitusu.com\/index.php?rest_route=\/wp\/v2\/pages\/189\/revisions\/2301"}],"wp:attachment":[{"href":"https:\/\/ruyaenstitusu.com\/index.php?rest_route=%2Fwp%2Fv2%2Fmedia&parent=189"}],"curies":[{"name":"wp","href":"https:\/\/api.w.org\/{rel}","templated":true}]}}