{"id":170,"date":"2024-04-07T14:31:51","date_gmt":"2024-04-07T11:31:51","guid":{"rendered":"https:\/\/ruyaenstitusu.com\/?page_id=170"},"modified":"2025-04-03T22:58:01","modified_gmt":"2025-04-03T19:58:01","slug":"yazilar","status":"publish","type":"page","link":"https:\/\/ruyaenstitusu.com\/?page_id=170","title":{"rendered":"Yaz\u0131lar"},"content":{"rendered":"\n<div class=\"wp-block-columns is-layout-flex wp-container-core-columns-is-layout-1 wp-block-columns-is-layout-flex\">\n<div class=\"wp-block-column is-layout-flow wp-block-column-is-layout-flow\">\n<figure class=\"wp-block-image size-full\"><img fetchpriority=\"high\" decoding=\"async\" width=\"626\" height=\"417\" src=\"https:\/\/ruyaenstitusu.com\/wp-content\/uploads\/2024\/10\/child-pretend-be-pilot-kid-having-fun-home-happy-child-dreaming-about-travel_411285-9366.avif\" alt=\"\" class=\"wp-image-632\" srcset=\"https:\/\/ruyaenstitusu.com\/wp-content\/uploads\/2024\/10\/child-pretend-be-pilot-kid-having-fun-home-happy-child-dreaming-about-travel_411285-9366.avif 626w, https:\/\/ruyaenstitusu.com\/wp-content\/uploads\/2024\/10\/child-pretend-be-pilot-kid-having-fun-home-happy-child-dreaming-about-travel_411285-9366-300x200.avif 300w, https:\/\/ruyaenstitusu.com\/wp-content\/uploads\/2024\/10\/child-pretend-be-pilot-kid-having-fun-home-happy-child-dreaming-about-travel_411285-9366-600x400.avif 600w\" sizes=\"(max-width: 626px) 100vw, 626px\" \/><\/figure>\n<\/div>\n\n\n\n<div class=\"wp-block-column is-vertically-aligned-center is-layout-flow wp-block-column-is-layout-flow\">\n<h2 class=\"wp-block-heading\">0-18 Ya\u015f Aras\u0131ndaki \u00c7ocuklar\u0131n R\u00fcya \u0130\u00e7erikleri: Geli\u015fim D\u00f6nemleri ve Kuramsal Yakla\u015f\u0131mlar<\/h2>\n\n\n\n<p>R\u00fcyalar, insan psikolojisinin derinliklerine \u0131\u015f\u0131k tutan \u00f6nemli bir penceredir. \u00c7ocuklar, \u00f6zellikle ya\u015famlar\u0131n\u0131n ilk 18 y\u0131l\u0131 boyunca hem bili\u015fsel hem de duygusal geli\u015fim s\u00fcre\u00e7lerini yo\u011fun bir \u015fekilde ya\u015farlar. Bu geli\u015fim d\u00f6nemlerinde g\u00f6rd\u00fckleri r\u00fcyalar, ya\u015fad\u0131klar\u0131 fiziksel, bili\u015fsel ve sosyal de\u011fi\u015fikliklerin bir yans\u0131mas\u0131 olarak ele al\u0131nabilir. Bu makale, 0-18 ya\u015f aras\u0131ndaki \u00e7ocuklar\u0131n r\u00fcyalar\u0131n\u0131 inceleyerek, geli\u015fim evrelerine g\u00f6re nas\u0131l de\u011fi\u015fiklikler g\u00f6sterdi\u011fini a\u00e7\u0131klamay\u0131 ama\u00e7lamaktad\u0131r. <\/p>\n\n\n\n<div class=\"wp-block-buttons is-layout-flex wp-block-buttons-is-layout-flex\">\n<div class=\"wp-block-button is-style-primary\"><a class=\"wp-block-button__link wp-element-button\" href=\"https:\/\/ruyaenstitusu.com\/?p=631\">Devam\u0131n\u0131 Oku<\/a><\/div>\n<\/div>\n<\/div>\n<\/div>\n\n\n\n<div class=\"wp-block-columns is-layout-flex wp-container-core-columns-is-layout-2 wp-block-columns-is-layout-flex\">\n<div class=\"wp-block-column is-layout-flow wp-block-column-is-layout-flow\">\n<figure class=\"wp-block-image size-large\"><img decoding=\"async\" width=\"1024\" height=\"576\" src=\"https:\/\/ruyaenstitusu.com\/wp-content\/uploads\/2024\/10\/Uyku-Bozukluklari-1-scaled-1-1024x576.jpg\" alt=\"\" class=\"wp-image-550\" srcset=\"https:\/\/ruyaenstitusu.com\/wp-content\/uploads\/2024\/10\/Uyku-Bozukluklari-1-scaled-1-1024x576.jpg 1024w, https:\/\/ruyaenstitusu.com\/wp-content\/uploads\/2024\/10\/Uyku-Bozukluklari-1-scaled-1-300x169.jpg 300w, https:\/\/ruyaenstitusu.com\/wp-content\/uploads\/2024\/10\/Uyku-Bozukluklari-1-scaled-1-768x432.jpg 768w, https:\/\/ruyaenstitusu.com\/wp-content\/uploads\/2024\/10\/Uyku-Bozukluklari-1-scaled-1-1536x864.jpg 1536w, https:\/\/ruyaenstitusu.com\/wp-content\/uploads\/2024\/10\/Uyku-Bozukluklari-1-scaled-1-2048x1152.jpg 2048w, https:\/\/ruyaenstitusu.com\/wp-content\/uploads\/2024\/10\/Uyku-Bozukluklari-1-scaled-1-600x338.jpg 600w\" sizes=\"(max-width: 1024px) 100vw, 1024px\" \/><\/figure>\n\n\n\n<h3 class=\"wp-block-heading\">Uyku N\u00f6rolojisi, N\u00f6rofizyolojisi, Evreleri ve Uyku D\u00f6ng\u00fcs\u00fc<\/h3>\n\n\n\n<p>Uyku, canl\u0131lar i\u00e7in hayati bir s\u00fcre\u00e7 olup, organizman\u0131n hem fiziksel hem de zihinsel sa\u011fl\u0131\u011f\u0131n\u0131 korumas\u0131 i\u00e7in gereklidir. \u0130nsan ya\u015fam\u0131n\u0131n yakla\u015f\u0131k \u00fc\u00e7te biri uykuda ge\u00e7er ve uyku, bir\u00e7ok biyolojik ve n\u00f6rolojik mekanizma ile yak\u0131ndan ili\u015fkilidir. Uykunun biyolojik i\u015fleyi\u015fi, beyin yap\u0131lar\u0131 ve n\u00f6rotransmitterler taraf\u0131ndan d\u00fczenlenir. Bu makalede, uykunun n\u00f6rolojik ve n\u00f6rofizyolojik temelleri, evreleri ve uyku d\u00f6ng\u00fcs\u00fc ayr\u0131nt\u0131l\u0131 olarak incelenecektir.<\/p>\n\n\n\n<div class=\"wp-block-buttons is-layout-flex wp-block-buttons-is-layout-flex\">\n<div class=\"wp-block-button is-style-primary\"><a class=\"wp-block-button__link wp-element-button\" href=\"https:\/\/ruyaenstitusu.com\/?p=549\">Devam\u0131n\u0131 Oku<\/a><\/div>\n<\/div>\n\n\n\n<div style=\"height:30px\" aria-hidden=\"true\" class=\"wp-block-spacer\"><\/div>\n<\/div>\n\n\n\n<div class=\"wp-block-column is-layout-flow wp-block-column-is-layout-flow\">\n<figure class=\"wp-block-image size-full is-resized\"><img decoding=\"async\" width=\"679\" height=\"418\" src=\"https:\/\/ruyaenstitusu.com\/wp-content\/uploads\/2024\/10\/4540719edf81ef3275de6f31d5b6e547.jpeg\" alt=\"\" class=\"wp-image-522\" style=\"width:356px;height:auto\" srcset=\"https:\/\/ruyaenstitusu.com\/wp-content\/uploads\/2024\/10\/4540719edf81ef3275de6f31d5b6e547.jpeg 679w, https:\/\/ruyaenstitusu.com\/wp-content\/uploads\/2024\/10\/4540719edf81ef3275de6f31d5b6e547-300x185.jpeg 300w, https:\/\/ruyaenstitusu.com\/wp-content\/uploads\/2024\/10\/4540719edf81ef3275de6f31d5b6e547-600x369.jpeg 600w\" sizes=\"(max-width: 679px) 100vw, 679px\" \/><\/figure>\n\n\n\n<h5 class=\"wp-block-heading\">L\u00fcsid R\u00fcyalar: N\u00f6robiyolojik Temelleri, Psikolojik Korelasyonlar\u0131 ve Terap\u00f6tik Kullan\u0131mlar\u0131<\/h5>\n\n\n\n<p>L\u00fcsid r\u00fcyalar, bireyin r\u00fcya g\u00f6rd\u00fc\u011f\u00fc s\u0131rada r\u00fcya durumunun fark\u0131nda oldu\u011fu ve bazen bu r\u00fcya i\u00e7eri\u011fini kontrol edebildi\u011fi \u00f6zel bir bilin\u00e7 hali olarak tan\u0131mlan\u0131r. Bu fenomen, son y\u0131llarda hem akademik hem de pop\u00fcler psikoloji ve bilin\u00e7 \u00e7al\u0131\u015fmalar\u0131 alan\u0131nda b\u00fcy\u00fck ilgi uyand\u0131rm\u0131\u015ft\u0131r. L\u00fcsid r\u00fcyalar\u0131n insan psikolojisine ve n\u00f6robiyolojik s\u00fcre\u00e7lere dair bir\u00e7ok bilgi sunabilece\u011fi d\u00fc\u015f\u00fcn\u00fclmektedir.<\/p>\n\n\n\n<p><\/p>\n\n\n\n<div class=\"wp-block-buttons is-layout-flex wp-block-buttons-is-layout-flex\">\n<div class=\"wp-block-button is-style-primary\"><a class=\"wp-block-button__link wp-element-button\" href=\"https:\/\/ruyaenstitusu.com\/?p=521\">Devam\u0131n\u0131 Oku<\/a><\/div>\n<\/div>\n\n\n\n<div style=\"height:30px\" aria-hidden=\"true\" class=\"wp-block-spacer\"><\/div>\n<\/div>\n\n\n\n<div class=\"wp-block-column is-layout-flow wp-block-column-is-layout-flow\">\n<figure class=\"wp-block-image size-large\"><img loading=\"lazy\" decoding=\"async\" width=\"1024\" height=\"576\" src=\"https:\/\/ruyaenstitusu.com\/wp-content\/uploads\/2024\/10\/sigmund_freud_kimdir-1024x576.png\" alt=\"\" class=\"wp-image-516\" srcset=\"https:\/\/ruyaenstitusu.com\/wp-content\/uploads\/2024\/10\/sigmund_freud_kimdir-1024x576.png 1024w, https:\/\/ruyaenstitusu.com\/wp-content\/uploads\/2024\/10\/sigmund_freud_kimdir-300x169.png 300w, https:\/\/ruyaenstitusu.com\/wp-content\/uploads\/2024\/10\/sigmund_freud_kimdir-768x432.png 768w, https:\/\/ruyaenstitusu.com\/wp-content\/uploads\/2024\/10\/sigmund_freud_kimdir-600x338.png 600w, https:\/\/ruyaenstitusu.com\/wp-content\/uploads\/2024\/10\/sigmund_freud_kimdir.png 1400w\" sizes=\"(max-width: 1024px) 100vw, 1024px\" \/><\/figure>\n\n\n\n<h3 class=\"wp-block-heading\">Psikoanalitik R\u00fcya \u0130lkeleri<\/h3>\n\n\n\n<p>Sigmund Freud\u2019un d\u00fc\u015f teorileri, psikanaliz yakla\u015f\u0131m\u0131n\u0131n temel ta\u015flar\u0131ndan biridir. Freud, d\u00fc\u015flerin bilin\u00e7d\u0131\u015f\u0131n\u0131n i\u015fleyi\u015fini anlamak i\u00e7in \u00f6nemli bir yol oldu\u011funu savunmu\u015f, bu ba\u011flamda d\u00fc\u015flerde yer alan \u00e7e\u015fitli mekanizmalar\u0131 tan\u0131mlam\u0131\u015ft\u0131r. Bu makale, Freud\u2019un d\u00fc\u015f i\u015fleyi\u015fi teorisinde tan\u0131mlad\u0131\u011f\u0131 be\u015f temel mekanizmay\u0131\u2014yo\u011funla\u015fma (condensation), sembolle\u015ftirme (symbolization), yans\u0131tma (projection), regresyon (regression) ve yer de\u011fi\u015ftirme (displacement)\u2014ele alacak ve Freud\u2019un teorilerini derinlemesine inceleyecektir. <\/p>\n\n\n\n<div class=\"wp-block-buttons is-layout-flex wp-block-buttons-is-layout-flex\">\n<div class=\"wp-block-button is-style-primary\"><a class=\"wp-block-button__link wp-element-button\" href=\"https:\/\/ruyaenstitusu.com\/?p=515\">Devam\u0131n\u0131 Oku<\/a><\/div>\n<\/div>\n\n\n\n<div style=\"height:30px\" aria-hidden=\"true\" class=\"wp-block-spacer\"><\/div>\n<\/div>\n<\/div>\n\n\n\n<div class=\"wp-block-query is-layout-flow wp-block-query-is-layout-flow\"><ul class=\"wp-block-post-template is-layout-flow wp-block-post-template-is-layout-flow\"><li class=\"wp-block-post post-819 post type-post status-publish format-standard has-post-thumbnail hentry category-blog tag-freud tag-psikoloji tag-ruya tag-ruya-analizi tag-uyku\">\n\n<div class=\"wp-block-columns alignwide is-layout-flex wp-container-core-columns-is-layout-3 wp-block-columns-is-layout-flex\">\n<div class=\"wp-block-column is-layout-flow wp-block-column-is-layout-flow\" style=\"flex-basis:66.66%\"><figure class=\"wp-block-post-featured-image\"><a href=\"https:\/\/ruyaenstitusu.com\/?p=819\" target=\"_self\"  ><img loading=\"lazy\" decoding=\"async\" width=\"1792\" height=\"1024\" src=\"https:\/\/ruyaenstitusu.com\/wp-content\/uploads\/2024\/10\/DALL\u00b7E-2024-10-14-08.32.05-An-abstract-visual-representation-of-dream-analysis-in-psychology-blending-both-traditional-and-modern-approaches.-The-image-should-feature-a-silhoue.webp\" class=\"attachment-post-thumbnail size-post-thumbnail wp-post-image\" alt=\"Psikolojide R\u00fcya Analizi\" style=\"object-fit:cover;\" srcset=\"https:\/\/ruyaenstitusu.com\/wp-content\/uploads\/2024\/10\/DALL\u00b7E-2024-10-14-08.32.05-An-abstract-visual-representation-of-dream-analysis-in-psychology-blending-both-traditional-and-modern-approaches.-The-image-should-feature-a-silhoue.webp 1792w, https:\/\/ruyaenstitusu.com\/wp-content\/uploads\/2024\/10\/DALL\u00b7E-2024-10-14-08.32.05-An-abstract-visual-representation-of-dream-analysis-in-psychology-blending-both-traditional-and-modern-approaches.-The-image-should-feature-a-silhoue-300x171.webp 300w, https:\/\/ruyaenstitusu.com\/wp-content\/uploads\/2024\/10\/DALL\u00b7E-2024-10-14-08.32.05-An-abstract-visual-representation-of-dream-analysis-in-psychology-blending-both-traditional-and-modern-approaches.-The-image-should-feature-a-silhoue-1024x585.webp 1024w, https:\/\/ruyaenstitusu.com\/wp-content\/uploads\/2024\/10\/DALL\u00b7E-2024-10-14-08.32.05-An-abstract-visual-representation-of-dream-analysis-in-psychology-blending-both-traditional-and-modern-approaches.-The-image-should-feature-a-silhoue-768x439.webp 768w, https:\/\/ruyaenstitusu.com\/wp-content\/uploads\/2024\/10\/DALL\u00b7E-2024-10-14-08.32.05-An-abstract-visual-representation-of-dream-analysis-in-psychology-blending-both-traditional-and-modern-approaches.-The-image-should-feature-a-silhoue-1536x878.webp 1536w\" sizes=\"(max-width: 1792px) 100vw, 1792px\" \/><\/a><\/figure><\/div>\n\n\n\n<div class=\"wp-block-column is-layout-flow wp-block-column-is-layout-flow\" style=\"flex-basis:33.33%\"><h2 class=\"wp-block-post-title\"><a href=\"https:\/\/ruyaenstitusu.com\/?p=819\" target=\"_self\" >Psikolojide R\u00fcya Analizi<\/a><\/h2>\n\n<div class=\"wp-block-post-excerpt\"><p class=\"wp-block-post-excerpt__excerpt\">R\u00fcyalar, insan psikolojisinin en gizemli alanlar\u0131ndan biri olmu\u015ftur. Y\u00fczy\u0131llar boyunca r\u00fcya yorumlar\u0131 farkl\u0131 k\u00fclt\u00fcrel ve dini ba\u011flamlarda \u00f6nemli bir yer tutarken, modern psikoloji r\u00fcyalar\u0131n bilimsel analizine y\u00f6nelik yeni yollar geli\u015ftirmi\u015ftir. Psikolojik r\u00fcya analizi, Freud ve Jung gibi \u00f6nc\u00fclerin teorik temelleri \u00fczerine kurulmu\u015f olup, bilin\u00e7d\u0131\u015f\u0131 s\u00fcre\u00e7leri anlamada \u00f6nemli bir ara\u00e7 olarak g\u00f6r\u00fclmektedir. Bu makalede, r\u00fcya analizi&hellip; <\/p><\/div><\/div>\n<\/div>\n\n<\/li><li class=\"wp-block-post post-2394 post type-post status-publish format-standard hentry category-blog\">\n\n<div class=\"wp-block-columns alignwide is-layout-flex wp-container-core-columns-is-layout-4 wp-block-columns-is-layout-flex\">\n<div class=\"wp-block-column is-layout-flow wp-block-column-is-layout-flow\" style=\"flex-basis:66.66%\"><\/div>\n\n\n\n<div class=\"wp-block-column is-layout-flow wp-block-column-is-layout-flow\" style=\"flex-basis:33.33%\"><h2 class=\"wp-block-post-title\"><a href=\"https:\/\/ruyaenstitusu.com\/?p=2394\" target=\"_self\" >Boylamsal Ara\u015ft\u0131rmalar<\/a><\/h2>\n\n<div class=\"wp-block-post-excerpt\"><p class=\"wp-block-post-excerpt__excerpt\"> <\/p><\/div><\/div>\n<\/div>\n\n<\/li><li class=\"wp-block-post post-2393 post type-post status-publish format-standard hentry category-blog\">\n\n<div class=\"wp-block-columns alignwide is-layout-flex wp-container-core-columns-is-layout-5 wp-block-columns-is-layout-flex\">\n<div class=\"wp-block-column is-layout-flow wp-block-column-is-layout-flow\" style=\"flex-basis:66.66%\"><\/div>\n\n\n\n<div class=\"wp-block-column is-layout-flow wp-block-column-is-layout-flow\" style=\"flex-basis:33.33%\"><h2 class=\"wp-block-post-title\"><a href=\"https:\/\/ruyaenstitusu.com\/?p=2393\" target=\"_self\" >Yaz\u0131lar<\/a><\/h2>\n\n<div class=\"wp-block-post-excerpt\"><p class=\"wp-block-post-excerpt__excerpt\"> <\/p><\/div><\/div>\n<\/div>\n\n<\/li><li class=\"wp-block-post post-1405 post type-post status-publish format-standard hentry category-blog\">\n\n<div class=\"wp-block-columns alignwide is-layout-flex wp-container-core-columns-is-layout-6 wp-block-columns-is-layout-flex\">\n<div class=\"wp-block-column is-layout-flow wp-block-column-is-layout-flow\" style=\"flex-basis:66.66%\"><\/div>\n\n\n\n<div class=\"wp-block-column is-layout-flow wp-block-column-is-layout-flow\" style=\"flex-basis:33.33%\"><h2 class=\"wp-block-post-title\"><a href=\"https:\/\/ruyaenstitusu.com\/?p=1405\" target=\"_self\" >M\u00fczikli R\u00fcyalar<\/a><\/h2>\n\n<div class=\"wp-block-post-excerpt\"><p class=\"wp-block-post-excerpt__excerpt\">A\u015fa\u011f\u0131da \u00e7\u0131kt\u0131lar\u0131 payla\u015f\u0131lan \u201cM\u00fczikli R\u00fcy\u00e2lar\u201d anketi, ara\u015ft\u0131rmac\u0131-m\u00fczisyen Sanat Deliorman taraf\u0131ndan, 1. Disiplinleraras\u0131 R\u00fcy\u00e2 Sempozyumu\u2019ndaki \u201cR\u00fcy\u00e2 ve M\u00fczik\u201d ba\u015fl\u0131kl\u0131 sunum konu\u015fmas\u0131na g\u00fcncel veri sunmak amac\u0131yla, 2023 sonbahar\u0131nda ger\u00e7ekle\u015ftirilmi\u015ftir. 68 T\u00fcrk m\u00fczisyenin kat\u0131l\u0131m g\u00f6sterdi\u011fi bu mini anket, \u00fclkemiz m\u00fczisyenlerinin r\u00fcy\u00e2lar\u0131nda ya\u015fad\u0131klar\u0131 m\u00fczik i\u00e7erikli deneyimlere, bu deneyimlerin hat\u0131rlanan duygu y\u00fck\u00fcne, zihindeki depolanma \u015fekillerine ve de bu deneyimlerin uyan\u0131k&hellip; <\/p><\/div><\/div>\n<\/div>\n\n<\/li><\/ul><\/div>\n\n\n\n<p><\/p>\n","protected":false},"excerpt":{"rendered":"<p>0-18 Ya\u015f Aras\u0131ndaki \u00c7ocuklar\u0131n R\u00fcya \u0130\u00e7erikleri: Geli\u015fim D\u00f6nemleri ve Kuramsal Yakla\u015f\u0131mlar R\u00fcyalar, insan psikolojisinin derinliklerine \u0131\u015f\u0131k tutan \u00f6nemli bir penceredir. \u00c7ocuklar, \u00f6zellikle ya\u015famlar\u0131n\u0131n ilk 18 y\u0131l\u0131 boyunca hem bili\u015fsel hem de duygusal geli\u015fim s\u00fcre\u00e7lerini yo\u011fun bir \u015fekilde ya\u015farlar. Bu geli\u015fim d\u00f6nemlerinde g\u00f6rd\u00fckleri r\u00fcyalar, ya\u015fad\u0131klar\u0131 fiziksel, bili\u015fsel ve sosyal de\u011fi\u015fikliklerin bir yans\u0131mas\u0131 olarak ele al\u0131nabilir. Bu&hellip;&nbsp;<a href=\"https:\/\/ruyaenstitusu.com\/?page_id=170\" rel=\"bookmark\">Daha fazlas\u0131n\u0131 oku &raquo;<span class=\"screen-reader-text\">Yaz\u0131lar<\/span><\/a><\/p>\n","protected":false},"author":1,"featured_media":0,"parent":0,"menu_order":0,"comment_status":"open","ping_status":"closed","template":"","meta":{"neve_meta_sidebar":"","neve_meta_container":"","neve_meta_enable_content_width":"","neve_meta_content_width":0,"neve_meta_title_alignment":"","neve_meta_author_avatar":"","neve_post_elements_order":"","neve_meta_disable_header":"","neve_meta_disable_footer":"","neve_meta_disable_title":"","ngg_post_thumbnail":0,"footnotes":""},"class_list":["post-170","page","type-page","status-publish","hentry"],"yoast_head":"<!-- This site is optimized with the Yoast SEO plugin v24.7 - https:\/\/yoast.com\/wordpress\/plugins\/seo\/ -->\n<title>Yaz\u0131lar - R\u00fcya Enstit\u00fcs\u00fc<\/title>\n<meta name=\"robots\" content=\"index, follow, max-snippet:-1, max-image-preview:large, max-video-preview:-1\" \/>\n<link rel=\"canonical\" href=\"https:\/\/ruyaenstitusu.com\/?page_id=170\" \/>\n<meta property=\"og:locale\" content=\"tr_TR\" \/>\n<meta property=\"og:locale:alternate\" content=\"en_US\" \/>\n<meta property=\"og:type\" content=\"article\" \/>\n<meta property=\"og:title\" content=\"Yaz\u0131lar\" \/>\n<meta property=\"og:description\" content=\"0-18 Ya\u015f Aras\u0131ndaki \u00c7ocuklar\u0131n R\u00fcya \u0130\u00e7erikleri: Geli\u015fim D\u00f6nemleri ve Kuramsal Yakla\u015f\u0131mlar R\u00fcyalar, insan psikolojisinin derinliklerine \u0131\u015f\u0131k tutan \u00f6nemli bir penceredir. \u00c7ocuklar, \u00f6zellikle ya\u015famlar\u0131n\u0131n ilk 18 y\u0131l\u0131 boyunca hem bili\u015fsel hem de duygusal geli\u015fim s\u00fcre\u00e7lerini yo\u011fun bir \u015fekilde ya\u015farlar. Bu geli\u015fim d\u00f6nemlerinde g\u00f6rd\u00fckleri r\u00fcyalar, ya\u015fad\u0131klar\u0131 fiziksel, bili\u015fsel ve sosyal de\u011fi\u015fikliklerin bir yans\u0131mas\u0131 olarak ele al\u0131nabilir. Bu&hellip;&nbsp;Daha fazlas\u0131n\u0131 oku &raquo;Yaz\u0131lar\" \/>\n<meta property=\"og:url\" content=\"https:\/\/ruyaenstitusu.com\/?page_id=170\" \/>\n<meta property=\"og:site_name\" content=\"R\u00fcya Enstit\u00fcs\u00fc\" \/>\n<meta property=\"article:modified_time\" content=\"2025-04-03T19:58:01+00:00\" \/>\n<meta name=\"twitter:card\" content=\"summary_large_image\" \/>\n<meta name=\"twitter:label1\" content=\"Tahmini okuma s\u00fcresi\" \/>\n\t<meta name=\"twitter:data1\" content=\"3 dakika\" \/>\n<script type=\"application\/ld+json\" class=\"yoast-schema-graph\">{\"@context\":\"https:\/\/schema.org\",\"@graph\":[{\"@type\":[\"WebPage\",\"CollectionPage\"],\"@id\":\"https:\/\/ruyaenstitusu.com\/?page_id=170\",\"url\":\"https:\/\/ruyaenstitusu.com\/?page_id=170\",\"name\":\"Yaz\u0131lar\",\"isPartOf\":{\"@id\":\"https:\/\/ruyaenstitusu.com\/#website\"},\"primaryImageOfPage\":{\"@id\":\"https:\/\/ruyaenstitusu.com\/?page_id=170#primaryimage\"},\"image\":{\"@id\":\"https:\/\/ruyaenstitusu.com\/?page_id=170#primaryimage\"},\"thumbnailUrl\":\"https:\/\/ruyaenstitusu.com\/wp-content\/uploads\/2024\/10\/child-pretend-be-pilot-kid-having-fun-home-happy-child-dreaming-about-travel_411285-9366.avif\",\"datePublished\":\"2024-04-07T11:31:51+00:00\",\"dateModified\":\"2025-04-03T19:58:01+00:00\",\"breadcrumb\":{\"@id\":\"https:\/\/ruyaenstitusu.com\/?page_id=170#breadcrumb\"},\"inLanguage\":\"tr-TR\"},{\"@type\":\"ImageObject\",\"inLanguage\":\"tr-TR\",\"@id\":\"https:\/\/ruyaenstitusu.com\/?page_id=170#primaryimage\",\"url\":\"https:\/\/ruyaenstitusu.com\/wp-content\/uploads\/2024\/10\/child-pretend-be-pilot-kid-having-fun-home-happy-child-dreaming-about-travel_411285-9366.avif\",\"contentUrl\":\"https:\/\/ruyaenstitusu.com\/wp-content\/uploads\/2024\/10\/child-pretend-be-pilot-kid-having-fun-home-happy-child-dreaming-about-travel_411285-9366.avif\",\"width\":626,\"height\":417},{\"@type\":\"BreadcrumbList\",\"@id\":\"https:\/\/ruyaenstitusu.com\/?page_id=170#breadcrumb\",\"itemListElement\":[{\"@type\":\"ListItem\",\"position\":1,\"name\":\"Anasayfa\",\"item\":\"https:\/\/ruyaenstitusu.com\/\"},{\"@type\":\"ListItem\",\"position\":2,\"name\":\"Yaz\u0131lar\"}]},{\"@type\":\"WebSite\",\"@id\":\"https:\/\/ruyaenstitusu.com\/#website\",\"url\":\"https:\/\/ruyaenstitusu.com\/\",\"name\":\"R\u00fcya Enstit\u00fcs\u00fc\",\"description\":\"Psikolojide R\u00fcya \u00c7al\u0131\u015fmalar\u0131\u0131\",\"publisher\":{\"@id\":\"https:\/\/ruyaenstitusu.com\/#organization\"},\"potentialAction\":[{\"@type\":\"SearchAction\",\"target\":{\"@type\":\"EntryPoint\",\"urlTemplate\":\"https:\/\/ruyaenstitusu.com\/?s={search_term_string}\"},\"query-input\":{\"@type\":\"PropertyValueSpecification\",\"valueRequired\":true,\"valueName\":\"search_term_string\"}}],\"inLanguage\":\"tr-TR\"},{\"@type\":\"Organization\",\"@id\":\"https:\/\/ruyaenstitusu.com\/#organization\",\"name\":\"R\u00fcya Enstit\u00fcs\u00fc\",\"url\":\"https:\/\/ruyaenstitusu.com\/\",\"logo\":{\"@type\":\"ImageObject\",\"inLanguage\":\"tr-TR\",\"@id\":\"https:\/\/ruyaenstitusu.com\/#\/schema\/logo\/image\/\",\"url\":\"https:\/\/ruyaenstitusu.com\/wp-content\/uploads\/2024\/03\/cropped-Logo.png\",\"contentUrl\":\"https:\/\/ruyaenstitusu.com\/wp-content\/uploads\/2024\/03\/cropped-Logo.png\",\"width\":1080,\"height\":719,\"caption\":\"R\u00fcya Enstit\u00fcs\u00fc\"},\"image\":{\"@id\":\"https:\/\/ruyaenstitusu.com\/#\/schema\/logo\/image\/\"},\"sameAs\":[\"https:\/\/www.instagram.com\/ruyaenstitusu\/\"]}]}<\/script>\n<!-- \/ Yoast SEO plugin. -->","yoast_head_json":{"title":"Yaz\u0131lar - R\u00fcya Enstit\u00fcs\u00fc","robots":{"index":"index","follow":"follow","max-snippet":"max-snippet:-1","max-image-preview":"max-image-preview:large","max-video-preview":"max-video-preview:-1"},"canonical":"https:\/\/ruyaenstitusu.com\/?page_id=170","og_locale":"tr_TR","og_type":"article","og_title":"[:tr]Yaz\u0131lar[:] - R\u00fcya Enstit\u00fcs\u00fc","og_description":"0-18 Ya\u015f Aras\u0131ndaki \u00c7ocuklar\u0131n R\u00fcya \u0130\u00e7erikleri: Geli\u015fim D\u00f6nemleri ve Kuramsal Yakla\u015f\u0131mlar R\u00fcyalar, insan psikolojisinin derinliklerine \u0131\u015f\u0131k tutan \u00f6nemli bir penceredir. \u00c7ocuklar, \u00f6zellikle ya\u015famlar\u0131n\u0131n ilk 18 y\u0131l\u0131 boyunca hem bili\u015fsel hem de duygusal geli\u015fim s\u00fcre\u00e7lerini yo\u011fun bir \u015fekilde ya\u015farlar. Bu geli\u015fim d\u00f6nemlerinde g\u00f6rd\u00fckleri r\u00fcyalar, ya\u015fad\u0131klar\u0131 fiziksel, bili\u015fsel ve sosyal de\u011fi\u015fikliklerin bir yans\u0131mas\u0131 olarak ele al\u0131nabilir. Bu&hellip;&nbsp;Daha fazlas\u0131n\u0131 oku &raquo;Yaz\u0131lar","og_url":"https:\/\/ruyaenstitusu.com\/?page_id=170","og_site_name":"R\u00fcya Enstit\u00fcs\u00fc","article_modified_time":"2025-04-03T19:58:01+00:00","twitter_card":"summary_large_image","twitter_misc":{"Tahmini okuma s\u00fcresi":"3 dakika"},"schema":{"@context":"https:\/\/schema.org","@graph":[{"@type":["WebPage","CollectionPage"],"@id":"https:\/\/ruyaenstitusu.com\/?page_id=170","url":"https:\/\/ruyaenstitusu.com\/?page_id=170","name":"Yaz\u0131lar","isPartOf":{"@id":"https:\/\/ruyaenstitusu.com\/#website"},"primaryImageOfPage":{"@id":"https:\/\/ruyaenstitusu.com\/?page_id=170#primaryimage"},"image":{"@id":"https:\/\/ruyaenstitusu.com\/?page_id=170#primaryimage"},"thumbnailUrl":"https:\/\/ruyaenstitusu.com\/wp-content\/uploads\/2024\/10\/child-pretend-be-pilot-kid-having-fun-home-happy-child-dreaming-about-travel_411285-9366.avif","datePublished":"2024-04-07T11:31:51+00:00","dateModified":"2025-04-03T19:58:01+00:00","breadcrumb":{"@id":"https:\/\/ruyaenstitusu.com\/?page_id=170#breadcrumb"},"inLanguage":"tr-TR"},{"@type":"ImageObject","inLanguage":"tr-TR","@id":"https:\/\/ruyaenstitusu.com\/?page_id=170#primaryimage","url":"https:\/\/ruyaenstitusu.com\/wp-content\/uploads\/2024\/10\/child-pretend-be-pilot-kid-having-fun-home-happy-child-dreaming-about-travel_411285-9366.avif","contentUrl":"https:\/\/ruyaenstitusu.com\/wp-content\/uploads\/2024\/10\/child-pretend-be-pilot-kid-having-fun-home-happy-child-dreaming-about-travel_411285-9366.avif","width":626,"height":417},{"@type":"BreadcrumbList","@id":"https:\/\/ruyaenstitusu.com\/?page_id=170#breadcrumb","itemListElement":[{"@type":"ListItem","position":1,"name":"Anasayfa","item":"https:\/\/ruyaenstitusu.com\/"},{"@type":"ListItem","position":2,"name":"Yaz\u0131lar"}]},{"@type":"WebSite","@id":"https:\/\/ruyaenstitusu.com\/#website","url":"https:\/\/ruyaenstitusu.com\/","name":"R\u00fcya Enstit\u00fcs\u00fc","description":"Psikolojide R\u00fcya \u00c7al\u0131\u015fmalar\u0131\u0131","publisher":{"@id":"https:\/\/ruyaenstitusu.com\/#organization"},"potentialAction":[{"@type":"SearchAction","target":{"@type":"EntryPoint","urlTemplate":"https:\/\/ruyaenstitusu.com\/?s={search_term_string}"},"query-input":{"@type":"PropertyValueSpecification","valueRequired":true,"valueName":"search_term_string"}}],"inLanguage":"tr-TR"},{"@type":"Organization","@id":"https:\/\/ruyaenstitusu.com\/#organization","name":"R\u00fcya Enstit\u00fcs\u00fc","url":"https:\/\/ruyaenstitusu.com\/","logo":{"@type":"ImageObject","inLanguage":"tr-TR","@id":"https:\/\/ruyaenstitusu.com\/#\/schema\/logo\/image\/","url":"https:\/\/ruyaenstitusu.com\/wp-content\/uploads\/2024\/03\/cropped-Logo.png","contentUrl":"https:\/\/ruyaenstitusu.com\/wp-content\/uploads\/2024\/03\/cropped-Logo.png","width":1080,"height":719,"caption":"R\u00fcya Enstit\u00fcs\u00fc"},"image":{"@id":"https:\/\/ruyaenstitusu.com\/#\/schema\/logo\/image\/"},"sameAs":["https:\/\/www.instagram.com\/ruyaenstitusu\/"]}]}},"_links":{"self":[{"href":"https:\/\/ruyaenstitusu.com\/index.php?rest_route=\/wp\/v2\/pages\/170","targetHints":{"allow":["GET"]}}],"collection":[{"href":"https:\/\/ruyaenstitusu.com\/index.php?rest_route=\/wp\/v2\/pages"}],"about":[{"href":"https:\/\/ruyaenstitusu.com\/index.php?rest_route=\/wp\/v2\/types\/page"}],"author":[{"embeddable":true,"href":"https:\/\/ruyaenstitusu.com\/index.php?rest_route=\/wp\/v2\/users\/1"}],"replies":[{"embeddable":true,"href":"https:\/\/ruyaenstitusu.com\/index.php?rest_route=%2Fwp%2Fv2%2Fcomments&post=170"}],"version-history":[{"count":13,"href":"https:\/\/ruyaenstitusu.com\/index.php?rest_route=\/wp\/v2\/pages\/170\/revisions"}],"predecessor-version":[{"id":1584,"href":"https:\/\/ruyaenstitusu.com\/index.php?rest_route=\/wp\/v2\/pages\/170\/revisions\/1584"}],"wp:attachment":[{"href":"https:\/\/ruyaenstitusu.com\/index.php?rest_route=%2Fwp%2Fv2%2Fmedia&parent=170"}],"curies":[{"name":"wp","href":"https:\/\/api.w.org\/{rel}","templated":true}]}}