{"id":123,"date":"2024-04-07T13:37:19","date_gmt":"2024-04-07T10:37:19","guid":{"rendered":"https:\/\/ruyaenstitusu.com\/?page_id=123"},"modified":"2025-09-14T13:54:08","modified_gmt":"2025-09-14T10:54:08","slug":"videolar","status":"publish","type":"page","link":"https:\/\/ruyaenstitusu.com\/?page_id=123","title":{"rendered":"Videolar"},"content":{"rendered":"\n<figure class=\"wp-block-embed is-type-video is-provider-youtube wp-block-embed-youtube wp-embed-aspect-16-9 wp-has-aspect-ratio\"><div class=\"wp-block-embed__wrapper\">\n<div class=\"nv-iframe-embed\"><iframe title=\"Zihin Felsefesi Bag\u0306lam\u0131nda Bilinc\u0327 ve Ru\u0308ya | Prof.Dr. O\u0308zgu\u0308c\u0327 Gu\u0308ven | R\u00fcya Sempozyumu\" width=\"1200\" height=\"675\" src=\"https:\/\/www.youtube.com\/embed\/Dd3j69TFb1k?feature=oembed\" frameborder=\"0\" allow=\"accelerometer; autoplay; clipboard-write; encrypted-media; gyroscope; picture-in-picture; web-share\" referrerpolicy=\"strict-origin-when-cross-origin\" allowfullscreen><\/iframe><\/div>\n<\/div><\/figure>\n\n\n\n<p><\/p>\n\n\n\n<p><\/p>\n\n\n\n<p><\/p>\n\n\n\n<figure class=\"wp-block-embed is-type-video is-provider-youtube wp-block-embed-youtube wp-embed-aspect-16-9 wp-has-aspect-ratio\"><div class=\"wp-block-embed__wrapper\">\n<div class=\"nv-iframe-embed\"><iframe title=\"R\u00fcyalarda \u0130lham ve Yarat\u0131m S\u00fcrreci | Ceysu Ucan | R\u00fcya Sempozyumu\" width=\"1200\" height=\"675\" src=\"https:\/\/www.youtube.com\/embed\/xAlEwcDzb-I?feature=oembed\" frameborder=\"0\" allow=\"accelerometer; autoplay; clipboard-write; encrypted-media; gyroscope; picture-in-picture; web-share\" referrerpolicy=\"strict-origin-when-cross-origin\" allowfullscreen><\/iframe><\/div>\n<\/div><\/figure>\n\n\n\n<p><\/p>\n\n\n\n<p><\/p>\n\n\n\n<figure class=\"wp-block-embed is-type-video is-provider-youtube wp-block-embed-youtube wp-embed-aspect-16-9 wp-has-aspect-ratio\"><div class=\"wp-block-embed__wrapper\">\n<div class=\"nv-iframe-embed\"><iframe title=\"Psikolojide Kabuslar ve Genel \u00d6zellikleri | Ali R\u0131za Duru #psikoloji #kabus #r\u00fcya\" width=\"1200\" height=\"675\" src=\"https:\/\/www.youtube.com\/embed\/U-ehrqPq300?feature=oembed\" frameborder=\"0\" allow=\"accelerometer; autoplay; clipboard-write; encrypted-media; gyroscope; picture-in-picture; web-share\" referrerpolicy=\"strict-origin-when-cross-origin\" allowfullscreen><\/iframe><\/div>\n<\/div><\/figure>\n\n\n\n<p>Kabuslarla ilgili okuma yapmak istedi\u011fimde \u00e7e\u015fitli bloglarda yaz\u0131lanlar d\u0131\u015f\u0131nda derli toplu bir bilgi kayna\u011f\u0131 bulamad\u0131\u011f\u0131m i\u00e7in bu videoyu haz\u0131rlamaya karar verdim. B\u00f6ylece &#8220;korkulu d\u00fc\u015fler&#8221; hakk\u0131nda ara\u015ft\u0131rma yapmak isteyenlerin eri\u015febilece\u011fi temel d\u00fczeyde bir kaynak olu\u015fturmay\u0131 ama\u00e7l\u0131yorum. Herkes hayat\u0131nda en az 1 kez kabus g\u00f6rm\u00fc\u015ft\u00fcr. Kabuslar, hem korku hem de ilham kayna\u011f\u0131 olabilecek bir potansiyel ta\u015f\u0131maktad\u0131r. Bu videoyla size kabuslar hakk\u0131nda genel bir \u00e7er\u00e7eve sunmaya \u00e7al\u0131\u015faca\u011f\u0131m. Bu video ki\u015fisel tecr\u00fcbelerim, dan\u0131\u015fanlar\u0131m\u0131n aktard\u0131klar\u0131 ve literat\u00fcr taramalar\u0131ndan olu\u015fmaktad\u0131r. Kabuslar b\u00fct\u00fcn r\u00fcyalar i\u00e7inde her zaman ayr\u0131 bir \u00f6neme sahip olan bir ya\u015fant\u0131 olarak bug\u00fcne geldi. G\u00fc\u00e7l\u00fc negatif duygular i\u00e7ermesi sebebiyle uykuyu b\u00f6len, uykuya dalmay\u0131 zorla\u015ft\u0131ran, ertesi g\u00fcnlerin duygusunu belirleyen bir r\u00fcya olarak kabuslar her zaman insanlar\u0131n dikkatini \u00e7ekti. Bu video kabuslarla ilgili bilgileri genel hatlar\u0131yla toparlamay\u0131 ama\u00e7lamaktad\u0131r. <\/p>\n\n\n\n<p>Videoya kaynakl\u0131k eden yaz\u0131y\u0131 okumak i\u00e7in a\u015fa\u011f\u0131daki linke ba\u011flanabilirsiniz. <a href=\"https:\/\/www.youtube.com\/redirect?event=video_description&#038;redir_token=QUFFLUhqblozckpwZVBkUUFOQzgwSE8wM0syT2pwQlhRUXxBQ3Jtc0ttVmxqS1FCamtaay1KNnJKTl9qNTV0bUY2ejRzZDRrek04bm9fOGE4dUtaaWlfZXctenlYaG1KeVBzQWNoRVYtb0lyNzNnYVFuaVVTd3dTTEZtQU96ZUswM3gzV1o3MjgxQ3g2ZVMwMkkzS1pSd1ZOTQ&#038;q=https%3A%2F%2Fwww.academia.edu%2F115579411%2FPsikolojide_Kabuslar_ve_Genel_%25C3%2587er%25C3%25A7evesi&#038;v=U-ehrqPq300\" target=\"_blank\" rel=\"noreferrer noopener\">https:\/\/www.academia.edu\/115579411\/Ps&#8230;<\/a> <\/p>\n\n\n\n<p>Kabuslarla ilgili d\u00fc\u015f\u00fcncelerinizi, deneyimlerinizi ve sorular\u0131n\u0131z\u0131 yorumlara yazabilirsiniz. <\/p>\n\n\n\n<p>Kapak g\u00f6rseli: &#8220;Kabus&#8221; | Heinrich F\u00fcssli<\/p>\n\n\n\n<figure class=\"wp-block-embed is-type-video is-provider-youtube wp-block-embed-youtube wp-embed-aspect-16-9 wp-has-aspect-ratio\"><div class=\"wp-block-embed__wrapper\">\n<div class=\"nv-iframe-embed\"><iframe title=\"\u0130nsanl\u0131k Tarihinde R\u00fcyalar ve Fenomenal Bilin\u00e7 | Prof.Dr.G\u00fcven G\u00fczeldere | R\u00fcya Sempozyumu\" width=\"1200\" height=\"675\" src=\"https:\/\/www.youtube.com\/embed\/fiXPyovjcAg?feature=oembed\" frameborder=\"0\" allow=\"accelerometer; autoplay; clipboard-write; encrypted-media; gyroscope; picture-in-picture; web-share\" referrerpolicy=\"strict-origin-when-cross-origin\" allowfullscreen><\/iframe><\/div>\n<\/div><\/figure>\n\n\n\n<div class=\"wp-block-columns is-layout-flex wp-container-core-columns-is-layout-1 wp-block-columns-is-layout-flex\">\n<div class=\"wp-block-column is-layout-flow wp-block-column-is-layout-flow\"><\/div>\n<\/div>\n\n\n\n<figure class=\"wp-block-embed is-type-video is-provider-youtube wp-block-embed-youtube wp-embed-aspect-16-9 wp-has-aspect-ratio\"><div class=\"wp-block-embed__wrapper\">\n<div class=\"nv-iframe-embed\"><iframe title=\"R\u00fcyalar\u0131n N\u00f6robilimi | Psikiyatrist Dr. Sadjjad Riyahi | R\u00fcya Sempozyumu\" width=\"1200\" height=\"675\" src=\"https:\/\/www.youtube.com\/embed\/W6gOYmFdM7U?feature=oembed\" frameborder=\"0\" allow=\"accelerometer; autoplay; clipboard-write; encrypted-media; gyroscope; picture-in-picture; web-share\" referrerpolicy=\"strict-origin-when-cross-origin\" allowfullscreen><\/iframe><\/div>\n<\/div><\/figure>\n\n\n\n<div class=\"wp-block-columns is-layout-flex wp-container-core-columns-is-layout-2 wp-block-columns-is-layout-flex\">\n<div class=\"wp-block-column is-layout-flow wp-block-column-is-layout-flow\"><\/div>\n<\/div>\n\n\n\n<figure class=\"wp-block-embed is-type-video is-provider-youtube wp-block-embed-youtube wp-embed-aspect-16-9 wp-has-aspect-ratio\"><div class=\"wp-block-embed__wrapper\">\n<div class=\"nv-iframe-embed\"><iframe title=\"Psikanaliz, Gestalt ve Varolu\u015f\u00e7uluk Kuramlar\u0131na G\u00f6re R\u00fcya Analizi_ Tahir \u00d6zakka\u015f\" width=\"1200\" height=\"675\" src=\"https:\/\/www.youtube.com\/embed\/AOfdy3NhBwE?feature=oembed\" frameborder=\"0\" allow=\"accelerometer; autoplay; clipboard-write; encrypted-media; gyroscope; picture-in-picture; web-share\" referrerpolicy=\"strict-origin-when-cross-origin\" allowfullscreen><\/iframe><\/div>\n<\/div><\/figure>\n\n\n\n<div class=\"wp-block-columns is-layout-flex wp-container-core-columns-is-layout-3 wp-block-columns-is-layout-flex\">\n<div class=\"wp-block-column is-layout-flow wp-block-column-is-layout-flow\"><\/div>\n<\/div>\n\n\n\n<figure class=\"wp-block-embed is-type-video is-provider-youtube wp-block-embed-youtube wp-embed-aspect-16-9 wp-has-aspect-ratio\"><div class=\"wp-block-embed__wrapper\">\n<div class=\"nv-iframe-embed\"><iframe title=\"Binbir Gece R\u00fcyalar\u0131 2.B\u00f6l\u00fcm | Ali R\u0131za Duru\" width=\"1200\" height=\"675\" src=\"https:\/\/www.youtube.com\/embed\/OJV-lFgowvY?feature=oembed\" frameborder=\"0\" allow=\"accelerometer; autoplay; clipboard-write; encrypted-media; gyroscope; picture-in-picture; web-share\" referrerpolicy=\"strict-origin-when-cross-origin\" allowfullscreen><\/iframe><\/div>\n<\/div><\/figure>\n\n\n\n<p>2 y\u0131ld\u0131r y\u00fczlerce ki\u015fiyle bulu\u015fan, bir \u00e7ok r\u00fcyaya sahne olan, r\u00fcyalar\u0131n birle\u015ftiren y\u00f6nleri \u00fczerinde durup toplumun ortak duygular\u0131na vurgu yapan Binbir Gece R\u00fcyalar\u0131 Youtube&#8217;da. Yap\u0131mc\u0131m\u0131z Mevzu:&#8217;ya te\u015fekk\u00fcr ederiz. Kabuslar, tekrarlayan r\u00fcyalar, unutulmayan ve sizde g\u00fc\u00e7l\u00fc etki b\u0131rakan r\u00fcyalar\u0131n yan\u0131nda tuhaf, abs\u00fcrt veya keyifli r\u00fcyalar\u0131 da g\u00fcndemimize ald\u0131\u011f\u0131m\u0131z ve bu r\u00fcyalar\u0131n derininde daha neler var diye d\u00fc\u015f\u00fcnenler i\u00e7in haz\u0131rlad\u0131\u011f\u0131m\u0131z Binbir Gece R\u00fcyalar\u0131\u2019nda sahnede anlat\u0131lan r\u00fcyalar\u0131n psikolojik analizleri \u00fczerinde duruyoruz. <\/p>\n\n\n\n<p>Bu program ger\u00e7ek bir psikoterapi seans\u0131 de\u011fildir. Psikolojinin yakla\u015f\u0131m ve teknikleri ile bir r\u00fcyan\u0131n nas\u0131l analiz edilebilece\u011fine bir \u00f6rnek te\u015fkil etmektedir. R\u00fcyas\u0131 analiz edilen ki\u015fiden, program\u0131n \u00e7ekilmesi ve yay\u0131nlanmas\u0131 ile ilgili gerekli izinler al\u0131nm\u0131\u015ft\u0131r. \u00d6nemli Not: R\u00fcyas\u0131n\u0131 anlatan arkada\u015f\u0131m\u0131z ve r\u00fcyas\u0131 hakk\u0131nda yorum yapmaman\u0131z\u0131 rica ederiz. Bunun yerine, bu r\u00fcya sizin ya\u015fam\u0131n\u0131zda ne ifade ediyor, ortak temalar\u0131n\u0131z varsa nelerdir, daha \u00f6nce benzeri bir r\u00fcya g\u00f6rd\u00fcn\u00fcz m\u00fc, videodaki r\u00fcya analizi sizin kendi d\u00fcnyan\u0131zda bir anlam olu\u015fturuyorsa bu nedir vb gibi d\u00fc\u015f\u00fcncelerinizi \u00e7ok merak ediyoruz. <\/p>\n\n\n\n<p><\/p>\n","protected":false},"excerpt":{"rendered":"<p>Kabuslarla ilgili okuma yapmak istedi\u011fimde \u00e7e\u015fitli bloglarda yaz\u0131lanlar d\u0131\u015f\u0131nda derli toplu bir bilgi kayna\u011f\u0131 bulamad\u0131\u011f\u0131m i\u00e7in bu videoyu haz\u0131rlamaya karar verdim. B\u00f6ylece &#8220;korkulu d\u00fc\u015fler&#8221; hakk\u0131nda ara\u015ft\u0131rma yapmak isteyenlerin eri\u015febilece\u011fi temel d\u00fczeyde bir kaynak olu\u015fturmay\u0131 ama\u00e7l\u0131yorum. Herkes hayat\u0131nda en az 1 kez kabus g\u00f6rm\u00fc\u015ft\u00fcr. Kabuslar, hem korku hem de ilham kayna\u011f\u0131 olabilecek bir potansiyel ta\u015f\u0131maktad\u0131r. Bu&hellip;&nbsp;<a href=\"https:\/\/ruyaenstitusu.com\/?page_id=123\" rel=\"bookmark\">Daha fazlas\u0131n\u0131 oku &raquo;<span class=\"screen-reader-text\">Videolar<\/span><\/a><\/p>\n","protected":false},"author":1,"featured_media":0,"parent":0,"menu_order":0,"comment_status":"closed","ping_status":"closed","template":"","meta":{"neve_meta_sidebar":"","neve_meta_container":"","neve_meta_enable_content_width":"","neve_meta_content_width":0,"neve_meta_title_alignment":"","neve_meta_author_avatar":"","neve_post_elements_order":"","neve_meta_disable_header":"","neve_meta_disable_footer":"","neve_meta_disable_title":"","ngg_post_thumbnail":0,"footnotes":""},"class_list":["post-123","page","type-page","status-publish","hentry"],"yoast_head":"<!-- This site is optimized with the Yoast SEO plugin v24.7 - https:\/\/yoast.com\/wordpress\/plugins\/seo\/ -->\n<title>Videolar - R\u00fcya Enstit\u00fcs\u00fc<\/title>\n<meta name=\"robots\" content=\"index, follow, max-snippet:-1, max-image-preview:large, max-video-preview:-1\" \/>\n<link rel=\"canonical\" href=\"https:\/\/ruyaenstitusu.com\/?page_id=123\" \/>\n<meta property=\"og:locale\" content=\"tr_TR\" \/>\n<meta property=\"og:locale:alternate\" content=\"en_US\" \/>\n<meta property=\"og:type\" content=\"article\" \/>\n<meta property=\"og:title\" content=\"Videolar\" \/>\n<meta property=\"og:description\" content=\"Kabuslarla ilgili okuma yapmak istedi\u011fimde \u00e7e\u015fitli bloglarda yaz\u0131lanlar d\u0131\u015f\u0131nda derli toplu bir bilgi kayna\u011f\u0131 bulamad\u0131\u011f\u0131m i\u00e7in bu videoyu haz\u0131rlamaya karar verdim. B\u00f6ylece &#8220;korkulu d\u00fc\u015fler&#8221; hakk\u0131nda ara\u015ft\u0131rma yapmak isteyenlerin eri\u015febilece\u011fi temel d\u00fczeyde bir kaynak olu\u015fturmay\u0131 ama\u00e7l\u0131yorum. Herkes hayat\u0131nda en az 1 kez kabus g\u00f6rm\u00fc\u015ft\u00fcr. Kabuslar, hem korku hem de ilham kayna\u011f\u0131 olabilecek bir potansiyel ta\u015f\u0131maktad\u0131r. Bu&hellip;&nbsp;Daha fazlas\u0131n\u0131 oku &raquo;Videolar\" \/>\n<meta property=\"og:url\" content=\"https:\/\/ruyaenstitusu.com\/?page_id=123\" \/>\n<meta property=\"og:site_name\" content=\"R\u00fcya Enstit\u00fcs\u00fc\" \/>\n<meta property=\"article:modified_time\" content=\"2025-09-14T10:54:08+00:00\" \/>\n<meta name=\"twitter:card\" content=\"summary_large_image\" \/>\n<meta name=\"twitter:label1\" content=\"Tahmini okuma s\u00fcresi\" \/>\n\t<meta name=\"twitter:data1\" content=\"2 dakika\" \/>\n<script type=\"application\/ld+json\" class=\"yoast-schema-graph\">{\"@context\":\"https:\/\/schema.org\",\"@graph\":[{\"@type\":\"WebPage\",\"@id\":\"https:\/\/ruyaenstitusu.com\/?page_id=123\",\"url\":\"https:\/\/ruyaenstitusu.com\/?page_id=123\",\"name\":\"Videolar\",\"isPartOf\":{\"@id\":\"https:\/\/ruyaenstitusu.com\/#website\"},\"datePublished\":\"2024-04-07T10:37:19+00:00\",\"dateModified\":\"2025-09-14T10:54:08+00:00\",\"breadcrumb\":{\"@id\":\"https:\/\/ruyaenstitusu.com\/?page_id=123#breadcrumb\"},\"inLanguage\":\"tr-TR\",\"potentialAction\":[{\"@type\":\"ReadAction\",\"target\":[\"https:\/\/ruyaenstitusu.com\/?page_id=123\"]}]},{\"@type\":\"BreadcrumbList\",\"@id\":\"https:\/\/ruyaenstitusu.com\/?page_id=123#breadcrumb\",\"itemListElement\":[{\"@type\":\"ListItem\",\"position\":1,\"name\":\"Anasayfa\",\"item\":\"https:\/\/ruyaenstitusu.com\/\"},{\"@type\":\"ListItem\",\"position\":2,\"name\":\"Videolar\"}]},{\"@type\":\"WebSite\",\"@id\":\"https:\/\/ruyaenstitusu.com\/#website\",\"url\":\"https:\/\/ruyaenstitusu.com\/\",\"name\":\"R\u00fcya Enstit\u00fcs\u00fc\",\"description\":\"Psikolojide R\u00fcya \u00c7al\u0131\u015fmalar\u0131\u0131\",\"publisher\":{\"@id\":\"https:\/\/ruyaenstitusu.com\/#organization\"},\"potentialAction\":[{\"@type\":\"SearchAction\",\"target\":{\"@type\":\"EntryPoint\",\"urlTemplate\":\"https:\/\/ruyaenstitusu.com\/?s={search_term_string}\"},\"query-input\":{\"@type\":\"PropertyValueSpecification\",\"valueRequired\":true,\"valueName\":\"search_term_string\"}}],\"inLanguage\":\"tr-TR\"},{\"@type\":\"Organization\",\"@id\":\"https:\/\/ruyaenstitusu.com\/#organization\",\"name\":\"R\u00fcya Enstit\u00fcs\u00fc\",\"url\":\"https:\/\/ruyaenstitusu.com\/\",\"logo\":{\"@type\":\"ImageObject\",\"inLanguage\":\"tr-TR\",\"@id\":\"https:\/\/ruyaenstitusu.com\/#\/schema\/logo\/image\/\",\"url\":\"https:\/\/ruyaenstitusu.com\/wp-content\/uploads\/2024\/03\/cropped-Logo.png\",\"contentUrl\":\"https:\/\/ruyaenstitusu.com\/wp-content\/uploads\/2024\/03\/cropped-Logo.png\",\"width\":1080,\"height\":719,\"caption\":\"R\u00fcya Enstit\u00fcs\u00fc\"},\"image\":{\"@id\":\"https:\/\/ruyaenstitusu.com\/#\/schema\/logo\/image\/\"},\"sameAs\":[\"https:\/\/www.instagram.com\/ruyaenstitusu\/\"]}]}<\/script>\n<!-- \/ Yoast SEO plugin. -->","yoast_head_json":{"title":"Videolar - R\u00fcya Enstit\u00fcs\u00fc","robots":{"index":"index","follow":"follow","max-snippet":"max-snippet:-1","max-image-preview":"max-image-preview:large","max-video-preview":"max-video-preview:-1"},"canonical":"https:\/\/ruyaenstitusu.com\/?page_id=123","og_locale":"tr_TR","og_type":"article","og_title":"[:tr]Videolar[:] - R\u00fcya Enstit\u00fcs\u00fc","og_description":"Kabuslarla ilgili okuma yapmak istedi\u011fimde \u00e7e\u015fitli bloglarda yaz\u0131lanlar d\u0131\u015f\u0131nda derli toplu bir bilgi kayna\u011f\u0131 bulamad\u0131\u011f\u0131m i\u00e7in bu videoyu haz\u0131rlamaya karar verdim. B\u00f6ylece &#8220;korkulu d\u00fc\u015fler&#8221; hakk\u0131nda ara\u015ft\u0131rma yapmak isteyenlerin eri\u015febilece\u011fi temel d\u00fczeyde bir kaynak olu\u015fturmay\u0131 ama\u00e7l\u0131yorum. Herkes hayat\u0131nda en az 1 kez kabus g\u00f6rm\u00fc\u015ft\u00fcr. Kabuslar, hem korku hem de ilham kayna\u011f\u0131 olabilecek bir potansiyel ta\u015f\u0131maktad\u0131r. Bu&hellip;&nbsp;Daha fazlas\u0131n\u0131 oku &raquo;Videolar","og_url":"https:\/\/ruyaenstitusu.com\/?page_id=123","og_site_name":"R\u00fcya Enstit\u00fcs\u00fc","article_modified_time":"2025-09-14T10:54:08+00:00","twitter_card":"summary_large_image","twitter_misc":{"Tahmini okuma s\u00fcresi":"2 dakika"},"schema":{"@context":"https:\/\/schema.org","@graph":[{"@type":"WebPage","@id":"https:\/\/ruyaenstitusu.com\/?page_id=123","url":"https:\/\/ruyaenstitusu.com\/?page_id=123","name":"Videolar","isPartOf":{"@id":"https:\/\/ruyaenstitusu.com\/#website"},"datePublished":"2024-04-07T10:37:19+00:00","dateModified":"2025-09-14T10:54:08+00:00","breadcrumb":{"@id":"https:\/\/ruyaenstitusu.com\/?page_id=123#breadcrumb"},"inLanguage":"tr-TR","potentialAction":[{"@type":"ReadAction","target":["https:\/\/ruyaenstitusu.com\/?page_id=123"]}]},{"@type":"BreadcrumbList","@id":"https:\/\/ruyaenstitusu.com\/?page_id=123#breadcrumb","itemListElement":[{"@type":"ListItem","position":1,"name":"Anasayfa","item":"https:\/\/ruyaenstitusu.com\/"},{"@type":"ListItem","position":2,"name":"Videolar"}]},{"@type":"WebSite","@id":"https:\/\/ruyaenstitusu.com\/#website","url":"https:\/\/ruyaenstitusu.com\/","name":"R\u00fcya Enstit\u00fcs\u00fc","description":"Psikolojide R\u00fcya \u00c7al\u0131\u015fmalar\u0131\u0131","publisher":{"@id":"https:\/\/ruyaenstitusu.com\/#organization"},"potentialAction":[{"@type":"SearchAction","target":{"@type":"EntryPoint","urlTemplate":"https:\/\/ruyaenstitusu.com\/?s={search_term_string}"},"query-input":{"@type":"PropertyValueSpecification","valueRequired":true,"valueName":"search_term_string"}}],"inLanguage":"tr-TR"},{"@type":"Organization","@id":"https:\/\/ruyaenstitusu.com\/#organization","name":"R\u00fcya Enstit\u00fcs\u00fc","url":"https:\/\/ruyaenstitusu.com\/","logo":{"@type":"ImageObject","inLanguage":"tr-TR","@id":"https:\/\/ruyaenstitusu.com\/#\/schema\/logo\/image\/","url":"https:\/\/ruyaenstitusu.com\/wp-content\/uploads\/2024\/03\/cropped-Logo.png","contentUrl":"https:\/\/ruyaenstitusu.com\/wp-content\/uploads\/2024\/03\/cropped-Logo.png","width":1080,"height":719,"caption":"R\u00fcya Enstit\u00fcs\u00fc"},"image":{"@id":"https:\/\/ruyaenstitusu.com\/#\/schema\/logo\/image\/"},"sameAs":["https:\/\/www.instagram.com\/ruyaenstitusu\/"]}]}},"_links":{"self":[{"href":"https:\/\/ruyaenstitusu.com\/index.php?rest_route=\/wp\/v2\/pages\/123","targetHints":{"allow":["GET"]}}],"collection":[{"href":"https:\/\/ruyaenstitusu.com\/index.php?rest_route=\/wp\/v2\/pages"}],"about":[{"href":"https:\/\/ruyaenstitusu.com\/index.php?rest_route=\/wp\/v2\/types\/page"}],"author":[{"embeddable":true,"href":"https:\/\/ruyaenstitusu.com\/index.php?rest_route=\/wp\/v2\/users\/1"}],"replies":[{"embeddable":true,"href":"https:\/\/ruyaenstitusu.com\/index.php?rest_route=%2Fwp%2Fv2%2Fcomments&post=123"}],"version-history":[{"count":5,"href":"https:\/\/ruyaenstitusu.com\/index.php?rest_route=\/wp\/v2\/pages\/123\/revisions"}],"predecessor-version":[{"id":1995,"href":"https:\/\/ruyaenstitusu.com\/index.php?rest_route=\/wp\/v2\/pages\/123\/revisions\/1995"}],"wp:attachment":[{"href":"https:\/\/ruyaenstitusu.com\/index.php?rest_route=%2Fwp%2Fv2%2Fmedia&parent=123"}],"curies":[{"name":"wp","href":"https:\/\/api.w.org\/{rel}","templated":true}]}}