{"id":119,"date":"2024-04-07T13:27:16","date_gmt":"2024-04-07T10:27:16","guid":{"rendered":"https:\/\/ruyaenstitusu.com\/?page_id=119"},"modified":"2025-10-14T16:53:16","modified_gmt":"2025-10-14T13:53:16","slug":"ruya-enstitusu-hakkinda","status":"publish","type":"page","link":"https:\/\/ruyaenstitusu.com\/?page_id=119","title":{"rendered":"Hakk\u0131m\u0131zda"},"content":{"rendered":"\n<p><strong>R\u00fcya Enstit\u00fcs\u00fc<\/strong>, psikolojide r\u00fcya analizi ve terapisi \u00fczerine odaklanan, genele ve ruh sa\u011fl\u0131\u011f\u0131 uzmanlar\u0131na y\u00f6nelik e\u011fitimler sunan bir e\u011fitim platformudur. Enstit\u00fc, hem klasik psikanaliz kuramlar\u0131na hem de modern n\u00f6ropsikanalitik yakla\u015f\u0131mlara dayanan kapsaml\u0131 e\u011fitim programlar\u0131yla r\u00fcyalar\u0131n terap\u00f6tik s\u00fcre\u00e7lerde nas\u0131l kullan\u0131labilece\u011fini \u00f6\u011fretmeyi ama\u00e7lar.<\/p>\n\n\n\n<p><strong>E\u011fitimler<\/strong>: Freud ve Jung gibi r\u00fcya analizinin \u00f6nc\u00fc kuramc\u0131lar\u0131n\u0131n yan\u0131 s\u0131ra, nesne ili\u015fkileri kuram\u0131, n\u00f6ropsikanaliz, psikodrama ve \u015fema terapi gibi yakla\u015f\u0131mlar\u0131 da i\u00e7eren \u00e7ok disiplinli bir e\u011fitim program\u0131 sunar. Bu e\u011fitimlerde, r\u00fcyalar\u0131n bilin\u00e7d\u0131\u015f\u0131 s\u00fcre\u00e7lerle ili\u015fkisi, ki\u015filik bozukluklar\u0131yla ba\u011flant\u0131l\u0131 r\u00fcya i\u00e7erikleri, \u00e7ocuk r\u00fcyalar\u0131n\u0131n psikolojik anlamlar\u0131 gibi konular ele al\u0131n\u0131r. Kat\u0131l\u0131mc\u0131lar, canl\u0131 dersler, vaka analizleri ve s\u00fcpervizyonlarla zenginle\u015ftirilmi\u015f bir deneyim ya\u015far.<\/p>\n\n\n\n<p><strong>Ama\u00e7<\/strong>: R\u00fcya Enstit\u00fcs\u00fc&#8217;n\u00fcn amac\u0131, r\u00fcyalara dikkati \u00e7ekmek ve geleneksel yakla\u015f\u0131mlardan uzakla\u015farak modern psikolojinin ilk ve y\u00f6ntemlerinden yararlanarak r\u00fcyalar\u0131na ilgi duyan herkese ve ayr\u0131ca ruh sa\u011fl\u0131\u011f\u0131 uzmanlar\u0131n\u0131n terapide r\u00fcya analizini daha etkili bir \u015fekilde kullanmas\u0131n\u0131 sa\u011flamak ve r\u00fcyalar\u0131n derin psikolojik anlamlar\u0131n\u0131 ke\u015ffetmelerine olanak tan\u0131makt\u0131r. E\u011fitimler, uzmanlar\u0131n dan\u0131\u015fanlar\u0131n\u0131n r\u00fcyalar\u0131n\u0131 daha iyi anlamalar\u0131n\u0131 ve r\u00fcyalar \u00fczerinden terap\u00f6tik m\u00fcdahalelerde bulunmalar\u0131n\u0131 sa\u011flar.<\/p>\n\n\n\n<p><strong>Faaliyetler<\/strong>: Enstit\u00fc b\u00fcnyesinde \u00e7e\u015fitli seminerler, at\u00f6lye \u00e7al\u0131\u015fmalar\u0131, vaka analizleri, s\u00fcpervizyon oturumlar\u0131 ve r\u00fcya analiziyle ilgili teorik ve uygulamal\u0131 dersler d\u00fczenlenmektedir. E\u011fitim programlar\u0131, dan\u0131\u015fanlar\u0131n r\u00fcyalar\u0131n\u0131 terapide kullanmay\u0131 \u00f6\u011frenmek isteyen psikologlar, psikiyatristler, psikoterapistler ve psikolojik dan\u0131\u015fmanlar i\u00e7in haz\u0131rlanm\u0131\u015ft\u0131r.<\/p>\n\n\n\n<p><strong>Kapsam<\/strong>: R\u00fcya Enstit\u00fcs\u00fc, r\u00fcyalar\u0131n tarihsel geli\u015fimi, k\u00fclt\u00fcrleraras\u0131 r\u00fcya anlay\u0131\u015flar\u0131, n\u00f6rofizyolojik temelleri ve terapide r\u00fcyalar\u0131n i\u015flevi gibi geni\u015f bir yelpazede konu ba\u015fl\u0131klar\u0131 sunar. E\u011fitimler, teorik derslerle ba\u015flay\u0131p uygulamal\u0131 \u00e7al\u0131\u015fmalar ve vaka analizleriyle devam eder, b\u00f6ylece kat\u0131l\u0131mc\u0131lar hem r\u00fcyalar\u0131n teorik arka plan\u0131n\u0131 hem de pratik kullan\u0131m\u0131n\u0131 \u00f6\u011frenir.<\/p>\n\n\n\n<p>Bu \u015fekilde, R\u00fcya Enstit\u00fcs\u00fc, kat\u0131l\u0131mc\u0131lar\u0131na r\u00fcyalar\u0131n derin psikolojik anlamlar\u0131n\u0131 ke\u015ffetme ve terap\u00f6tik s\u00fcre\u00e7lerde etkin bir \u015fekilde kullanma f\u0131rsat\u0131 sunmaktad\u0131r. Uluslararas\u0131 R\u00fcya Ara\u015ft\u0131rmalar\u0131 Derne\u011fi (IASD- International Associationfor the Study of Dreams) T\u00fcrkiye temsilcisidir. T\u00fcrk PDR Derne\u011fi, Psikologlar Derne\u011fi \u00fcyesidir.<\/p>\n\n\n\n<p><\/p>\n\n\n\n<ul class=\"wp-block-list\">\n<li><strong>Faaliyet Kronolojisi<\/strong><\/li>\n\n\n\n<li>2022, R\u00fcya Psikolojisi, \u0130stanbul Ayd\u0131n \u00dcniversitesi, Seminer<\/li>\n\n\n\n<li><\/li>\n\n\n\n<li><strong>2023<\/strong><\/li>\n\n\n\n<li>R\u00fcyalar Bize Ne Anlat\u0131r?, Marmara \u00dcniversitesi, Seminer<\/li>\n\n\n\n<li>R\u00fcyalarda Sosyal Roller, Cerrahpa\u015fa T\u0131p Fak\u00fcltesi N\u00f6ropsikiyatri Kongresi, At\u00f6lye<\/li>\n\n\n\n<li>R\u00fcya ve Toplum Psikolojisi, Disiplinleraras\u0131 R\u00fcya Sempozyumu, Seminer<\/li>\n\n\n\n<li>\u0130nsan\u0131 Anlama \u00c7abas\u0131nda R\u00fcyalar\u0131n Rol\u00fc, Marmara \u00dcniversitesi Kariyer G\u00fcnleri, Seminer<\/li>\n\n\n\n<li>Arketipler ve R\u00fcyalar, Cerrahpa\u015fa T\u0131p Fak\u00fcltesi, Seminer<\/li>\n\n\n\n<li>Zihnin D\u0131\u015fa Vurum Sanat\u0131 Olarak R\u00fcyalar, \u0130st. Beykent \u00dcniversitesi 12.Psikoloji G\u00fcnleri, Seminer<\/li>\n\n\n\n<li>What Dream Tell Us Dream Palace Athens, Multidiciplinar Dream Symposium, Group Theraphy Workshop,Seminar<\/li>\n\n\n\n<li>R\u00fcyada Benli\u011fin Psikolojik \u00d6r\u00fcnt\u00fcleri, R\u00fcya Beni&#8217;ne Uyan\u0131\u015f Sergisi, S\u00f6yle\u015fi<\/li>\n<\/ul>\n\n\n\n<ul class=\"wp-block-list\">\n<li><strong>2024<\/strong><\/li>\n\n\n\n<li>Bilmedi\u011fim Bir Yerdeyim &#8211; R\u00fcyalarda Psikomekan Olgusu, TESAK, S\u00f6yle\u015fi<\/li>\n\n\n\n<li>R\u00fcya At\u00f6lyesi, Medkon Medipol \u00dcniversitesi T\u0131p Kongresi, At\u00f6lye<\/li>\n\n\n\n<li>Psikolojide R\u00fcya \u00c7al\u0131\u015fmalar\u0131, Okan \u00dcniversitesi, Seminer<\/li>\n\n\n\n<li>R\u00fcyalar Bize Ne Anlat\u0131r, TA\u0130DER Next Gen Nov Gen Zirvesi Kapadokya, Seminer<\/li>\n\n\n\n<li>Duygular\u0131n \u0130fade Arac\u0131 Olarak R\u00fcyalar, Cerrahpa\u015fa Psikiyatri Kongresi, At\u00f6lye<\/li>\n\n\n\n<li>R\u00fcyalarda Sald\u0131rganl\u0131k ve Zorbal\u0131k, \u0130stanbul \u00d6\u011fretmen Akademileri, At\u00f6lye<\/li>\n\n\n\n<li>Psikolojide R\u00fcya \u00c7al\u0131\u015fmalar\u0131, Cerrahpa\u015fa T\u0131p Fak\u00fcltesi, Seminer<\/li>\n<\/ul>\n\n\n\n<p><strong>Organize Edilen \u00c7al\u0131\u015fmalar<\/strong><br>&#8211; 2023 &#8211; 2025, Disiplinleraras\u0131 R\u00fcya Sempozyumu<\/p>\n\n\n\n<p>&#8211; 2025 &#8211; \u00c7ocuk R\u00fcyalar\u0131 Sempozyumu<\/p>\n\n\n\n<p><strong>Verilen E\u011fitim ve At\u00f6lyeler<\/strong><br>&#8211; Uzmanlar \u0130\u00e7in R\u00fcya Terapisi<br>&#8211; R\u00fcya Psikolojisi Dersleri<br>&#8211; Grup Terapileri<br>&#8211; Psikolojide R\u00fcyalar\u0131 A\u00e7\u0131klayan Kuramsal Yakla\u015f\u0131mlar<br>&#8211; R\u00fcyalar\u0131n Psikolojik Tarihi<br>&#8211; R\u00fcyan\u0131n Yap\u0131sal Analizi<br>&#8211; R\u00fcya T\u00fcrleri E\u011fitimleri<br>&#8211; L\u00fcsid R\u00fcyalar<br>&#8211; Binbir Gece R\u00fcyalar\u0131<br>&#8211; \u00c7ocuk R\u00fcyalar\u0131<br>&#8211; Kabuslar ve Tekrarlayan R\u00fcyalar\u0131n Psikolojisi<\/p>\n\n\n\n<p><\/p>\n","protected":false},"excerpt":{"rendered":"<p>R\u00fcya Enstit\u00fcs\u00fc, psikolojide r\u00fcya analizi ve terapisi \u00fczerine odaklanan, genele ve ruh sa\u011fl\u0131\u011f\u0131 uzmanlar\u0131na y\u00f6nelik e\u011fitimler sunan bir e\u011fitim platformudur. Enstit\u00fc, hem klasik psikanaliz kuramlar\u0131na hem de modern n\u00f6ropsikanalitik yakla\u015f\u0131mlara dayanan kapsaml\u0131 e\u011fitim programlar\u0131yla r\u00fcyalar\u0131n terap\u00f6tik s\u00fcre\u00e7lerde nas\u0131l kullan\u0131labilece\u011fini \u00f6\u011fretmeyi ama\u00e7lar. E\u011fitimler: Freud ve Jung gibi r\u00fcya analizinin \u00f6nc\u00fc kuramc\u0131lar\u0131n\u0131n yan\u0131 s\u0131ra, nesne ili\u015fkileri kuram\u0131,&hellip;&nbsp;<a href=\"https:\/\/ruyaenstitusu.com\/?page_id=119\" rel=\"bookmark\">Daha fazlas\u0131n\u0131 oku &raquo;<span class=\"screen-reader-text\">Hakk\u0131m\u0131zda<\/span><\/a><\/p>\n","protected":false},"author":1,"featured_media":0,"parent":0,"menu_order":0,"comment_status":"closed","ping_status":"closed","template":"","meta":{"neve_meta_sidebar":"","neve_meta_container":"","neve_meta_enable_content_width":"","neve_meta_content_width":0,"neve_meta_title_alignment":"","neve_meta_author_avatar":"","neve_post_elements_order":"","neve_meta_disable_header":"","neve_meta_disable_footer":"","neve_meta_disable_title":"","ngg_post_thumbnail":0,"footnotes":""},"class_list":["post-119","page","type-page","status-publish","hentry"],"yoast_head":"<!-- This site is optimized with the Yoast SEO plugin v24.7 - https:\/\/yoast.com\/wordpress\/plugins\/seo\/ -->\n<title>Hakk\u0131m\u0131zda - R\u00fcya Enstit\u00fcs\u00fc<\/title>\n<meta name=\"description\" content=\"Psikolojide R\u00fcya \u00c7al\u0131\u015fmalar\u0131. R\u00fcya Analizi, R\u00fcya Terapisi, R\u00fcya Psikolojisi, Kabuslar, Tekrarlayan R\u00fcyalar, L\u00fcsid R\u00fcyalar\" \/>\n<meta name=\"robots\" content=\"index, follow, max-snippet:-1, max-image-preview:large, max-video-preview:-1\" \/>\n<link rel=\"canonical\" href=\"https:\/\/ruyaenstitusu.com\/?page_id=119\" \/>\n<meta property=\"og:locale\" content=\"tr_TR\" \/>\n<meta property=\"og:locale:alternate\" content=\"en_US\" \/>\n<meta property=\"og:type\" content=\"article\" \/>\n<meta property=\"og:title\" content=\"Hakk\u0131m\u0131zda\" \/>\n<meta property=\"og:description\" content=\"Psikolojide R\u00fcya \u00c7al\u0131\u015fmalar\u0131. R\u00fcya Analizi, R\u00fcya Terapisi, R\u00fcya Psikolojisi, Kabuslar, Tekrarlayan R\u00fcyalar, L\u00fcsid R\u00fcyalar\" \/>\n<meta property=\"og:url\" content=\"https:\/\/ruyaenstitusu.com\/?page_id=119\" \/>\n<meta property=\"og:site_name\" content=\"R\u00fcya Enstit\u00fcs\u00fc\" \/>\n<meta property=\"article:modified_time\" content=\"2025-10-14T13:53:16+00:00\" \/>\n<meta name=\"twitter:card\" content=\"summary_large_image\" \/>\n<meta name=\"twitter:label1\" content=\"Tahmini okuma s\u00fcresi\" \/>\n\t<meta name=\"twitter:data1\" content=\"3 dakika\" \/>\n<script type=\"application\/ld+json\" class=\"yoast-schema-graph\">{\"@context\":\"https:\/\/schema.org\",\"@graph\":[{\"@type\":[\"WebPage\",\"AboutPage\"],\"@id\":\"https:\/\/ruyaenstitusu.com\/?page_id=119\",\"url\":\"https:\/\/ruyaenstitusu.com\/?page_id=119\",\"name\":\"Hakk\u0131m\u0131zda\",\"isPartOf\":{\"@id\":\"https:\/\/ruyaenstitusu.com\/#website\"},\"datePublished\":\"2024-04-07T10:27:16+00:00\",\"dateModified\":\"2025-10-14T13:53:16+00:00\",\"description\":\"Psikolojide R\u00fcya \u00c7al\u0131\u015fmalar\u0131. R\u00fcya Analizi, R\u00fcya Terapisi, R\u00fcya Psikolojisi, Kabuslar, Tekrarlayan R\u00fcyalar, L\u00fcsid R\u00fcyalar\",\"breadcrumb\":{\"@id\":\"https:\/\/ruyaenstitusu.com\/?page_id=119#breadcrumb\"},\"inLanguage\":\"tr-TR\",\"potentialAction\":[{\"@type\":\"ReadAction\",\"target\":[\"https:\/\/ruyaenstitusu.com\/?page_id=119\"]}]},{\"@type\":\"BreadcrumbList\",\"@id\":\"https:\/\/ruyaenstitusu.com\/?page_id=119#breadcrumb\",\"itemListElement\":[{\"@type\":\"ListItem\",\"position\":1,\"name\":\"Anasayfa\",\"item\":\"https:\/\/ruyaenstitusu.com\/\"},{\"@type\":\"ListItem\",\"position\":2,\"name\":\"Hakk\u0131m\u0131zda\"}]},{\"@type\":\"WebSite\",\"@id\":\"https:\/\/ruyaenstitusu.com\/#website\",\"url\":\"https:\/\/ruyaenstitusu.com\/\",\"name\":\"R\u00fcya Enstit\u00fcs\u00fc\",\"description\":\"Psikolojide R\u00fcya \u00c7al\u0131\u015fmalar\u0131\u0131\",\"publisher\":{\"@id\":\"https:\/\/ruyaenstitusu.com\/#organization\"},\"potentialAction\":[{\"@type\":\"SearchAction\",\"target\":{\"@type\":\"EntryPoint\",\"urlTemplate\":\"https:\/\/ruyaenstitusu.com\/?s={search_term_string}\"},\"query-input\":{\"@type\":\"PropertyValueSpecification\",\"valueRequired\":true,\"valueName\":\"search_term_string\"}}],\"inLanguage\":\"tr-TR\"},{\"@type\":\"Organization\",\"@id\":\"https:\/\/ruyaenstitusu.com\/#organization\",\"name\":\"R\u00fcya Enstit\u00fcs\u00fc\",\"url\":\"https:\/\/ruyaenstitusu.com\/\",\"logo\":{\"@type\":\"ImageObject\",\"inLanguage\":\"tr-TR\",\"@id\":\"https:\/\/ruyaenstitusu.com\/#\/schema\/logo\/image\/\",\"url\":\"https:\/\/ruyaenstitusu.com\/wp-content\/uploads\/2024\/03\/cropped-Logo.png\",\"contentUrl\":\"https:\/\/ruyaenstitusu.com\/wp-content\/uploads\/2024\/03\/cropped-Logo.png\",\"width\":1080,\"height\":719,\"caption\":\"R\u00fcya Enstit\u00fcs\u00fc\"},\"image\":{\"@id\":\"https:\/\/ruyaenstitusu.com\/#\/schema\/logo\/image\/\"},\"sameAs\":[\"https:\/\/www.instagram.com\/ruyaenstitusu\/\"]}]}<\/script>\n<!-- \/ Yoast SEO plugin. -->","yoast_head_json":{"title":"Hakk\u0131m\u0131zda - R\u00fcya Enstit\u00fcs\u00fc","description":"Psikolojide R\u00fcya \u00c7al\u0131\u015fmalar\u0131. R\u00fcya Analizi, R\u00fcya Terapisi, R\u00fcya Psikolojisi, Kabuslar, Tekrarlayan R\u00fcyalar, L\u00fcsid R\u00fcyalar","robots":{"index":"index","follow":"follow","max-snippet":"max-snippet:-1","max-image-preview":"max-image-preview:large","max-video-preview":"max-video-preview:-1"},"canonical":"https:\/\/ruyaenstitusu.com\/?page_id=119","og_locale":"tr_TR","og_type":"article","og_title":"[:tr]Hakk\u0131m\u0131zda[:] - R\u00fcya Enstit\u00fcs\u00fc","og_description":"[:tr]Psikolojide R\u00fcya \u00c7al\u0131\u015fmalar\u0131. R\u00fcya Analizi, R\u00fcya Terapisi, R\u00fcya Psikolojisi, Kabuslar, Tekrarlayan R\u00fcyalar, L\u00fcsid R\u00fcyalar[:]","og_url":"https:\/\/ruyaenstitusu.com\/?page_id=119","og_site_name":"R\u00fcya Enstit\u00fcs\u00fc","article_modified_time":"2025-10-14T13:53:16+00:00","twitter_card":"summary_large_image","twitter_misc":{"Tahmini okuma s\u00fcresi":"3 dakika"},"schema":{"@context":"https:\/\/schema.org","@graph":[{"@type":["WebPage","AboutPage"],"@id":"https:\/\/ruyaenstitusu.com\/?page_id=119","url":"https:\/\/ruyaenstitusu.com\/?page_id=119","name":"Hakk\u0131m\u0131zda","isPartOf":{"@id":"https:\/\/ruyaenstitusu.com\/#website"},"datePublished":"2024-04-07T10:27:16+00:00","dateModified":"2025-10-14T13:53:16+00:00","description":"Psikolojide R\u00fcya \u00c7al\u0131\u015fmalar\u0131. R\u00fcya Analizi, R\u00fcya Terapisi, R\u00fcya Psikolojisi, Kabuslar, Tekrarlayan R\u00fcyalar, L\u00fcsid R\u00fcyalar","breadcrumb":{"@id":"https:\/\/ruyaenstitusu.com\/?page_id=119#breadcrumb"},"inLanguage":"tr-TR","potentialAction":[{"@type":"ReadAction","target":["https:\/\/ruyaenstitusu.com\/?page_id=119"]}]},{"@type":"BreadcrumbList","@id":"https:\/\/ruyaenstitusu.com\/?page_id=119#breadcrumb","itemListElement":[{"@type":"ListItem","position":1,"name":"Anasayfa","item":"https:\/\/ruyaenstitusu.com\/"},{"@type":"ListItem","position":2,"name":"Hakk\u0131m\u0131zda"}]},{"@type":"WebSite","@id":"https:\/\/ruyaenstitusu.com\/#website","url":"https:\/\/ruyaenstitusu.com\/","name":"R\u00fcya Enstit\u00fcs\u00fc","description":"Psikolojide R\u00fcya \u00c7al\u0131\u015fmalar\u0131\u0131","publisher":{"@id":"https:\/\/ruyaenstitusu.com\/#organization"},"potentialAction":[{"@type":"SearchAction","target":{"@type":"EntryPoint","urlTemplate":"https:\/\/ruyaenstitusu.com\/?s={search_term_string}"},"query-input":{"@type":"PropertyValueSpecification","valueRequired":true,"valueName":"search_term_string"}}],"inLanguage":"tr-TR"},{"@type":"Organization","@id":"https:\/\/ruyaenstitusu.com\/#organization","name":"R\u00fcya Enstit\u00fcs\u00fc","url":"https:\/\/ruyaenstitusu.com\/","logo":{"@type":"ImageObject","inLanguage":"tr-TR","@id":"https:\/\/ruyaenstitusu.com\/#\/schema\/logo\/image\/","url":"https:\/\/ruyaenstitusu.com\/wp-content\/uploads\/2024\/03\/cropped-Logo.png","contentUrl":"https:\/\/ruyaenstitusu.com\/wp-content\/uploads\/2024\/03\/cropped-Logo.png","width":1080,"height":719,"caption":"R\u00fcya Enstit\u00fcs\u00fc"},"image":{"@id":"https:\/\/ruyaenstitusu.com\/#\/schema\/logo\/image\/"},"sameAs":["https:\/\/www.instagram.com\/ruyaenstitusu\/"]}]}},"_links":{"self":[{"href":"https:\/\/ruyaenstitusu.com\/index.php?rest_route=\/wp\/v2\/pages\/119","targetHints":{"allow":["GET"]}}],"collection":[{"href":"https:\/\/ruyaenstitusu.com\/index.php?rest_route=\/wp\/v2\/pages"}],"about":[{"href":"https:\/\/ruyaenstitusu.com\/index.php?rest_route=\/wp\/v2\/types\/page"}],"author":[{"embeddable":true,"href":"https:\/\/ruyaenstitusu.com\/index.php?rest_route=\/wp\/v2\/users\/1"}],"replies":[{"embeddable":true,"href":"https:\/\/ruyaenstitusu.com\/index.php?rest_route=%2Fwp%2Fv2%2Fcomments&post=119"}],"version-history":[{"count":21,"href":"https:\/\/ruyaenstitusu.com\/index.php?rest_route=\/wp\/v2\/pages\/119\/revisions"}],"predecessor-version":[{"id":2155,"href":"https:\/\/ruyaenstitusu.com\/index.php?rest_route=\/wp\/v2\/pages\/119\/revisions\/2155"}],"wp:attachment":[{"href":"https:\/\/ruyaenstitusu.com\/index.php?rest_route=%2Fwp%2Fv2%2Fmedia&parent=119"}],"curies":[{"name":"wp","href":"https:\/\/api.w.org\/{rel}","templated":true}]}}